{"id":284,"date":"2019-02-03T20:18:19","date_gmt":"2019-02-03T20:18:19","guid":{"rendered":"http:\/\/vps643326.ovh.net\/?page_id=284"},"modified":"2019-02-03T20:18:19","modified_gmt":"2019-02-03T20:18:19","slug":"garantie","status":"publish","type":"page","link":"https:\/\/ecophone.benito.website\/index.php\/pages\/garantie\/","title":{"rendered":"Garantie"},"content":{"rendered":"<p>[vc_row][vc_column][vc_empty_space][vc_column_text css=&#8221;.vc_custom_1552140287651{margin-bottom: 100px !important;}&#8221;]<\/p>\n<h3 style=\"text-align: center;\">La garantie de votre iPhone.*<\/h3>\n<p style=\"text-align: center;\">\u00c0 partir du 11 f\u00e9vrier 2017, toutes les nouvelles commandes sont assorties d&#8217;une garantie compl\u00e8te de 12 mois sur les pi\u00e8ces et la main-d&#8217;\u0153uvre, \u00e0 compter de la date d&#8217;achat.<\/p>\n<p>[\/vc_column_text][\/vc_column][\/vc_row][vc_row][vc_column][vc_column_text]Si un probl\u00e8me survient dans les 12 mois avec votre nouveau t\u00e9l\u00e9phone, vous b\u00e9n\u00e9ficiez d&#8217;un service apr\u00e8s-vente. Nous sommes \u00e0 votre \u00e9coute, n&#8217;h\u00e9sitez donc pas \u00e0 nous contacter par mail ou t\u00e9l\u00e9phone.<\/p>\n<h4>Qu&#8217;est-ce qui est couvert?<\/h4>\n<p>Si votre achat ne fonctionne pas dans des conditions normales d&#8217;utilisation et d&#8217;entretien et ceci en raison de d\u00e9fauts de pi\u00e8ces ou de fabrication, notre garantie couvrira le co\u00fbt des pi\u00e8ces et de la main-d&#8217;\u0153uvre n\u00e9cessaires pour r\u00e9parer ou remplacer votre retour sous garantie. Les remplacements seront effectu\u00e9s conform\u00e9ment aux sp\u00e9cifications et \u00e0 l&#8217;aspect esth\u00e9tique du t\u00e9l\u00e9phone renvoy\u00e9.<\/p>\n<p>En cas d&#8217;un remplacement avec un t\u00e9l\u00e9phone d&#8217;un autre mod\u00e8le, d&#8217;une autre couleur, d&#8217;une autre m\u00e9moire ou d&#8217;un autre r\u00e9seau, il est important que les deux parties en conviennent.<\/p>\n<p>Notre objectif est de r\u00e9parer ou de remplacer tous les retours sous garantie dans un d\u00e9lai raisonnable, mais les d\u00e9lais de livraison varieront en fonction de la disponibilit\u00e9 des stocks et \/ ou des pi\u00e8ces de rechange.<\/p>\n<h4>Qu&#8217;est-ce qui n&#8217;est pas couvert?<\/h4>\n<p>La garantie n&#8217;est pas une police d\u2019assurance et nous consid\u00e9rerons que tout d\u00e9g\u00e2t du \u00e0 une mauvaise utilisation (accidentels, d\u00e9lib\u00e9r\u00e9s ou d\u00e9g\u00e2ts des eaux) annule la garantie. Si vous nous renvoyez l&#8217;objet et que nous nous rendons compte qu&#8217;il s&#8217;agit d&#8217;un d\u00e9g\u00e2t du \u00e0 une mauvaise utilisation, nous vous contacterons.<\/p>\n<p>Nous ne couvrons pas les d\u00e9fauts et \/ ou les dommages r\u00e9sultant de:<\/p>\n<ul>\n<li>Usure normale du mat\u00e9riel ou due au vieillissement normal du mat\u00e9riel, y compris la d\u00e9t\u00e9rioration de la batterie.<\/li>\n<li>Tout d\u00e9montage, r\u00e9paration, alt\u00e9ration ou modification effectu\u00e9e par toute personne autre que notre partenaire.<\/li>\n<li>Mauvaise utilisation, abus, n\u00e9gligence ou accident quelle qu&#8217;en soit la cause.<\/li>\n<li>Test, op\u00e9ration, maintenance, installation, alt\u00e9ration ou modification du produit.<\/li>\n<li>Cette garantie ne sera pas disponible: a) si le num\u00e9ro de s\u00e9rie ou le sceau de garantie sur le produit est illisible, a \u00e9t\u00e9 alt\u00e9r\u00e9 ou enlev\u00e9; ou b) sans preuve d&#8217;achat.<\/li>\n<li>Nous ne couvrons aucun t\u00e9l\u00e9phone pour les d\u00e9g\u00e2ts d&#8217;eau; cela inclut les t\u00e9l\u00e9phones jug\u00e9s \u00e9tanches \/ r\u00e9sistants \u00e0 l&#8217;eau lorsqu&#8217;ils sont neufs. Cela est d\u00fb au fait que les joints en caoutchouc \/ l\u2019imperm\u00e9abilisation se d\u00e9gradent avec le temps. Par cons\u00e9quent, nous ne pouvons pas garantir que les joints d\u2019un t\u00e9l\u00e9phone d\u2019occasion seront toujours intact.<\/li>\n<\/ul>\n<p>Nous ne couvrons pas les dommages indirects ou accessoires, y compris, mais sans s&#8217;y limiter, la perte d&#8217;utilisation, la perte d&#8217;activit\u00e9 d&#8217;entreprise, la perte de profits, la perte de donn\u00e9es, tous les frais li\u00e9s aux contrats tiers, le temps perdu et les efforts effectu\u00e9s.<\/p>\n<p>Toute tentative de r\u00e9paration du t\u00e9l\u00e9phone par un tiers invalidera la p\u00e9riode de retour ou la garantie en vigueur. C&#8217;est pourquoi nous vous conseillons vivement de signaler tout probl\u00e8me potentiel en premier lieu et nous pourrons vous conseiller davantage.<\/p>\n<h4>Que devez vous faire ?<\/h4>\n<p>Tous les d\u00e9fauts doivent nous \u00eatre signal\u00e9s lors de la d\u00e9couverte initiale du d\u00e9faut, car le fait de continuer de faire fonctionner un appareil avec un d\u00e9faut pourrait rendre le t\u00e9l\u00e9phone irr\u00e9parable. Dans ce cas, vous serez tenu financi\u00e8rement responsable et tous les co\u00fbts associ\u00e9s au retour deviendront les v\u00f4tres. Dans ce cas, nous ne confirmerons pas une r\u00e9paration ou un remplacement sous garantie.<\/p>\n<p>Les t\u00e9l\u00e9phones doivent nous \u00eatre retourn\u00e9s sans aucune proc\u00e9dure de s\u00e9curit\u00e9 (par exemple : mots de passe, codes d&#8217;acc\u00e8s). Ce qui emp\u00eacherait nos ing\u00e9nieurs d&#8217;effectuer une \u00e9valuation compl\u00e8te et une r\u00e9initialisation d&#8217;usine. Les t\u00e9l\u00e9phones qui nous sont retourn\u00e9s avec une proc\u00e9dure de s\u00e9curit\u00e9 en place seront sujets \u00e0 des retards importants.<\/p>\n<p>Si la suppression de la s\u00e9curit\u00e9 n&#8217;est pas possible sur l&#8217;appareil, nous demandons alors que ces informations figurent sur le formulaire de retour, afin de traiter int\u00e9gralement la d\u00e9claration et d&#8217;effectuer une suppression \u00e0 distance ou lorsque nous le recevons.<\/p>\n<p>Nous exigeons \u00e9galement que les articles suivants soient retir\u00e9 de l&#8217;appareil avant son retour car ils seront jet\u00e9 \u00e0 la r\u00e9ception:<\/p>\n<ul>\n<li>Cartes sim<\/li>\n<li>Cartes m\u00e9moire<\/li>\n<li>Autres accessoires<\/li>\n<\/ul>\n<p>Nous ne fournissons en aucun cas une quelconque garantie pour la perte de donn\u00e9es et tous les t\u00e9l\u00e9phones retourn\u00e9s seront r\u00e9initialis\u00e9s aux param\u00e8tres d&#8217;usine et effac\u00e9s. Nous vous conseillons de faire une sauvegarde des donn\u00e9es du t\u00e9l\u00e9phone \u00e0 intervalles r\u00e9guliers.<\/p>\n<p>L&#8217;appareil doit nous \u00eatre retourn\u00e9 au plus tard \u00e0 la date d&#8217;expiration de la p\u00e9riode de garantie. En dehors de cette p\u00e9riode, il sera consid\u00e9r\u00e9 comme \u00e9tant hors garantie et celui-ci vous sera renvoy\u00e9 sous r\u00e9serve des frais correspondants.<\/p>\n<p>Veuillez vous assurer que le t\u00e9l\u00e9phone est emball\u00e9 en toute s\u00e9curit\u00e9 et conform\u00e9ment aux consignes jointe au t\u00e9l\u00e9phone avant de nous l&#8217;envoyer. Veuillez conserver votre preuve d&#8217;envoi et le num\u00e9ro de suivi.<\/p>\n<p>Vous \u00eates responsable du combin\u00e9 jusqu&#8217;\u00e0 ce que nous acceptions la livraison.<\/p>\n<p>Pour l&#8217;adresse de retour ou toutes autres questions concernant la garantie vous pouvez nous contacter \u00e0 l&#8217;e-mail suivant : contact@ecophone.fr<\/p>\n<p>Vous \u00eates responsable des frais d&#8217;envoi vers et depuis notre si\u00e8ge social. Nos frais de retour pour les retours de garantie \u00e9ligibles sont de 11,35\u20ac et peuvent varier. Ils peuvent \u00eatre pay\u00e9s avec une carte de cr\u00e9dit ou de d\u00e9bit ou directement sur notre compte PayPal.<\/p>\n<p>Chaque t\u00e9l\u00e9phone est achet\u00e9 aupr\u00e8s de grossistes enregistr\u00e9s aux Royaume-Uni et est soumis \u00e0 de nombreuses phases de tests rigoureuses conforment aux normes de l&#8217;industrie pour offrir \u00e0 nos clients une tranquillit\u00e9 d&#8217;esprit totale. Apr\u00e8s une p\u00e9riode de 28 jours, il est g\u00e9n\u00e9ralement pr\u00e9sum\u00e9 qu&#8217;il y a eu une p\u00e9riode d&#8217;activit\u00e9 du r\u00e9seau en votre nom ce qui transf\u00e8re la propri\u00e9t\u00e9 du t\u00e9l\u00e9phone et les dettes associ\u00e9es. Un rapport Checkmend peut \u00eatre fourni sur demande jusqu&#8217;\u00e0 28 jours apr\u00e8s l&#8217;achat, moyennant des frais d&#8217;administration de 3,37\u20ac et peuvent varier.<\/p>\n<h4>Aucun d\u00e9faut d\u00e9couvert<\/h4>\n<p>Chaque appareil est soumis \u00e0 des phases de tests rigoureux qui d\u00e9passent les standards de l&#8217;industrie avant d&#8217;\u00eatre mis en vente, puis de nouveau avant d&#8217;\u00eatre exp\u00e9di\u00e9es afin d&#8217;offrir \u00e0 nos clients une tranquillit\u00e9 d&#8217;esprit totale. Nous nous assurons que chaque retour de garantie est soumis au m\u00eame processus de test pour assurer la coh\u00e9rence.<\/p>\n<p>Si nous estimons qu&#8217;un t\u00e9l\u00e9phone retourn\u00e9 sous garantie fonctionne pleinement, ce t\u00e9l\u00e9phone vous sera retourn\u00e9 \u00e0 condition que le paiement des frais correspondants soit effectu\u00e9 dans les d\u00e9lais impartis. Les frais de traitement de retour s&#8217;\u00e9l\u00e8vent \u00e0 10,21\u20ac pouvant varier\u00a0et les frais d&#8217;affranchissement de retour \u00e0 11,36\u20ac pouvant varier.<\/p>\n<h4>Frais<\/h4>\n<p>Notre garantie couvre le co\u00fbt des pi\u00e8ces et de la main-d&#8217;\u0153uvre n\u00e9cessaires pour r\u00e9parer ou remplacer les retours de garantie \u00e9ligibles par un mod\u00e8le similaire ou une alternative agr\u00e9\u00e9e. Cependant, vous \u00eates responsable des frais suivants:<\/p>\n<ul>\n<li>Nos frais de retour pour vous via un service enti\u00e8rement suivi &#8211; 11,36\u20ac pouvant varier.<\/li>\n<li>Vos frais de port pour nous pouvant varier.<\/li>\n<li>Les retours sans d\u00e9fauts et les retours sous garantie non \u00e9ligibles seront \u00e9galement soumis \u00e0 des frais de traitement des retours de 10,23\u20ac pouvant varier.<\/li>\n<\/ul>\n<p>Un rapport Checkmend peut \u00eatre fourni par nous-m\u00eames dans les 28 premiers jours pour 3,37\u20ac (pouvant varier), apr\u00e8s 28 jours, il peut \u00eatre fourni pour 5,65\u20ac (pouvant varier). Si vous souhaitez acheter votre rapport directement avec Checkmend, veuillez cliquer sur le lien suivant &#8211; <a href=\"https:\/\/www.checkmend.com\/\">https:\/\/www.checkmend.com\/<\/a><\/p>\n<p>Ces frais peuvent \u00eatre pay\u00e9s par t\u00e9l\u00e9phone avec une carte de cr\u00e9dit ou de d\u00e9bit (clients britanniques uniquement) ou directement sur notre compte PayPal.<\/p>\n<h4>Retours non r\u00e9clam\u00e9s<\/h4>\n<p>Si nous ne sommes pas en mesure de vous contacter pour plus d&#8217;informations pour les retours, afin d&#8217;obtenir les frais de retour correspondants, nous retiendrons votre retour pour une p\u00e9riode de 30 jours. Si cette p\u00e9riode est \u00e9coul\u00e9e, l&#8217;article retourn\u00e9 sera \u00e9limin\u00e9 et toute politique de retour ou de garantie annul\u00e9e.<\/p>\n<h4>Changements \u00e0 cet accord<\/h4>\n<p>De temps en temps, nous devrons \u00e9galement apporter des modifications \u00e0 cette politique. Nous vous donnerons un pr\u00e9avis raisonnable de tout changement \u00e0 cette politique. Ces changements n&#8217;affecteront pas les achats pass\u00e9s.<\/p>\n<h4>Autre<\/h4>\n<ul>\n<li>Nous nous r\u00e9servons le droit de prendre les mesures que nous jugerons appropri\u00e9es au cas o\u00f9 vous enfreindriez cette politique. Si nous n&#8217;exer\u00e7ons pas un droit qui nous est disponible en vertu de cette politique, cela ne constitue pas une renonciation \u00e0 nos droits.<\/li>\n<li>Si un terme de cette politique est jug\u00e9 invalide, nul ou inapplicable par un tribunal ou un organisme de r\u00e9glementation, ce terme sera dissociable et n&#8217;affectera pas la validit\u00e9 et le caract\u00e8re ex\u00e9cutoire des termes restants de cette politique.<\/li>\n<li>Vous ne pouvez pas c\u00e9der ou transf\u00e9rer la pr\u00e9sente politique ni aucun droit ou obligation en vertu de celle-ci sans notre consentement \u00e9crit pr\u00e9alable. Nous pouvons c\u00e9der ou transf\u00e9rer la pr\u00e9sente politique, ou tout droit ou obligation en vertu de celle-ci, moyennant un pr\u00e9avis raisonnable.<\/li>\n<li>Tous les produits, pi\u00e8ces, cartes ou \u00e9quipements d\u00e9fectueux remplac\u00e9s deviendront la propri\u00e9t\u00e9 de notre partenaire.<\/li>\n<li>La p\u00e9riode de garantie commence \u00e0 compter de la date d&#8217;achat une fois qu&#8217;elle a \u00e9t\u00e9 approuv\u00e9e et s&#8217;ex\u00e9cute sans d\u00e9lai \u00e0 partir de cette p\u00e9riode. En aucun cas, une garantie ne peut \u00eatre retard\u00e9e, \u00e9tendue ou renouvel\u00e9e.<\/li>\n<li>La p\u00e9riode de garantie ne red\u00e9marre pas en cas de r\u00e9paration ou de remplacement de la garantie.<\/li>\n<\/ul>\n<h4>Les exclusions<\/h4>\n<p>Les t\u00e9l\u00e9phones vendus comme d\u00e9fectueux ne b\u00e9n\u00e9ficient pas de la garantie.<\/p>\n<p>Les t\u00e9l\u00e9phones vendus avec un d\u00e9faut d\u2019\u00e9cran de teinte rose b\u00e9n\u00e9ficient de la garantie, mais l\u2019\u00e9cran LCD et le num\u00e9riseur sont exclus.<\/p>\n<p>&nbsp;<\/p>\n<p>*Ce pr\u00e9sent texte n&#8217;est pas valable pour l&#8217;iPhone Xs et Xs Max qui poss\u00e8dent, tout deux, <a href=\"https:\/\/www.apple.com\/fr\/legal\/warranty\/\">une garantie constructeur de maximum 1 an<\/a>.[\/vc_column_text][\/vc_column][\/vc_row]<\/p>\n","protected":false},"excerpt":{"rendered":"<p>[vc_row][vc_column][vc_empty_space][vc_column_text css=&#8221;.vc_custom_1552140287651{margin-bottom: 100px !important;}&#8221;] La garantie de votre iPhone.* \u00c0 partir du 11 f\u00e9vrier 2017, toutes les nouvelles commandes sont\u2026<\/p>\n","protected":false},"author":2,"featured_media":0,"parent":150,"menu_order":0,"comment_status":"closed","ping_status":"closed","template":"","meta":{"spay_email":"","footnotes":""},"class_list":["post-284","page","type-page","status-publish","hentry"],"_links":{"self":[{"href":"https:\/\/ecophone.benito.website\/index.php\/wp-json\/wp\/v2\/pages\/284","targetHints":{"allow":["GET"]}}],"collection":[{"href":"https:\/\/ecophone.benito.website\/index.php\/wp-json\/wp\/v2\/pages"}],"about":[{"href":"https:\/\/ecophone.benito.website\/index.php\/wp-json\/wp\/v2\/types\/page"}],"author":[{"embeddable":true,"href":"https:\/\/ecophone.benito.website\/index.php\/wp-json\/wp\/v2\/users\/2"}],"replies":[{"embeddable":true,"href":"https:\/\/ecophone.benito.website\/index.php\/wp-json\/wp\/v2\/comments?post=284"}],"version-history":[{"count":0,"href":"https:\/\/ecophone.benito.website\/index.php\/wp-json\/wp\/v2\/pages\/284\/revisions"}],"up":[{"embeddable":true,"href":"https:\/\/ecophone.benito.website\/index.php\/wp-json\/wp\/v2\/pages\/150"}],"wp:attachment":[{"href":"https:\/\/ecophone.benito.website\/index.php\/wp-json\/wp\/v2\/media?parent=284"}],"curies":[{"name":"wp","href":"https:\/\/api.w.org\/{rel}","templated":true}]}}