{"id":296,"date":"2019-02-04T18:12:25","date_gmt":"2019-02-04T18:12:25","guid":{"rendered":"http:\/\/vps643326.ovh.net\/?page_id=296"},"modified":"2021-11-16T17:55:02","modified_gmt":"2021-11-16T17:55:02","slug":"processus","status":"publish","type":"page","link":"https:\/\/ecophone.benito.website\/index.php\/pages\/processus\/","title":{"rendered":"Processus de reconditionnement"},"content":{"rendered":"<p>[vc_row][vc_column][vc_empty_space][vc_column_text css=&#8221;.vc_custom_1549300803425{margin-bottom: 100px !important;}&#8221;]<\/p>\n<h3 style=\"text-align: center;\">Processus de reconditionnement.<\/h3>\n<p style=\"text-align: center;\">Nos iPhone sont reconditionn\u00e9s et b\u00e9n\u00e9ficient d&#8217;une garantie d&#8217;un an.<\/p>\n<p>[\/vc_column_text][\/vc_column][\/vc_row][vc_row full_width=&#8221;stretch_row_content_no_spaces&#8221; css_animation=&#8221;none&#8221; css=&#8221;.vc_custom_1549301889150{margin-bottom: 45px !important;}&#8221;][vc_column width=&#8221;1\/2&#8243; css=&#8221;.vc_custom_1520598988803{padding-right: 20px !important;padding-left: 40px !important;}&#8221;][vc_column_text]<\/p>\n<h4 style=\"text-align: right;\">Contr\u00f4le de qualit\u00e9.<\/h4>\n<p style=\"text-align: right;\">Chez nous, nous accordons une grande importance au contr\u00f4le de qualit\u00e9 des appareils. C&#8217;est pourquoi tous nos t\u00e9l\u00e9phones sont trait\u00e9s dans le cadre d&#8217;un processus de contr\u00f4le de qualit\u00e9 rigoureux, qui garantit que le t\u00e9l\u00e9phone que vous recevez est en parfait \u00e9tat de fonctionnement. En outre, tous nos appareils sont enti\u00e8rement remis \u00e0 z\u00e9ro. Ils sont r\u00e9initialis\u00e9 aux param\u00e8tres d&#8217;usine et nettoy\u00e9 chirurgicalement avec un produit de nettoyage con\u00e7u pour les produits \u00e9lectroniques. Nous \u00e9valuons ensuite individuellement l&#8217;\u00e9tat esth\u00e9tique de chaque t\u00e9l\u00e9phones afin de donner \u00e0 nos clients une id\u00e9e pr\u00e9cise de son apparence.<\/p>\n<p style=\"text-align: right;\">En ce qui concerne l\u2019\u00e9tat esth\u00e9tique du t\u00e9l\u00e9phone, nous appliquons nos connaissances du secteur mobile et des innombrables recherches qui ont \u00e9t\u00e9 faites \u00e0 ce sujet afin de d\u00e9terminer \u00e0 ce que vous devriez vous attendre du t\u00e9l\u00e9phone.<\/p>\n<p>[\/vc_column_text][\/vc_column][vc_column width=&#8221;1\/2&#8243; css=&#8221;.vc_custom_1520598974875{padding-right: 40px !important;padding-left: 20px !important;}&#8221;][vc_single_image image=&#8221;2922&#8243; img_size=&#8221;full&#8221; add_caption=&#8221;yes&#8221; alignment=&#8221;right&#8221; style=&#8221;vc_box_rounded&#8221;][\/vc_column][\/vc_row][vc_row full_width=&#8221;stretch_row_content_no_spaces&#8221; css_animation=&#8221;none&#8221; css=&#8221;.vc_custom_1549301897321{margin-bottom: 45px !important;}&#8221;][vc_column width=&#8221;1\/2&#8243; css=&#8221;.vc_custom_1520598988803{padding-right: 20px !important;padding-left: 40px !important;}&#8221;][vc_single_image image=&#8221;2924&#8243; img_size=&#8221;full&#8221; add_caption=&#8221;yes&#8221; alignment=&#8221;right&#8221; style=&#8221;vc_box_rounded&#8221;][\/vc_column][vc_column width=&#8221;1\/2&#8243; css=&#8221;.vc_custom_1520598974875{padding-right: 40px !important;padding-left: 20px !important;}&#8221;][vc_column_text]<\/p>\n<h4>Parfait.<\/h4>\n<p>Ces t\u00e9l\u00e9phones ont \u00e9t\u00e9 enti\u00e8rement remis \u00e0 neuf par Apple et sont en excellent \u00e9tat de fonctionnement. Ils seront en parfait \u00e9tat cosm\u00e9tique et seront neufs! Ils ont \u00e9t\u00e9 enti\u00e8rement inspect\u00e9s, nettoy\u00e9s chirurgicalement et rigoureusement test\u00e9s dans le cadre de notre programme de contr\u00f4le de la qualit\u00e9 pour garantir leur excellent \u00e9tat de fonctionnement. Pour votre tranquillit\u00e9 d&#8217;esprit, ils b\u00e9n\u00e9ficient de notre garantie compl\u00e8te de 12 mois. Si vous recherchez un t\u00e9l\u00e9phone qui ressemble \u00e0 un neuf sans le prix d&#8217;un nouveau, ce t\u00e9l\u00e9phone est parfait pour vous![\/vc_column_text][\/vc_column][\/vc_row][vc_row full_width=&#8221;stretch_row_content_no_spaces&#8221; css_animation=&#8221;none&#8221; css=&#8221;.vc_custom_1549301889150{margin-bottom: 45px !important;}&#8221;][vc_column width=&#8221;1\/2&#8243; css=&#8221;.vc_custom_1520598988803{padding-right: 20px !important;padding-left: 40px !important;}&#8221;][vc_column_text]<\/p>\n<h4 style=\"text-align: right;\">Comme neuf.<\/h4>\n<p style=\"text-align: right;\">Ces iPhone ont \u00e9t\u00e9 remis \u00e0 neuf par notre \u00e9quipe qualifi\u00e9e et sont en parfait \u00e9tat de fonctionnement. Ils seront en tr\u00e8s bon \u00e9tat esth\u00e9tique et comme neuf. Ils ont \u00e9t\u00e9 enti\u00e8rement inspect\u00e9s, nettoy\u00e9s chirurgicalement et rigoureusement test\u00e9s dans le cadre de notre programme de contr\u00f4le de la qualit\u00e9 pour garantir leur excellent \u00e9tat de fonctionnement. Pour votre tranquillit\u00e9 d&#8217;esprit, ils b\u00e9n\u00e9ficient de notre garantie compl\u00e8te de 12 mois. Si vous recherchez un t\u00e9l\u00e9phone comme neuf mais sans le prix du neuf, cet appareil est fait pour vous!<\/p>\n<p>[\/vc_column_text][\/vc_column][vc_column width=&#8221;1\/2&#8243; css=&#8221;.vc_custom_1520598974875{padding-right: 40px !important;padding-left: 20px !important;}&#8221;][vc_single_image image=&#8221;2923&#8243; img_size=&#8221;full&#8221; add_caption=&#8221;yes&#8221; alignment=&#8221;right&#8221; style=&#8221;vc_box_rounded&#8221;][\/vc_column][\/vc_row][vc_row full_width=&#8221;stretch_row_content_no_spaces&#8221; css_animation=&#8221;none&#8221; css=&#8221;.vc_custom_1549301897321{margin-bottom: 45px !important;}&#8221;][vc_column width=&#8221;1\/2&#8243; css=&#8221;.vc_custom_1520598988803{padding-right: 20px !important;padding-left: 40px !important;}&#8221;][vc_single_image image=&#8221;2926&#8243; img_size=&#8221;full&#8221; add_caption=&#8221;yes&#8221; alignment=&#8221;right&#8221; style=&#8221;vc_box_rounded&#8221;][\/vc_column][vc_column width=&#8221;1\/2&#8243; css=&#8221;.vc_custom_1520598974875{padding-right: 40px !important;padding-left: 20px !important;}&#8221;][vc_column_text]<\/p>\n<h4>Bon \u00e9tat.<\/h4>\n<p>Ces t\u00e9l\u00e9phones sont de qualit\u00e9, test\u00e9s et en parfait \u00e9tat de fonctionnement. Ces appareils peuvent \u00eatre un peu plus \u00e2g\u00e9 mais en tr\u00e8s bon \u00e9tat tant bien esth\u00e9tique que de fonctionnement. Ces t\u00e9l\u00e9phones peuvent avoir eu leur \u00e9cran, leur batterie ou tout autre composant remplac\u00e9 par un composant original. Ils ont \u00e9t\u00e9 enti\u00e8rement inspect\u00e9s, nettoy\u00e9s chirurgicalement et rigoureusement test\u00e9s dans le cadre de notre programme de contr\u00f4le de la qualit\u00e9 pour garantir leur excellent \u00e9tat de fonctionnement. Pour votre tranquillit\u00e9 d&#8217;esprit, ils b\u00e9n\u00e9ficient de notre garantie compl\u00e8te de 12 mois. Nous pensons que c&#8217;est le meilleur rapport qualit\u00e9-prix que vous pouvez trouver pour un t\u00e9l\u00e9phone ![\/vc_column_text][\/vc_column][\/vc_row][vc_row full_width=&#8221;stretch_row_content_no_spaces&#8221; css_animation=&#8221;none&#8221; css=&#8221;.vc_custom_1549301889150{margin-bottom: 45px !important;}&#8221;][vc_column width=&#8221;1\/2&#8243; css=&#8221;.vc_custom_1520598988803{padding-right: 20px !important;padding-left: 40px !important;}&#8221;][vc_column_text]<\/p>\n<h4 style=\"text-align: right;\">Grade C.<\/h4>\n<p style=\"text-align: right;\">Ces iPhone ont \u00e9t\u00e9 test\u00e9s et sont excellent \u00e9tat de fonctionnement. Pour leur \u00e2ge, ils ont \u00e9t\u00e9 bien utilis\u00e9s et montreront donc des signes d&#8217;usure. Cela inclut, sans toutefois s&#8217;y limiter, des rayures, coups et \u00e9raflures. Ils ont \u00e9t\u00e9 enti\u00e8rement inspect\u00e9s, minutieusement v\u00e9rifi\u00e9s et test\u00e9s pour garantir une utilisation sans probl\u00e8me. L&#8217;usure est purement cosm\u00e9tique, elle n&#8217;a aucune incidence sur l&#8217;usage ! La plupart des appareils passent la plupart de leur vie avec un prot\u00e8ge \u00e9cran et une coque ! Ces traces d&#8217;usures ne seront donc pas visible dans ces cas l\u00e0 ! Rejoignez des milliers de clients satisfaits en achetant un iPhone de notre gamme la plus vendue et r\u00e9alisez ainsi une sacr\u00e9e \u00e9conomie !<\/p>\n<p>[\/vc_column_text][\/vc_column][vc_column width=&#8221;1\/2&#8243; css=&#8221;.vc_custom_1520598974875{padding-right: 40px !important;padding-left: 20px !important;}&#8221;][vc_single_image image=&#8221;2927&#8243; img_size=&#8221;full&#8221; add_caption=&#8221;yes&#8221; alignment=&#8221;right&#8221; style=&#8221;vc_box_rounded&#8221;][\/vc_column][\/vc_row]<\/p>\n","protected":false},"excerpt":{"rendered":"<p>[vc_row][vc_column][vc_empty_space][vc_column_text css=&#8221;.vc_custom_1549300803425{margin-bottom: 100px !important;}&#8221;] Processus de reconditionnement. Nos iPhone sont reconditionn\u00e9s et b\u00e9n\u00e9ficient d&#8217;une garantie d&#8217;un an. [\/vc_column_text][\/vc_column][\/vc_row][vc_row full_width=&#8221;stretch_row_content_no_spaces&#8221; css_animation=&#8221;none&#8221;\u2026<\/p>\n","protected":false},"author":2,"featured_media":0,"parent":150,"menu_order":0,"comment_status":"closed","ping_status":"closed","template":"","meta":{"spay_email":"","footnotes":""},"class_list":["post-296","page","type-page","status-publish","hentry"],"_links":{"self":[{"href":"https:\/\/ecophone.benito.website\/index.php\/wp-json\/wp\/v2\/pages\/296","targetHints":{"allow":["GET"]}}],"collection":[{"href":"https:\/\/ecophone.benito.website\/index.php\/wp-json\/wp\/v2\/pages"}],"about":[{"href":"https:\/\/ecophone.benito.website\/index.php\/wp-json\/wp\/v2\/types\/page"}],"author":[{"embeddable":true,"href":"https:\/\/ecophone.benito.website\/index.php\/wp-json\/wp\/v2\/users\/2"}],"replies":[{"embeddable":true,"href":"https:\/\/ecophone.benito.website\/index.php\/wp-json\/wp\/v2\/comments?post=296"}],"version-history":[{"count":2,"href":"https:\/\/ecophone.benito.website\/index.php\/wp-json\/wp\/v2\/pages\/296\/revisions"}],"predecessor-version":[{"id":2928,"href":"https:\/\/ecophone.benito.website\/index.php\/wp-json\/wp\/v2\/pages\/296\/revisions\/2928"}],"up":[{"embeddable":true,"href":"https:\/\/ecophone.benito.website\/index.php\/wp-json\/wp\/v2\/pages\/150"}],"wp:attachment":[{"href":"https:\/\/ecophone.benito.website\/index.php\/wp-json\/wp\/v2\/media?parent=296"}],"curies":[{"name":"wp","href":"https:\/\/api.w.org\/{rel}","templated":true}]}}