{"id":311,"date":"2019-02-06T16:12:48","date_gmt":"2019-02-06T16:12:48","guid":{"rendered":"http:\/\/vps643326.ovh.net\/?page_id=311"},"modified":"2021-11-16T17:52:32","modified_gmt":"2021-11-16T17:52:32","slug":"nos-engagements","status":"publish","type":"page","link":"https:\/\/ecophone.benito.website\/index.php\/pages\/nos-engagements\/","title":{"rendered":"Nos engagements"},"content":{"rendered":"<p>[vc_row][vc_column][vc_empty_space][vc_column_text css=&#8221;.vc_custom_1549304163464{margin-bottom: 100px !important;}&#8221;]<\/p>\n<h3 style=\"text-align: center;\">Nos engagements.<\/h3>\n<p style=\"text-align: center;\">Nos iPhone sont reconditionn\u00e9s et b\u00e9n\u00e9ficient d&#8217;une garantie d&#8217;un an. Nous nous effor\u00e7ons de vous offrir le meilleurs service possible avec un t\u00e9l\u00e9phone de qualit\u00e9, une livraison rapide &amp; gratuite ainsi qu&#8217;un grand respect pour l&#8217;environnement.<\/p>\n<p>[\/vc_column_text][\/vc_column][\/vc_row][vc_row full_width=&#8221;stretch_row_content_no_spaces&#8221; css_animation=&#8221;none&#8221; css=&#8221;.vc_custom_1549301889150{margin-bottom: 45px !important;}&#8221;][vc_column width=&#8221;1\/2&#8243; css=&#8221;.vc_custom_1520598988803{padding-right: 20px !important;padding-left: 40px !important;}&#8221;][vc_column_text]<\/p>\n<h4 style=\"text-align: right;\">Environnement.<\/h4>\n<p style=\"text-align: right;\">Une des valeurs principale d&#8217;EcoPhone est d&#8217;avoir un engagement plus fort et de plus en plus marqu\u00e9 avec l&#8217;environnement. Nous voulons adopter un comportement eco-responsable et nous voulons \u00e9galement introduire les outils qui vous permettront d&#8217;adopter un comportement davantage eco-responsable. Le premier conseil est de changer le moins souvent possible de t\u00e9l\u00e9phone. En effet, l&#8217;impact du secteur technologique sur l&#8217;environnement est cons\u00e9quent.<\/p>\n<p style=\"text-align: right;\">En achetant un t\u00e9l\u00e9phone recycl\u00e9 vous offrez une deuxi\u00e8me vie \u00e0 un t\u00e9l\u00e9phone et vous diminu\u00e9 par cons\u00e9quent consid\u00e9rablement votre empreinte carbone. Pour en savoir plus sur nos valeurs concernant l&#8217;environnement, n&#8217;h\u00e9sitez pas \u00e0 lire notre section d\u00e9di\u00e9e \u00e0 cela.<\/p>\n<p>[\/vc_column_text][\/vc_column][vc_column width=&#8221;1\/2&#8243; css=&#8221;.vc_custom_1520598974875{padding-right: 40px !important;padding-left: 20px !important;}&#8221;][vc_single_image image=&#8221;2916&#8243; img_size=&#8221;full&#8221; add_caption=&#8221;yes&#8221; alignment=&#8221;right&#8221; style=&#8221;vc_box_rounded&#8221;][\/vc_column][\/vc_row][vc_row full_width=&#8221;stretch_row_content_no_spaces&#8221; css_animation=&#8221;none&#8221; css=&#8221;.vc_custom_1549301897321{margin-bottom: 45px !important;}&#8221;][vc_column width=&#8221;1\/2&#8243; css=&#8221;.vc_custom_1520598988803{padding-right: 20px !important;padding-left: 40px !important;}&#8221;][vc_single_image image=&#8221;2917&#8243; img_size=&#8221;full&#8221; add_caption=&#8221;yes&#8221; alignment=&#8221;right&#8221; style=&#8221;vc_box_rounded&#8221;][\/vc_column][vc_column width=&#8221;1\/2&#8243; css=&#8221;.vc_custom_1520598974875{padding-right: 40px !important;padding-left: 20px !important;}&#8221;][vc_column_text]<\/p>\n<h4>Assistance.<\/h4>\n<p>Une assistance personnalis\u00e9e est assur\u00e9e par nos collaborateurs. Pour vous assurez une tranquillit\u00e9 d&#8217;esprit compl\u00e8te et que les achats se fassent en toute confiance.<\/p>\n<p>Nous sommes \u00e0 votre \u00e9coute et votre satisfaction est notre priorit\u00e9. N&#8217;h\u00e9sitez pas \u00e0 nous contacter et recevez une r\u00e9ponse personnalis\u00e9 \u00e0 vos questions par chat ou par e-mail.[\/vc_column_text][\/vc_column][\/vc_row][vc_row full_width=&#8221;stretch_row_content_no_spaces&#8221; css_animation=&#8221;none&#8221; css=&#8221;.vc_custom_1549301889150{margin-bottom: 45px !important;}&#8221;][vc_column width=&#8221;1\/2&#8243; css=&#8221;.vc_custom_1520598988803{padding-right: 20px !important;padding-left: 40px !important;}&#8221;][vc_column_text]<\/p>\n<h4 style=\"text-align: right;\">Livraison gratuite, rapide et efficace.<\/h4>\n<p style=\"text-align: right;\">Nous vous offrons un service de livraison gratuit pour tous nos produits et ce, partout dans le monde. La livraison peut \u00eatre enti\u00e8rement suivi depuis la sortie de nos entrep\u00f4t jusqu&#8217;\u00e0 chez vous.<\/p>\n<p style=\"text-align: right;\">Le temps de livraison variera en fonction de votre position g\u00e9ographique :<\/p>\n<ul style=\"text-align: right;\">\n<li>Europe occidentale &#8211; 3 \u00e0 7 jours ouvrables<\/li>\n<li>Europe de l&#8217;Est &#8211; 5 \u00e0 12 jours ouvrables<\/li>\n<li>Reste du monde &#8211; 7+ jours ouvrables<\/li>\n<\/ul>\n<p style=\"text-align: right;\">Veuillez noter que, sauf indication contraire que le service de livraison est durant les jours ouvrables et nous ne pouvons pas garantir les livraisons le week-end.<\/p>\n<p>[\/vc_column_text][\/vc_column][vc_column width=&#8221;1\/2&#8243; css=&#8221;.vc_custom_1520598974875{padding-right: 40px !important;padding-left: 20px !important;}&#8221;][vc_single_image image=&#8221;2918&#8243; img_size=&#8221;full&#8221; add_caption=&#8221;yes&#8221; alignment=&#8221;right&#8221; style=&#8221;vc_box_rounded&#8221;][\/vc_column][\/vc_row][vc_row full_width=&#8221;stretch_row_content_no_spaces&#8221; css_animation=&#8221;none&#8221; css=&#8221;.vc_custom_1549301897321{margin-bottom: 45px !important;}&#8221;][vc_column width=&#8221;1\/2&#8243; css=&#8221;.vc_custom_1520598988803{padding-right: 20px !important;padding-left: 40px !important;}&#8221;][vc_single_image image=&#8221;2920&#8243; img_size=&#8221;full&#8221; add_caption=&#8221;yes&#8221; alignment=&#8221;right&#8221; style=&#8221;vc_box_rounded&#8221;][\/vc_column][vc_column width=&#8221;1\/2&#8243; css=&#8221;.vc_custom_1520598974875{padding-right: 40px !important;padding-left: 20px !important;}&#8221;][vc_column_text]<\/p>\n<h4>Paiements s\u00e9curis\u00e9s.<\/h4>\n<p>Vous pouvez commander en toute s\u00e9curit\u00e9 sur notre site web. En effet, nous disposons du protocole HTTPS qui crypte les donn\u00e9es entre vous et nos serveurs. Cela vous garantit un niveau de s\u00e9curit\u00e9 maximum.[\/vc_column_text][\/vc_column][\/vc_row]<\/p>\n","protected":false},"excerpt":{"rendered":"<p>[vc_row][vc_column][vc_empty_space][vc_column_text css=&#8221;.vc_custom_1549304163464{margin-bottom: 100px !important;}&#8221;] Nos engagements. Nos iPhone sont reconditionn\u00e9s et b\u00e9n\u00e9ficient d&#8217;une garantie d&#8217;un an. Nous nous effor\u00e7ons de\u2026<\/p>\n","protected":false},"author":2,"featured_media":0,"parent":150,"menu_order":0,"comment_status":"closed","ping_status":"closed","template":"","meta":{"spay_email":"","footnotes":""},"class_list":["post-311","page","type-page","status-publish","hentry"],"_links":{"self":[{"href":"https:\/\/ecophone.benito.website\/index.php\/wp-json\/wp\/v2\/pages\/311","targetHints":{"allow":["GET"]}}],"collection":[{"href":"https:\/\/ecophone.benito.website\/index.php\/wp-json\/wp\/v2\/pages"}],"about":[{"href":"https:\/\/ecophone.benito.website\/index.php\/wp-json\/wp\/v2\/types\/page"}],"author":[{"embeddable":true,"href":"https:\/\/ecophone.benito.website\/index.php\/wp-json\/wp\/v2\/users\/2"}],"replies":[{"embeddable":true,"href":"https:\/\/ecophone.benito.website\/index.php\/wp-json\/wp\/v2\/comments?post=311"}],"version-history":[{"count":2,"href":"https:\/\/ecophone.benito.website\/index.php\/wp-json\/wp\/v2\/pages\/311\/revisions"}],"predecessor-version":[{"id":2921,"href":"https:\/\/ecophone.benito.website\/index.php\/wp-json\/wp\/v2\/pages\/311\/revisions\/2921"}],"up":[{"embeddable":true,"href":"https:\/\/ecophone.benito.website\/index.php\/wp-json\/wp\/v2\/pages\/150"}],"wp:attachment":[{"href":"https:\/\/ecophone.benito.website\/index.php\/wp-json\/wp\/v2\/media?parent=311"}],"curies":[{"name":"wp","href":"https:\/\/api.w.org\/{rel}","templated":true}]}}