{"id":323,"date":"2019-02-06T17:09:46","date_gmt":"2019-02-06T17:09:46","guid":{"rendered":"http:\/\/vps643326.ovh.net\/?page_id=323"},"modified":"2021-11-16T17:51:07","modified_gmt":"2021-11-16T17:51:07","slug":"environment","status":"publish","type":"page","link":"https:\/\/ecophone.benito.website\/index.php\/pages\/environment\/","title":{"rendered":"Environnement"},"content":{"rendered":"<p>[vc_row][vc_column][vc_empty_space][vc_single_image image=&#8221;2914&#8243; alignment=&#8221;center&#8221;][vc_empty_space][vc_column_text css=&#8221;.vc_custom_1552757356916{margin-bottom: 100px !important;}&#8221;]<\/p>\n<h3 style=\"text-align: center;\">Un petit pas pour l&#8217;iPhone, un grand pas pour l&#8217;Environnement.<\/h3>\n<p style=\"text-align: center;\">Dans tout ce que nous faisons, notre but est d\u2019avoir le moins d\u2019impact possible sur notre plan\u00e8te.<\/p>\n<p>[\/vc_column_text][\/vc_column][\/vc_row][vc_row][vc_column][vc_column_text]<\/p>\n<h4>Que faisons-nous?<\/h4>\n<p>Le meilleur. C&#8217;est ce que nous voulons pour nos produits mais c&#8217;est aussi ce que nous voulons pour l&#8217;environment. Nous voulons un engagement plus profond pour l&#8217;environnement dans l&#8217;avenir. En utilisant des mat\u00e9riaux plus vert, le moins d&#8217;emballage possible et faire tout notre possible pour r\u00e9duire notre impact sur l&#8217;environment.<\/p>\n<h4>Comment \u00e9viter les d\u00e9chets inutiles ?<\/h4>\n<p>Afin d&#8217;\u00e9viter les d\u00e9chets inutiles nous n&#8217;incluons pas les accessoires qui pourraient \u00eatre inutile \u00e0 l&#8217;achat de votre iPhone comme le chargeur secteur ou les \u00e9couteurs. Mais vous pouvez, bien s\u00fbr, les rajouter \u00e0 votre commande si vous en avez besoin.<\/p>\n<h4>Pourquoi un iPhone reconditionn\u00e9 ?<\/h4>\n<p>&#8220;Comme tout le monde le sait, le cycle de production des smartphones est n\u00e9faste pour l\u2019environnement. Selon l\u2019agence de l&#8217;environnement et de la ma\u00eetrise de l&#8217;\u00e9nergie \u201cles smartphones ont des impacts tr\u00e8s lourds sur l\u2019environnement : l\u2019extraction des minerais, le transport, l\u2019utilisation ainsi que la fin de vie sont autant des moments de vie qui laissent une trace sur la plan\u00e8te.\u201d<\/p>\n<p>Toujours selon Ademe, seulement 15% des t\u00e9l\u00e9phones en fin d&#8217;usage sont collect\u00e9s et au moins 30 millions de t\u00e9l\u00e9phones portables dorment dans nos tiroirs. Pour le reste, ils sont d\u00e9truits et cela constitue un v\u00e9ritable danger pour notre \u00e9cosyst\u00e8me.<\/p>\n<p>Quand nous connaissons l\u2019importance du smartphone dans notre soci\u00e9t\u00e9, nous pouvons, d\u2019ores et d\u00e9j\u00e0, estimer que les ventes en t\u00e9l\u00e9phonie ne sont pas pr\u00eates de s\u2019arr\u00eater. Afin de r\u00e9soudre ce probl\u00e8me, le march\u00e9 du smartphone reconditionn\u00e9 s\u2019est positionn\u00e9 sur cette probl\u00e9matique environnementale. Et cela fait les affaires du consommateur. En effet, le prix est un facteur important dans leur prise de d\u00e9cision pour l\u2019achat d\u2019un smartphone mais nous constatons un int\u00e9r\u00eat grandissant pour l&#8217;\u00e9cologie. &#8221; &#8211; <a href=\"https:\/\/www.journaldunet.com\/ebusiness\/expert\/69597\/smartphone-reconditionne---un-marche-100--ecologique-qui-fait-l-affaire-du-consommateur.shtml\">JournalDuNet<\/a>[\/vc_column_text][\/vc_column][\/vc_row]<\/p>\n","protected":false},"excerpt":{"rendered":"<p>[vc_row][vc_column][vc_empty_space][vc_single_image image=&#8221;2914&#8243; alignment=&#8221;center&#8221;][vc_empty_space][vc_column_text css=&#8221;.vc_custom_1552757356916{margin-bottom: 100px !important;}&#8221;] Un petit pas pour l&#8217;iPhone, un grand pas pour l&#8217;Environnement. Dans tout ce que\u2026<\/p>\n","protected":false},"author":2,"featured_media":0,"parent":150,"menu_order":0,"comment_status":"closed","ping_status":"closed","template":"","meta":{"spay_email":"","footnotes":""},"class_list":["post-323","page","type-page","status-publish","hentry"],"_links":{"self":[{"href":"https:\/\/ecophone.benito.website\/index.php\/wp-json\/wp\/v2\/pages\/323","targetHints":{"allow":["GET"]}}],"collection":[{"href":"https:\/\/ecophone.benito.website\/index.php\/wp-json\/wp\/v2\/pages"}],"about":[{"href":"https:\/\/ecophone.benito.website\/index.php\/wp-json\/wp\/v2\/types\/page"}],"author":[{"embeddable":true,"href":"https:\/\/ecophone.benito.website\/index.php\/wp-json\/wp\/v2\/users\/2"}],"replies":[{"embeddable":true,"href":"https:\/\/ecophone.benito.website\/index.php\/wp-json\/wp\/v2\/comments?post=323"}],"version-history":[{"count":2,"href":"https:\/\/ecophone.benito.website\/index.php\/wp-json\/wp\/v2\/pages\/323\/revisions"}],"predecessor-version":[{"id":2915,"href":"https:\/\/ecophone.benito.website\/index.php\/wp-json\/wp\/v2\/pages\/323\/revisions\/2915"}],"up":[{"embeddable":true,"href":"https:\/\/ecophone.benito.website\/index.php\/wp-json\/wp\/v2\/pages\/150"}],"wp:attachment":[{"href":"https:\/\/ecophone.benito.website\/index.php\/wp-json\/wp\/v2\/media?parent=323"}],"curies":[{"name":"wp","href":"https:\/\/api.w.org\/{rel}","templated":true}]}}