{"id":1491,"date":"2019-03-03T20:04:41","date_gmt":"2019-03-03T20:04:41","guid":{"rendered":"https:\/\/ecophone.fr\/index.php\/product\/iphone-8-1-an-de-garantie\/"},"modified":"2021-11-16T17:41:10","modified_gmt":"2021-11-16T17:41:10","slug":"iphone8","status":"publish","type":"product","link":"https:\/\/ecophone.benito.website\/index.php\/product\/iphone8\/","title":{"rendered":"iPhone 8 &#8211; 1 an de garantie"},"content":{"rendered":"<p><!--Logo Link--><\/p>\n<p><!--Top Promo \/Font-Awosem\/Edit Text or Icon--><!--Header End--><\/p>\n<p><!--Logo Link--><\/p>\n<p><!--Top Promo \/Font-Awosem\/Edit Text or Icon--><!--Header End--><\/p>\n<h3>Votre impact sur l&#8217;environnement : Vous \u00e9vitez une \u00e9mission de 57kg de CO2 en achetant un iPhone 8 reconditionn\u00e9<\/h3>\n<h3>Contenu du coffret :<\/h3>\n<ul>\n<li>iPhone<\/li>\n<li>C\u00e2ble Lightning vers USB (1M)<\/li>\n<li>Nous n&#8217;incluons pas les EarPods ainsi que l&#8217;adaptateur secteur afin d&#8217;\u00e9viter les d\u00e9chets inutiles. En effet, nous avons remarqu\u00e9 que beaucoup d&#8217;entre vous en poss\u00e8de d\u00e9j\u00e0. Si vous en avez r\u00e9ellement besoin, vous pouvez les inclure \u00e0 votre commande.<\/li>\n<\/ul>\n<h3>Grades :<\/h3>\n<ul>\n<li><strong>Parfait :\u00a0<\/strong>Ces t\u00e9l\u00e9phones ont \u00e9t\u00e9 enti\u00e8rement remis \u00e0 neuf par Apple et sont en excellent \u00e9tat de fonctionnement. Ils seront en parfait \u00e9tat cosm\u00e9tique et seront neufs! Ils ont \u00e9t\u00e9 enti\u00e8rement inspect\u00e9s, nettoy\u00e9s chirurgicalement et rigoureusement test\u00e9s dans le cadre de notre programme de contr\u00f4le de la qualit\u00e9 pour garantir leur excellent \u00e9tat de fonctionnement. Pour votre tranquillit\u00e9 d\u2019esprit, ils b\u00e9n\u00e9ficient de notre garantie compl\u00e8te de 12 mois. Si vous recherchez un t\u00e9l\u00e9phone qui ressemble \u00e0 un neuf sans le prix d\u2019un nouveau, ce t\u00e9l\u00e9phone est parfait pour vous!<\/li>\n<li><strong>Comme neuf :<\/strong>\u00a0Ces iPhone ont \u00e9t\u00e9 remis \u00e0 neuf par notre \u00e9quipe qualifi\u00e9e et sont en parfait \u00e9tat de fonctionnement. Ils seront en tr\u00e8s bon \u00e9tat esth\u00e9tique et comme neuf. Ils ont \u00e9t\u00e9 enti\u00e8rement inspect\u00e9s, nettoy\u00e9s chirurgicalement et rigoureusement test\u00e9s dans le cadre de notre programme de contr\u00f4le de la qualit\u00e9 pour garantir leur excellent \u00e9tat de fonctionnement. Pour votre tranquillit\u00e9 d\u2019esprit, ils b\u00e9n\u00e9ficient de notre garantie compl\u00e8te de 12 mois. Si vous recherchez un t\u00e9l\u00e9phone comme neuf mais sans le prix du neuf, cet appareil est fait pour vous!<\/li>\n<li><strong>Bon \u00e9tat :<\/strong>\u00a0Ces t\u00e9l\u00e9phones sont de qualit\u00e9, test\u00e9s et en parfait \u00e9tat de fonctionnement. Ces appareils peuvent \u00eatre un peu plus \u00e2g\u00e9 mais en tr\u00e8s bon \u00e9tat tant bien esth\u00e9tique que de fonctionnement. Ces t\u00e9l\u00e9phones peuvent avoir eu leur \u00e9cran, leur batterie ou tout autre composant remplac\u00e9 par un composant original. Ils ont \u00e9t\u00e9 enti\u00e8rement inspect\u00e9s, nettoy\u00e9s chirurgicalement et rigoureusement test\u00e9s dans le cadre de notre programme de contr\u00f4le de la qualit\u00e9 pour garantir leur excellent \u00e9tat de fonctionnement. Pour votre tranquillit\u00e9 d\u2019esprit, ils b\u00e9n\u00e9ficient de notre garantie compl\u00e8te de 12 mois. Nous pensons que c\u2019est le meilleur rapport qualit\u00e9-prix que vous pouvez trouver pour un t\u00e9l\u00e9phone !<\/li>\n<li><strong>Grade C :<\/strong>\u00a0Ces iPhone ont \u00e9t\u00e9 test\u00e9s et sont excellent \u00e9tat de fonctionnement. Pour leur \u00e2ge, ils ont \u00e9t\u00e9 bien utilis\u00e9s et montreront donc des signes d\u2019usure. Cela inclut, sans toutefois s\u2019y limiter, des rayures, coups et \u00e9raflures. Ils ont \u00e9t\u00e9 enti\u00e8rement inspect\u00e9s, minutieusement v\u00e9rifi\u00e9s et test\u00e9s pour garantir une utilisation sans probl\u00e8me. L\u2019usure est purement cosm\u00e9tique, elle n\u2019a aucune incidence sur l\u2019usage ! La plupart des appareils passent la plupart de leur vie avec un prot\u00e8ge \u00e9cran et une coque ! Ces traces d\u2019usures ne seront donc pas visible dans ces cas l\u00e0 ! Rejoignez des milliers de clients satisfaits en achetant un iPhone de notre gamme la plus vendue et r\u00e9alisez ainsi une sacr\u00e9e \u00e9conomie !<\/li>\n<\/ul>\n<div class=\"List_3faHu\">\n<h3 class=\"a-title h5\">D\u00e9tails techniques :<\/h3>\n<ul>\n<li><a href=\"https:\/\/ecophone.fr\/index.php\/pages\/garantie\/\"><strong>Garantie 1 an<\/strong><\/a><\/li>\n<li><strong>V\u00e9rouillage op\u00e9rateur :<\/strong>\u00a0D\u00e9bloqu\u00e9 tout op\u00e9rateur<\/li>\n<li><strong>Taille \u00e9cran (pouces) :<\/strong>\u00a047<\/li>\n<li><strong>Capacit\u00e9 de stockage (Go) :<\/strong>\u00a064 &#8211; 256<\/li>\n<li><strong>Mod\u00e8le :<\/strong>\u00a0iPhone 8<\/li>\n<li><strong>Marque du processeur :<\/strong>\u00a0Apple<\/li>\n<li><strong>Type du processeur :<\/strong>\u00a0A11 Bionic<\/li>\n<li><strong>Megapixels :<\/strong>\u00a012<\/li>\n<li><strong>Syst\u00e8me d&#8217;exploitation :<\/strong>\u00a0iOS<\/li>\n<li><strong>R\u00e9solution :<\/strong>\u00a0750 x 1334<\/li>\n<li><strong>Type d&#8217;\u00e9cran :<\/strong>\u00a0Retina HD<\/li>\n<li><strong>R\u00e9seau :<\/strong>\u00a04G<\/li>\n<li><strong>Date de sortie :<\/strong>\u00a0Septembre 2017<\/li>\n<li><strong>M\u00e9moire (Go) :<\/strong>\u00a02<\/li>\n<li><strong>Vitesse du processeur (GHz) :<\/strong>\u00a02.39<\/li>\n<li><strong>Nombre de coeurs :<\/strong>\u00a08<\/li>\n<li><strong>Connecteur :<\/strong>\u00a0USB 2.0<\/li>\n<li><strong>Double Sim :<\/strong>\u00a0Non<\/li>\n<li><strong>Marque :<\/strong>\u00a0Apple<\/li>\n<li><strong>Largeur (cm) :<\/strong>\u00a06,73<\/li>\n<li><strong>Profondeur (cm) :<\/strong>\u00a00,73<\/li>\n<li><strong>Poids (g) :<\/strong>\u00a0148<\/li>\n<li><strong>Hauteur (cm) :<\/strong>\u00a013,84<\/li>\n<\/ul>\n<\/div>\n<p>&nbsp;<\/p>\n<div class=\"Description_2qNTO\">\n<div>\n<div><strong>iPhone 8<br \/>\n<\/strong><\/div>\n<div>\n<p>C\u2019est le 22 septembre 2017 qu\u2019Apple lance les nouveaux smartphones de la 11\u00e8me g\u00e9n\u00e9ration d\u2019iPhone. Ils s\u2019agissent de l\u2019<strong>iPhone 8<\/strong>\u00a0et de l\u2019iPhone 8 Plus. Pour l\u2019<strong>iPhone 8 reconditionn\u00e9<\/strong>, celui-ci est le successeur direct de l\u2019iPhone 7. Bien qu\u2019ils soient \u00e0 peu pr\u00e8s identiques, le dernier mod\u00e8le est beaucoup plus puissant avec un design plus abouti et des dimensions plus r\u00e9duits. L\u2019<strong>iPhone 8 pas cher<\/strong>\u00a0fait 138,4 mm de long sur 67,3 mm de large avec une \u00e9paisseur de 7,3 mm pour un poids de 148 g. Cet appareil est dot\u00e9 d\u2019une coque monobloc en aluminium et propose plusieurs boutons et connecteurs externes : un bouton principal Home avec capteur d\u2019empreinte digital Touch ID, un hautparleur st\u00e9r\u00e9o int\u00e9gr\u00e9 situ\u00e9 entre le connecteur Lightning, un bouton volume +\/-, un bouton lat\u00e9ral et un autre hautparleur st\u00e9r\u00e9o int\u00e9gr\u00e9 situ\u00e9 en haut de l\u2019appareil pr\u00e8s de l\u2019appareil photo frontal.<\/p>\n<p>L\u2019<strong>iPhone 8 remis \u00e0 neuf<\/strong>\u00a0embarque un \u00e9cran Retina HD LCD Multitouch panoramique de 4,7 pouces. Celui-ci utilise plusieurs technologies : IPS, zoom de l\u2019\u00e9cran, 3D Touch, affichage True Tone, large gamme de couleurs (P3), rev\u00eatement ol\u00e9ophobe r\u00e9sistant aux traces de doigt, etc. Au niveau de la r\u00e9solution, l\u2019<strong>iPhone 8 pas cher<\/strong>\u00a0propose une r\u00e9solution de 1334 x 750 pixels \u00e0 326 ppp avec pixels \u00e0 double transistor pour des angles de vision \u00e9largis. Sous sa coque dor\u00e9e, ce smartphone haut de gamme cache un puissant SoC, le plus puissant de sa g\u00e9n\u00e9ration, qui est l\u2019Apple A11 Bionic avec syst\u00e8me neuronal, architecture 64 bits et coprocesseur de mouvement M11 int\u00e9gr\u00e9. Le chipset est constitu\u00e9 d\u2019un processeur hexac\u0153ur, dont 4 c\u0153urs Mistral \u00e0 haute efficacit\u00e9 \u00e9nerg\u00e9tique et 2 c\u0153urs Monsoon \u00e0 haute performance, et d\u2019une puce graphique Apple GPU \u00e0 triple c\u0153ur graphique. La m\u00e9moire vive install\u00e9e est de 2 Go LPDDR4 tandis que la m\u00e9moire de stockage propose une capacit\u00e9 de 64 Go, malheureusement non extensible comme sur tous les iPhone depuis sa cr\u00e9ation. Pour faire tourner toute cette configuration, la firme de Cupertino a install\u00e9 une batterie non amovible au lithium-ion d\u2019une capacit\u00e9 de 1821 mAh sur l\u2019iPhone 8 lui permettant de rester en conversation t\u00e9l\u00e9phonique pendant 14 heures environ et lire de la musique jusqu\u2019\u00e0 40 heures. Pour plus de commodit\u00e9, le smartphone est \u00e9quip\u00e9 de la technologie de rechargement sans fil ainsi que de la technologie de chargement rapide avec 50 % de charge obtenu en 30 minutes seulement.<\/p>\n<p>Concernant ses autres caract\u00e9ristiques techniques, l\u2019i<strong>Phone 8 reconditionn\u00e9<\/strong>\u00a0est compatible avec le r\u00e9seau 4G LTE-A Cat9 450 Mo\/s et utilise plusieurs connectivit\u00e9s sans fil : Wi-Fi 802.11 a\/b\/g\/n\/ac bibande, Bluetooth 5.0 Low Energy avec A2DP, NFC pour Apple Pay uniquement et GPS avec BDS, A-GPS, GALILEO et GLONASS. Niveau senseur, l\u2019appareil est \u00e9quip\u00e9 d\u2019un barom\u00e8tre, d\u2019un acc\u00e9l\u00e9rom\u00e8tre, d\u2019un d\u00e9tecteur de proximit\u00e9, d\u2019un gyroscope \u00e0 trois axes, d\u2019un capteur de luminosit\u00e9 ambiante et d\u2019un capteur de luminosit\u00e9 ambiante. Et pour la partie photo et vid\u00e9o, l\u2019<strong>iPhone 8<\/strong>\u00a0propose un APN principal de 12 m\u00e9gapixels avec ouverture f\/1.8, objectif \u00e0 six \u00e9l\u00e9ments de 28 mm, autofocus \u00e0 d\u00e9tection de phase, OIS et Flash True Tone quadri-LED avec synchro lente proposant plusieurs fonctionnalit\u00e9s, dont le zoom num\u00e9rique jusqu\u2019\u00e0 5x, le mode panoramique jusqu\u2019\u00e0 63 m\u00e9gapixels, la mise au point part toucher\/automatique avec Focus Pixels, le HDR automatique et l\u2019enregistrement vid\u00e9o en Ultra HD 4K 2160p \u00e0 24\/30\/60 fps simultan\u00e9 avec la prise de vue \u00e0 8 m\u00e9gapixels. L\u2019APN situ\u00e9 \u00e0 l\u2019avant, quant \u00e0 lui, est une cam\u00e9ra FaceTime HD de 7 m\u00e9gapixels avec ouverture grand angle f\/2.2 et Retina Flash proposant aussi une multitude de fonctionnalit\u00e9s : photos et Live Photos \u00e0 large gamme de couleurs, HDR automatique, panorama, enregistrement vid\u00e9o en Full HD 1080p \u00e0 30 fps, d\u00e9tection des corps et des visages, etc.<\/p>\n<p>Ce smartphone de derni\u00e8re g\u00e9n\u00e9ration vous a \u00e9t\u00e9 destin\u00e9 si vous avez toujours voulu avoir un appareil des plus performants pouvant vous divertir, enregistrer les moments forts de votre vie \u00e0 travers de magnifiques vid\u00e9os en 4K et de sublimes clich\u00e9s, etc.<\/p>\n<\/div>\n<\/div>\n<\/div>\n","protected":false},"excerpt":{"rendered":"<p>Votre impact sur l&#8217;environnement : Vous \u00e9vitez une \u00e9mission de 57kg de CO2 en achetant un iPhone 8 reconditionn\u00e9 Contenu\u2026<\/p>\n","protected":false},"featured_media":2895,"comment_status":"open","ping_status":"closed","template":"","meta":{"spay_email":""},"product_cat":[87,91],"product_tag":[],"class_list":["post-1491","product","type-product","status-publish","has-post-thumbnail","hentry","product_cat-iphone","product_cat-iphone8"],"_links":{"self":[{"href":"https:\/\/ecophone.benito.website\/index.php\/wp-json\/wp\/v2\/product\/1491","targetHints":{"allow":["GET"]}}],"collection":[{"href":"https:\/\/ecophone.benito.website\/index.php\/wp-json\/wp\/v2\/product"}],"about":[{"href":"https:\/\/ecophone.benito.website\/index.php\/wp-json\/wp\/v2\/types\/product"}],"replies":[{"embeddable":true,"href":"https:\/\/ecophone.benito.website\/index.php\/wp-json\/wp\/v2\/comments?post=1491"}],"wp:featuredmedia":[{"embeddable":true,"href":"https:\/\/ecophone.benito.website\/index.php\/wp-json\/wp\/v2\/media\/2895"}],"wp:attachment":[{"href":"https:\/\/ecophone.benito.website\/index.php\/wp-json\/wp\/v2\/media?parent=1491"}],"wp:term":[{"taxonomy":"product_cat","embeddable":true,"href":"https:\/\/ecophone.benito.website\/index.php\/wp-json\/wp\/v2\/product_cat?post=1491"},{"taxonomy":"product_tag","embeddable":true,"href":"https:\/\/ecophone.benito.website\/index.php\/wp-json\/wp\/v2\/product_tag?post=1491"}],"curies":[{"name":"wp","href":"https:\/\/api.w.org\/{rel}","templated":true}]}}