{"id":1668,"date":"2019-03-03T21:26:32","date_gmt":"2019-03-03T21:26:32","guid":{"rendered":"https:\/\/ecophone.fr\/index.php\/product\/apple-iphone-7-plus-32gb-128gb-256gb-jet-black-silver-gold-rose-red-unlocked\/"},"modified":"2021-11-16T17:40:03","modified_gmt":"2021-11-16T17:40:03","slug":"iphone7plus","status":"publish","type":"product","link":"https:\/\/ecophone.benito.website\/index.php\/product\/iphone7plus\/","title":{"rendered":"iPhone 7 Plus &#8211; 1 an de garantie"},"content":{"rendered":"<h3>Votre impact sur l&#8217;environnement : Vous \u00e9vitez une \u00e9mission de 67kg de CO2 en achetant un iPhone 7 Plus reconditionn\u00e9<\/h3>\n<h3>Contenu du coffret :<\/h3>\n<ul>\n<li>iPhone<\/li>\n<li>C\u00e2ble Lightning vers USB (1M)<\/li>\n<li>Nous n&#8217;incluons pas les EarPods ainsi que l&#8217;adaptateur secteur afin d&#8217;\u00e9viter les d\u00e9chets inutiles. En effet, nous avons remarqu\u00e9 que beaucoup d&#8217;entre vous en poss\u00e8de d\u00e9j\u00e0. Si vous en avez r\u00e9ellement besoin, vous pouvez les inclure \u00e0 votre commande.<\/li>\n<\/ul>\n<h3>Grades :<\/h3>\n<ul>\n<li><strong>Parfait :\u00a0<\/strong>Ces t\u00e9l\u00e9phones ont \u00e9t\u00e9 enti\u00e8rement remis \u00e0 neuf par Apple et sont en excellent \u00e9tat de fonctionnement. Ils seront en parfait \u00e9tat cosm\u00e9tique et seront neufs! Ils ont \u00e9t\u00e9 enti\u00e8rement inspect\u00e9s, nettoy\u00e9s chirurgicalement et rigoureusement test\u00e9s dans le cadre de notre programme de contr\u00f4le de la qualit\u00e9 pour garantir leur excellent \u00e9tat de fonctionnement. Pour votre tranquillit\u00e9 d\u2019esprit, ils b\u00e9n\u00e9ficient de notre garantie compl\u00e8te de 12 mois. Si vous recherchez un t\u00e9l\u00e9phone qui ressemble \u00e0 un neuf sans le prix d\u2019un nouveau, ce t\u00e9l\u00e9phone est parfait pour vous!<\/li>\n<li><strong>Comme neuf :<\/strong>\u00a0Ces iPhone ont \u00e9t\u00e9 remis \u00e0 neuf par notre \u00e9quipe qualifi\u00e9e et sont en parfait \u00e9tat de fonctionnement. Ils seront en tr\u00e8s bon \u00e9tat esth\u00e9tique et comme neuf. Ils ont \u00e9t\u00e9 enti\u00e8rement inspect\u00e9s, nettoy\u00e9s chirurgicalement et rigoureusement test\u00e9s dans le cadre de notre programme de contr\u00f4le de la qualit\u00e9 pour garantir leur excellent \u00e9tat de fonctionnement. Pour votre tranquillit\u00e9 d\u2019esprit, ils b\u00e9n\u00e9ficient de notre garantie compl\u00e8te de 12 mois. Si vous recherchez un t\u00e9l\u00e9phone comme neuf mais sans le prix du neuf, cet appareil est fait pour vous!<\/li>\n<li><strong>Bon \u00e9tat :<\/strong>\u00a0Ces t\u00e9l\u00e9phones sont de qualit\u00e9, test\u00e9s et en parfait \u00e9tat de fonctionnement. Ces appareils peuvent \u00eatre un peu plus \u00e2g\u00e9 mais en tr\u00e8s bon \u00e9tat tant bien esth\u00e9tique que de fonctionnement. Ces t\u00e9l\u00e9phones peuvent avoir eu leur \u00e9cran, leur batterie ou tout autre composant remplac\u00e9 par un composant original. Ils ont \u00e9t\u00e9 enti\u00e8rement inspect\u00e9s, nettoy\u00e9s chirurgicalement et rigoureusement test\u00e9s dans le cadre de notre programme de contr\u00f4le de la qualit\u00e9 pour garantir leur excellent \u00e9tat de fonctionnement. Pour votre tranquillit\u00e9 d\u2019esprit, ils b\u00e9n\u00e9ficient de notre garantie compl\u00e8te de 12 mois. Nous pensons que c\u2019est le meilleur rapport qualit\u00e9-prix que vous pouvez trouver pour un t\u00e9l\u00e9phone !<\/li>\n<li><strong>Grade C :<\/strong>\u00a0Ces iPhone ont \u00e9t\u00e9 test\u00e9s et sont excellent \u00e9tat de fonctionnement. Pour leur \u00e2ge, ils ont \u00e9t\u00e9 bien utilis\u00e9s et montreront donc des signes d\u2019usure. Cela inclut, sans toutefois s\u2019y limiter, des rayures, coups et \u00e9raflures. Ils ont \u00e9t\u00e9 enti\u00e8rement inspect\u00e9s, minutieusement v\u00e9rifi\u00e9s et test\u00e9s pour garantir une utilisation sans probl\u00e8me. L\u2019usure est purement cosm\u00e9tique, elle n\u2019a aucune incidence sur l\u2019usage ! La plupart des appareils passent la plupart de leur vie avec un prot\u00e8ge \u00e9cran et une coque ! Ces traces d\u2019usures ne seront donc pas visible dans ces cas l\u00e0 ! Rejoignez des milliers de clients satisfaits en achetant un iPhone de notre gamme la plus vendue et r\u00e9alisez ainsi une sacr\u00e9e \u00e9conomie !<\/li>\n<\/ul>\n<div class=\"List_3faHu\">\n<h5 class=\"a-title h5\">D\u00e9tails techniques :<\/h5>\n<ul>\n<li><a href=\"https:\/\/ecophone.fr\/index.php\/pages\/garantie\/\"><strong>Garantie 1 an<\/strong><\/a><\/li>\n<li><strong>V\u00e9rouillage op\u00e9rateur :<\/strong>\u00a0D\u00e9bloqu\u00e9 tout op\u00e9rateur<\/li>\n<li><strong>Taille \u00e9cran (pouces) :<\/strong>\u00a055<\/li>\n<li><strong>Capacit\u00e9 de stockage (Go) :<\/strong>\u00a032 &#8211; 128 &#8211; 256<\/li>\n<li><strong>Mod\u00e8le :<\/strong>\u00a0iPhone 7 Plus<\/li>\n<li><strong>M\u00e9moire (Go) :<\/strong>\u00a03<\/li>\n<li><strong>Vitesse du processeur (GHz) :<\/strong>\u00a02.34<\/li>\n<li><strong>Marque du processeur :<\/strong>\u00a0Apple<\/li>\n<li><strong>Type du processeur :<\/strong>\u00a0Apple A10 Fusion<\/li>\n<li><strong>Nombre de coeurs :<\/strong>\u00a04<\/li>\n<li><strong>Megapixels :<\/strong>\u00a012<\/li>\n<li><strong>Syst\u00e8me d&#8217;exploitation :<\/strong>\u00a0iOS<\/li>\n<li><strong>R\u00e9solution :<\/strong>\u00a01080 x 1920<\/li>\n<li><strong>Contraste :<\/strong>\u00a01300:1 (t\u00edpico)<\/li>\n<li><strong>Type d&#8217;\u00e9cran :<\/strong>\u00a0LCD Retina HD Multi-Touch<\/li>\n<li><strong>Connecteur :<\/strong>\u00a0USB 2.0<\/li>\n<li><strong>R\u00e9seau :<\/strong>\u00a04G<\/li>\n<li><strong>Date de sortie :<\/strong>\u00a0Septembre 2016<\/li>\n<li><strong>Double Sim :<\/strong>\u00a0Non<\/li>\n<li><strong>Marque :<\/strong>\u00a0Apple<\/li>\n<li><strong>Largeur (cm) :<\/strong>\u00a07,79<\/li>\n<li><strong>Profondeur (cm) :<\/strong>\u00a00,73<\/li>\n<li><strong>Poids (g) :<\/strong>\u00a0188<\/li>\n<li><strong>Hauteur (cm) :<\/strong>\u00a015,82<\/li>\n<\/ul>\n<\/div>\n<p>&nbsp;<\/p>\n<div class=\"Description_2qNTO\">\n<div>\n<div>\n<p><strong>iPhone 7 Plus<\/strong><\/p>\n<p>Avec son iPhone 7 plus, la firme de Cupertino signe un nouveau smartphone haut de gamme\u00a0justifiant d\u2019un \u00e9cran de 5,5 pouces. Sorti en septembre 2016, celui-ci est un condens\u00e9 de nouvelles technologies. Dot\u00e9 d\u2019un boitier ultrar\u00e9sistant certifi\u00e9 IP67,\u00a0<strong>un iPhone 7 plus embarque la plus puissante des puces de smartphone<\/strong>, un syst\u00e8me de double appareil photo num\u00e9rique, deux haut-parleurs st\u00e9r\u00e9o int\u00e9gr\u00e9s\u2026<br \/>\nAvec ses 158,2 mm de long sur 77,9 mm de large et une \u00e9paisseur de 7,3 mm, l\u2019iPhone 7 plus reprend les m\u00eames dimensions que son pr\u00e9d\u00e9cesseur l\u2019iPhone 6s plus. Aux premiers abords, les deux smartphones ont le m\u00eame aspect. Mais lorsqu\u2019on y regarde de plus pr\u00e8s, on constate rapidement les nombreuses diff\u00e9rences, surtout au niveau du boitier. En effet,\u00a0<strong>un iPhone 7 plus est \u00e9quip\u00e9 d\u2019une coque constitu\u00e9e d\u2019aluminium 7000 Series ultrar\u00e9sistant<\/strong>. Toujours sur son aspect ext\u00e9rieur,\u00a0<strong>l\u2019iPhone 7 plus offre un \u00e9cran plus \u00e9labor\u00e9 que son pr\u00e9d\u00e9cesseur<\/strong>. Celui-ci se pr\u00e9sente comme un \u00e9cran panoramique Multitouch Retina HD r\u00e9tro\u00e9clair\u00e9 par LED de 5,5 pouces \u00e0 large gamme de couleurs (P3) avec une r\u00e9solution native de 1920 x 1080 pixels \u00e0 401 ppp dont les pixels sont \u00e0 double transistor pour faire profiter l\u2019utilisateur d\u2019un angle de vision plus large. Cet \u00e9cran utilise plusieurs technologies, qui sont le 3D Touch, le Zoom et l\u2019IPS, et est prot\u00e9g\u00e9 par deux rev\u00eatements : verre ion-X et rev\u00eatement ol\u00e9ophobe r\u00e9sistant aux traces de doigt.\u00a0<strong>Quant au bouton Home, Apple innove le sien sur son iPhone 7 plus<\/strong>\u00a0en lui dotant d\u2019un bouton-conducteurs tr\u00e8s sophistiqu\u00e9, qui a \u00e9t\u00e9 con\u00e7u pour \u00eatre r\u00e9actif, r\u00e9sistant et sensible \u00e0 la pression. Fonctionnant en tandem avec le nouveau Taptic Engine, il offre alors un retour tactile d\u2019une grande pr\u00e9cision lorsqu\u2019on appuie dessus.<br \/>\n<strong>Un iPhone 7 plus propose aux amateurs de photographie un nouveau syst\u00e8me de double appareil photo<\/strong>. Celui-ci embarque deux capteurs de 12 m\u00e9gapixels avec autofocus \u00e0 d\u00e9tection de phase, zoom optique 2x, technologie ISP d\u2019avant-garde et Flash True Tone quadri-LED. Le premier capteur propose un objectif de 28 mm avec ouverture f\/1.8 et OIS, et le second un objectif de 56 mm avec ouverture f\/2.8. Cette configuration permet de r\u00e9aliser de superbes photos vivantes hautes en couleurs et en haute d\u00e9finition avec luminosit\u00e9 optimale peu importe l\u2019exposition. Et sous sa jolie coque noire avec ses courbes finement taill\u00e9es,<strong>l\u2019iPhone 7 plus est \u00e9quip\u00e9 du chipset Apple A10 Fusion 64 bits<\/strong>\u00a0accompagn\u00e9 d\u2019un coprocesseur de mouvement int\u00e9gr\u00e9, le M10. Ce SoC est le premier du genre pour la firme de Cupertino puisqu\u2019il dispose d\u2019un processeur central \u00e0 quatre c\u0153urs, dont deux c\u0153urs \u00e0 haute performance et deux c\u0153urs \u00e0 haute efficacit\u00e9 \u00e9nerg\u00e9tique. Cette configuration permet \u00e0 ce mod\u00e8le d\u2019\u00eatre deux fois plus rapides que l\u2019iPhone 6, de consommer cinq fois moins d\u2019\u00e9nergie et d\u2019offrir des performances graphiques 3 fois plus \u00e9lev\u00e9es.\u00a0<strong>En termes d\u2019autonomie, l\u2019iPhone 7 plus peut rester en veille jusqu\u2019\u00e0 384 heures<\/strong>, lire des fichiers audio en mode sans fil pendant 60 heures d\u2019affil\u00e9 et rester en conversation t\u00e9l\u00e9phonique en 3G pendant 21 heures non-stop.<br \/>\nCe produit est fait pour vous si vous d\u00e9sirez profiter d\u2019un smartphone de derni\u00e8re g\u00e9n\u00e9ration dot\u00e9 de plusieurs innovations et offrant un design \u00e0 la fois sobre, raffin\u00e9 et \u00e9l\u00e9gant.<\/p>\n<\/div>\n<\/div>\n<\/div>\n","protected":false},"excerpt":{"rendered":"<p>Votre impact sur l&#8217;environnement : Vous \u00e9vitez une \u00e9mission de 67kg de CO2 en achetant un iPhone 7 Plus reconditionn\u00e9\u2026<\/p>\n","protected":false},"featured_media":2888,"comment_status":"open","ping_status":"closed","template":"","meta":{"spay_email":""},"product_cat":[87,90],"product_tag":[],"class_list":["post-1668","product","type-product","status-publish","has-post-thumbnail","hentry","product_cat-iphone","product_cat-iphone7"],"_links":{"self":[{"href":"https:\/\/ecophone.benito.website\/index.php\/wp-json\/wp\/v2\/product\/1668","targetHints":{"allow":["GET"]}}],"collection":[{"href":"https:\/\/ecophone.benito.website\/index.php\/wp-json\/wp\/v2\/product"}],"about":[{"href":"https:\/\/ecophone.benito.website\/index.php\/wp-json\/wp\/v2\/types\/product"}],"replies":[{"embeddable":true,"href":"https:\/\/ecophone.benito.website\/index.php\/wp-json\/wp\/v2\/comments?post=1668"}],"wp:featuredmedia":[{"embeddable":true,"href":"https:\/\/ecophone.benito.website\/index.php\/wp-json\/wp\/v2\/media\/2888"}],"wp:attachment":[{"href":"https:\/\/ecophone.benito.website\/index.php\/wp-json\/wp\/v2\/media?parent=1668"}],"wp:term":[{"taxonomy":"product_cat","embeddable":true,"href":"https:\/\/ecophone.benito.website\/index.php\/wp-json\/wp\/v2\/product_cat?post=1668"},{"taxonomy":"product_tag","embeddable":true,"href":"https:\/\/ecophone.benito.website\/index.php\/wp-json\/wp\/v2\/product_tag?post=1668"}],"curies":[{"name":"wp","href":"https:\/\/api.w.org\/{rel}","templated":true}]}}