{"id":1743,"date":"2019-03-04T11:55:17","date_gmt":"2019-03-04T11:55:17","guid":{"rendered":"https:\/\/ecophone.fr\/index.php\/product\/iphone-6s-1-an-de-garantie\/"},"modified":"2021-11-16T17:38:37","modified_gmt":"2021-11-16T17:38:37","slug":"iphone6s","status":"publish","type":"product","link":"https:\/\/ecophone.benito.website\/index.php\/product\/iphone6s\/","title":{"rendered":"iPhone 6S &#8211; 1 an de garantie"},"content":{"rendered":"<h3>Votre impact sur l&#8217;environnement : Vous \u00e9vitez une \u00e9mission de 54kg de CO2 en achetant un iPhone 6s reconditionn\u00e9<\/h3>\n<h3>Contenu du coffret :<\/h3>\n<ul>\n<li>iPhone<\/li>\n<li>C\u00e2ble Lightning vers USB (1M)<\/li>\n<li>Nous n&#8217;incluons pas les EarPods ainsi que l&#8217;adaptateur secteur afin d&#8217;\u00e9viter les d\u00e9chets inutiles. En effet, nous avons remarqu\u00e9 que beaucoup d&#8217;entre vous en poss\u00e8de d\u00e9j\u00e0. Si vous en avez r\u00e9ellement besoin, vous pouvez les inclure \u00e0 votre commande.<\/li>\n<\/ul>\n<h3>Grades :<\/h3>\n<ul>\n<li><strong>Parfait :\u00a0<\/strong>Ces t\u00e9l\u00e9phones ont \u00e9t\u00e9 enti\u00e8rement remis \u00e0 neuf par Apple et sont en excellent \u00e9tat de fonctionnement. Ils seront en parfait \u00e9tat cosm\u00e9tique et seront neufs! Ils ont \u00e9t\u00e9 enti\u00e8rement inspect\u00e9s, nettoy\u00e9s chirurgicalement et rigoureusement test\u00e9s dans le cadre de notre programme de contr\u00f4le de la qualit\u00e9 pour garantir leur excellent \u00e9tat de fonctionnement. Pour votre tranquillit\u00e9 d\u2019esprit, ils b\u00e9n\u00e9ficient de notre garantie compl\u00e8te de 12 mois. Si vous recherchez un t\u00e9l\u00e9phone qui ressemble \u00e0 un neuf sans le prix d\u2019un nouveau, ce t\u00e9l\u00e9phone est parfait pour vous!<\/li>\n<li><strong>Comme neuf :<\/strong>\u00a0Ces iPhone ont \u00e9t\u00e9 remis \u00e0 neuf par notre \u00e9quipe qualifi\u00e9e et sont en parfait \u00e9tat de fonctionnement. Ils seront en tr\u00e8s bon \u00e9tat esth\u00e9tique et comme neuf. Ils ont \u00e9t\u00e9 enti\u00e8rement inspect\u00e9s, nettoy\u00e9s chirurgicalement et rigoureusement test\u00e9s dans le cadre de notre programme de contr\u00f4le de la qualit\u00e9 pour garantir leur excellent \u00e9tat de fonctionnement. Pour votre tranquillit\u00e9 d\u2019esprit, ils b\u00e9n\u00e9ficient de notre garantie compl\u00e8te de 12 mois. Si vous recherchez un t\u00e9l\u00e9phone comme neuf mais sans le prix du neuf, cet appareil est fait pour vous!<\/li>\n<li><strong>Bon \u00e9tat :<\/strong>\u00a0Ces t\u00e9l\u00e9phones sont de qualit\u00e9, test\u00e9s et en parfait \u00e9tat de fonctionnement. Ces appareils peuvent \u00eatre un peu plus \u00e2g\u00e9 mais en tr\u00e8s bon \u00e9tat tant bien esth\u00e9tique que de fonctionnement. Ces t\u00e9l\u00e9phones peuvent avoir eu leur \u00e9cran, leur batterie ou tout autre composant remplac\u00e9 par un composant original. Ils ont \u00e9t\u00e9 enti\u00e8rement inspect\u00e9s, nettoy\u00e9s chirurgicalement et rigoureusement test\u00e9s dans le cadre de notre programme de contr\u00f4le de la qualit\u00e9 pour garantir leur excellent \u00e9tat de fonctionnement. Pour votre tranquillit\u00e9 d\u2019esprit, ils b\u00e9n\u00e9ficient de notre garantie compl\u00e8te de 12 mois. Nous pensons que c\u2019est le meilleur rapport qualit\u00e9-prix que vous pouvez trouver pour un t\u00e9l\u00e9phone !<\/li>\n<li><strong>Grade C :<\/strong>\u00a0Ces iPhone ont \u00e9t\u00e9 test\u00e9s et sont excellent \u00e9tat de fonctionnement. Pour leur \u00e2ge, ils ont \u00e9t\u00e9 bien utilis\u00e9s et montreront donc des signes d\u2019usure. Cela inclut, sans toutefois s\u2019y limiter, des rayures, coups et \u00e9raflures. Ils ont \u00e9t\u00e9 enti\u00e8rement inspect\u00e9s, minutieusement v\u00e9rifi\u00e9s et test\u00e9s pour garantir une utilisation sans probl\u00e8me. L\u2019usure est purement cosm\u00e9tique, elle n\u2019a aucune incidence sur l\u2019usage ! La plupart des appareils passent la plupart de leur vie avec un prot\u00e8ge \u00e9cran et une coque ! Ces traces d\u2019usures ne seront donc pas visible dans ces cas l\u00e0 ! Rejoignez des milliers de clients satisfaits en achetant un iPhone de notre gamme la plus vendue et r\u00e9alisez ainsi une sacr\u00e9e \u00e9conomie !<\/li>\n<\/ul>\n<div class=\"List_3faHu\">\n<h3 class=\"a-title h5\">D\u00e9tails techniques :<\/h3>\n<ul>\n<li><a href=\"https:\/\/ecophone.fr\/index.php\/pages\/garantie\/\"><strong>Garantie 1 an<\/strong><\/a><\/li>\n<li><b>Verrouillage\u00a0op\u00e9rateur :<\/b>\u00a0D\u00e9bloqu\u00e9 tout op\u00e9rateur<\/li>\n<li><strong>Taille \u00e9cran (pouces) :<\/strong>\u00a04,7<\/li>\n<li><strong>Capacit\u00e9 de stockage (Go) :<\/strong>\u00a016 &#8211; 32 &#8211; 64 &#8211; 128<\/li>\n<li><strong>Mod\u00e8le :<\/strong>\u00a0iPhone 6S<\/li>\n<li><strong>M\u00e9moire (Go) :<\/strong>\u00a02<\/li>\n<li><strong>Vitesse du processeur (GHz) :<\/strong>\u00a01,84<\/li>\n<li><strong>Marque du processeur :<\/strong>\u00a0Apple<\/li>\n<li><strong>Type du processeur :<\/strong>\u00a0Apple A9<\/li>\n<li><strong>Nombre de coeurs :<\/strong>\u00a02<\/li>\n<li><strong>Megapixels :<\/strong>\u00a012<\/li>\n<li><strong>Syst\u00e8me d&#8217;exploitation :<\/strong>\u00a0iOS<\/li>\n<li><strong>R\u00e9solution :<\/strong>\u00a0750 x 1334<\/li>\n<li><strong>Contraste :<\/strong>\u00a01300:1<\/li>\n<li><strong>Type d&#8217;\u00e9cran :<\/strong>\u00a0Retina<\/li>\n<li><strong>Connecteur :<\/strong>\u00a0Lightning<\/li>\n<li><strong>R\u00e9seau :<\/strong>\u00a04G<\/li>\n<li><strong>Date de sortie :<\/strong>\u00a0Septembre 2015<\/li>\n<li><strong>Double Sim :<\/strong>\u00a0Non<\/li>\n<li><strong>Marque :<\/strong>\u00a0Apple<\/li>\n<li><strong>Largeur (cm) :<\/strong>\u00a06,71<\/li>\n<li><strong>Profondeur (cm) :<\/strong>\u00a00,71<\/li>\n<li><strong>Poids (g) :<\/strong>\u00a0143<\/li>\n<li><strong>Hauteur (cm) :<\/strong>\u00a013,83<\/li>\n<\/ul>\n<\/div>\n<div class=\"Description_2qNTO\">\n<div>\n<div><\/div>\n<div><strong>iPhone 6S<br \/>\n<\/strong><\/div>\n<div><\/div>\n<div>L\u2019iPhone 6s fait partie de la 8\u00e8me g\u00e9n\u00e9ration du c\u00e9l\u00e8bre smartphone de la firme de Cupertino. Avec son grand \u00e9cran Retina HD prot\u00e9g\u00e9 par du verre ion-X, son puissant SoC, sa m\u00e9moire vive de 2 Go et son capteur ultraperformant,<strong>\u00a0un iPhone 6s pas cher fait partie des meilleurs smartphones au monde.<br \/>\n<\/strong><\/div>\n<div>\n<p>Pour son iPhone 6s, Apple a d\u00e9cid\u00e9 de tout donner. Ses ing\u00e9nieurs ont r\u00e9ussi \u00e0 d\u00e9velopper\u00a0<strong>un smartphone \u00e0 la fois surpuissant et \u00e9l\u00e9gant<\/strong>. Avec ses 138,3 mm de long sur 67,1 mm de large pou<strong>r une \u00e9paisseur de 7,1 mm et un poids de 143 g<\/strong>. Ce mod\u00e8le est \u00e9quip\u00e9 d\u2019un<strong>\u00a0\u00e9cran Retina HD panoramique r\u00e9tro\u00e9clair\u00e9 par LED de 4,7 pouces avec 3D Touch<\/strong>. Affichant une r\u00e9solution de 1334 x 750 pixels \u00e0 326 ppp, l\u2019\u00e9cran dispose de pixels \u00e0 double transistor pour angle de vision plus large. Celui-ci est prot\u00e9g\u00e9 par du verre ion-X et d\u2019un rev\u00eatement ol\u00e9ophobe r\u00e9sistant aux traces de doigt. Et sous sa coque unibody en aluminium anodis\u00e9, ce mod\u00e8le embarque un chipset Apple A9 avec architecture 64 bits compos\u00e9 d\u2019un processeur Twister double c\u0153ur cadenc\u00e9 \u00e0 1,84 GHz et d\u2019<strong>une puce graphique PowerVR GT7600 192 bits de 14\/16 nm \u00e0 six c\u0153urs<\/strong>\u00a0utilisant la technologie DirectX 11.2. Gr\u00e2ce \u00e0 cette configuration et sa m\u00e9moire vive de 2 Go,<strong>\u00a0un iPhone 6s gris sid\u00e9ral peut faire tourner les applications et les jeux HD \u00e0 pleine puissance<\/strong>\u00a0avec une vitesse d\u2019ex\u00e9cution inou\u00ef,\u00a0<strong>une fluidit\u00e9 incroyable et un splendide graphisme<\/strong>. L\u2019iPhone 6s int\u00e8gre un\u00a0<strong>magnifique bouton Home avec capteur biom\u00e9trique<\/strong>\u00a0de seconde g\u00e9n\u00e9ration permettant d\u2019enregistrer les empreintes digitales plus facilement avec une s\u00e9curit\u00e9 optimale.<\/p>\n<\/div>\n<div>\n<p>Les amateurs de photographie trouveront leur compte avec un iPhone 6s pas cher. Les d\u00e9veloppeurs d\u2019Apple ont install\u00e9 ce mod\u00e8le d\u2019<strong>un capteur de 29 mm de 12 m\u00e9gapixels<\/strong>\u00a0avec ouverture f\/2.2 pour des pixels de 1,22 \u00b5m, autofocus \u00e0 d\u00e9tection de phase, double flash LED avec la\u00a0<strong>technologie True Tone et objectif \u00e0 cinq \u00e9l\u00e9ments<\/strong>. Celui-ci propose plusieurs fonctionnalit\u00e9s, comme le\u00a0<strong>r\u00e9glage de l\u2019exposition<\/strong>, le zoom num\u00e9rique 5x, la\u00a0<strong>mise au point automatique avec Focus Pixels<\/strong>, le mode panoramique jusqu\u2019\u00e0 63 m\u00e9gapixels, la r\u00e9duction du bruit, le mappage de ton local et Live Photos avec stabilisation. Ce dernier permet aux utilisateurs d\u2019int\u00e9grer son et mouvement \u00e0 leurs clich\u00e9s. Il leur suffit de toucher sur une image de mani\u00e8re prolong\u00e9e pour voir d\u00e9fil\u00e9 les quelques secondes qui pr\u00e9c\u00e8dent et qui suivent l\u2019instant de la prise. Concernant l\u2019enregistrement vid\u00e9o,\u00a0<strong>l\u2019iPhone 6s permet de capturer tous les beaux moments en UHD 4K\u00a0<\/strong>2160p \u00e0 30 fps, en FullHD 1080p \u00e0 30 ou 60 fps, ou en HD 720p \u00e0 30 fps. Les fans de vid\u00e9o pourront ralentir leurs vid\u00e9os en 1080p \u00e0 120 fps et leurs vid\u00e9os en 720p \u00e0 240 fps. Quant au capteur frontal, il s\u2019agit d\u2019un\u00a0<strong>appareil photo de 31 mm de 5 m\u00e9gapixels<\/strong>\u00a0avec ouverture f\/2.2 et Retina Flash. Celui-ci offre la possibilit\u00e9 d\u2019enregistrer des vid\u00e9os en 1080p \u00e0 30 fps et en 720p \u00e0 240 fps.<\/p>\n<\/div>\n<div>Ce produit est fait pour vous si vous souhaitez profiter d\u2019<strong>un des meilleurs smartphones du march\u00e9 qui est \u00e0 la fois \u00e9l\u00e9gant et ultraperformant<\/strong>.<\/div>\n<\/div>\n<\/div>\n","protected":false},"excerpt":{"rendered":"<p>Votre impact sur l&#8217;environnement : Vous \u00e9vitez une \u00e9mission de 54kg de CO2 en achetant un iPhone 6s reconditionn\u00e9 Contenu\u2026<\/p>\n","protected":false},"featured_media":2883,"comment_status":"open","ping_status":"closed","template":"","meta":{"spay_email":""},"product_cat":[87,89],"product_tag":[],"class_list":["post-1743","product","type-product","status-publish","has-post-thumbnail","hentry","product_cat-iphone","product_cat-iphone6"],"_links":{"self":[{"href":"https:\/\/ecophone.benito.website\/index.php\/wp-json\/wp\/v2\/product\/1743","targetHints":{"allow":["GET"]}}],"collection":[{"href":"https:\/\/ecophone.benito.website\/index.php\/wp-json\/wp\/v2\/product"}],"about":[{"href":"https:\/\/ecophone.benito.website\/index.php\/wp-json\/wp\/v2\/types\/product"}],"replies":[{"embeddable":true,"href":"https:\/\/ecophone.benito.website\/index.php\/wp-json\/wp\/v2\/comments?post=1743"}],"wp:featuredmedia":[{"embeddable":true,"href":"https:\/\/ecophone.benito.website\/index.php\/wp-json\/wp\/v2\/media\/2883"}],"wp:attachment":[{"href":"https:\/\/ecophone.benito.website\/index.php\/wp-json\/wp\/v2\/media?parent=1743"}],"wp:term":[{"taxonomy":"product_cat","embeddable":true,"href":"https:\/\/ecophone.benito.website\/index.php\/wp-json\/wp\/v2\/product_cat?post=1743"},{"taxonomy":"product_tag","embeddable":true,"href":"https:\/\/ecophone.benito.website\/index.php\/wp-json\/wp\/v2\/product_tag?post=1743"}],"curies":[{"name":"wp","href":"https:\/\/api.w.org\/{rel}","templated":true}]}}