{"id":1913,"date":"2019-03-04T13:12:28","date_gmt":"2019-03-04T13:12:28","guid":{"rendered":"https:\/\/ecophone.fr\/index.php\/product\/apple-iphone-6-16gb-32gb-64gb-128gb-unlocked-goldsilverspace-grey-12m-warranty\/"},"modified":"2021-11-16T17:36:58","modified_gmt":"2021-11-16T17:36:58","slug":"iphone6","status":"publish","type":"product","link":"https:\/\/ecophone.benito.website\/index.php\/product\/iphone6\/","title":{"rendered":"iPhone 6 &#8211; 1 an de garantie"},"content":{"rendered":"<h3>Votre impact sur l&#8217;environnement : Vous \u00e9vitez une \u00e9mission de 95kg de CO2 en achetant un iPhone 6 reconditionn\u00e9<\/h3>\n<h3>Contenu du coffret :<\/h3>\n<ul>\n<li>iPhone<\/li>\n<li>C\u00e2ble Lightning vers USB (1M)<\/li>\n<li>Nous n&#8217;incluons pas les EarPods ainsi que l&#8217;adaptateur secteur afin d&#8217;\u00e9viter les d\u00e9chets inutiles. En effet, nous avons remarqu\u00e9 que beaucoup d&#8217;entre vous en poss\u00e8de d\u00e9j\u00e0. Si vous en avez r\u00e9ellement besoin, vous pouvez les inclure \u00e0 votre commande.<\/li>\n<\/ul>\n<h3>Grades :<\/h3>\n<ul>\n<li><strong>Parfait :\u00a0<\/strong>Ces t\u00e9l\u00e9phones ont \u00e9t\u00e9 enti\u00e8rement remis \u00e0 neuf par Apple et sont en excellent \u00e9tat de fonctionnement. Ils seront en parfait \u00e9tat cosm\u00e9tique et seront neufs! Ils ont \u00e9t\u00e9 enti\u00e8rement inspect\u00e9s, nettoy\u00e9s chirurgicalement et rigoureusement test\u00e9s dans le cadre de notre programme de contr\u00f4le de la qualit\u00e9 pour garantir leur excellent \u00e9tat de fonctionnement. Pour votre tranquillit\u00e9 d\u2019esprit, ils b\u00e9n\u00e9ficient de notre garantie compl\u00e8te de 12 mois. Si vous recherchez un t\u00e9l\u00e9phone qui ressemble \u00e0 un neuf sans le prix d\u2019un nouveau, ce t\u00e9l\u00e9phone est parfait pour vous!<\/li>\n<li><strong>Comme neuf :<\/strong>\u00a0Ces iPhone ont \u00e9t\u00e9 remis \u00e0 neuf par notre \u00e9quipe qualifi\u00e9e et sont en parfait \u00e9tat de fonctionnement. Ils seront en tr\u00e8s bon \u00e9tat esth\u00e9tique et comme neuf. Ils ont \u00e9t\u00e9 enti\u00e8rement inspect\u00e9s, nettoy\u00e9s chirurgicalement et rigoureusement test\u00e9s dans le cadre de notre programme de contr\u00f4le de la qualit\u00e9 pour garantir leur excellent \u00e9tat de fonctionnement. Pour votre tranquillit\u00e9 d\u2019esprit, ils b\u00e9n\u00e9ficient de notre garantie compl\u00e8te de 12 mois. Si vous recherchez un t\u00e9l\u00e9phone comme neuf mais sans le prix du neuf, cet appareil est fait pour vous!<\/li>\n<li><strong>Bon \u00e9tat :<\/strong>\u00a0Ces t\u00e9l\u00e9phones sont de qualit\u00e9, test\u00e9s et en parfait \u00e9tat de fonctionnement. Ces appareils peuvent \u00eatre un peu plus \u00e2g\u00e9 mais en tr\u00e8s bon \u00e9tat tant bien esth\u00e9tique que de fonctionnement. Ces t\u00e9l\u00e9phones peuvent avoir eu leur \u00e9cran, leur batterie ou tout autre composant remplac\u00e9 par un composant original. Ils ont \u00e9t\u00e9 enti\u00e8rement inspect\u00e9s, nettoy\u00e9s chirurgicalement et rigoureusement test\u00e9s dans le cadre de notre programme de contr\u00f4le de la qualit\u00e9 pour garantir leur excellent \u00e9tat de fonctionnement. Pour votre tranquillit\u00e9 d\u2019esprit, ils b\u00e9n\u00e9ficient de notre garantie compl\u00e8te de 12 mois. Nous pensons que c\u2019est le meilleur rapport qualit\u00e9-prix que vous pouvez trouver pour un t\u00e9l\u00e9phone !<\/li>\n<li><strong>Grade C :<\/strong>\u00a0Ces iPhone ont \u00e9t\u00e9 test\u00e9s et sont excellent \u00e9tat de fonctionnement. Pour leur \u00e2ge, ils ont \u00e9t\u00e9 bien utilis\u00e9s et montreront donc des signes d\u2019usure. Cela inclut, sans toutefois s\u2019y limiter, des rayures, coups et \u00e9raflures. Ils ont \u00e9t\u00e9 enti\u00e8rement inspect\u00e9s, minutieusement v\u00e9rifi\u00e9s et test\u00e9s pour garantir une utilisation sans probl\u00e8me. L\u2019usure est purement cosm\u00e9tique, elle n\u2019a aucune incidence sur l\u2019usage ! La plupart des appareils passent la plupart de leur vie avec un prot\u00e8ge \u00e9cran et une coque ! Ces traces d\u2019usures ne seront donc pas visible dans ces cas l\u00e0 ! Rejoignez des milliers de clients satisfaits en achetant un iPhone de notre gamme la plus vendue et r\u00e9alisez ainsi une sacr\u00e9e \u00e9conomie !<\/li>\n<\/ul>\n<div class=\"List_3faHu\">\n<h3 class=\"a-title h5\">D\u00e9tails techniques :<\/h3>\n<ul>\n<li><a href=\"https:\/\/ecophone.fr\/index.php\/pages\/garantie\/\"><strong>Garantie 1 an<\/strong><\/a><\/li>\n<li><b>Verrouillage\u00a0op\u00e9rateur :<\/b>\u00a0D\u00e9bloqu\u00e9 tout op\u00e9rateur<\/li>\n<li><strong>Taille \u00e9cran (pouces) :<\/strong>\u00a047<\/li>\n<li><strong>Capacit\u00e9 de stockage (Go) :<\/strong>\u00a016 &#8211; 32 &#8211; 64 &#8211; 128<\/li>\n<li><strong>Mod\u00e8le :<\/strong>\u00a0iPhone 6<\/li>\n<li><strong>M\u00e9moire (Go) :<\/strong>\u00a01<\/li>\n<li><strong>Vitesse du processeur (GHz) :<\/strong>\u00a01.4<\/li>\n<li><strong>Marque du processeur :<\/strong>\u00a0Apple<\/li>\n<li><strong>Type du processeur :<\/strong>\u00a0A8<\/li>\n<li><strong>Nombre de coeurs :<\/strong>\u00a02<\/li>\n<li><strong>Megapixels :<\/strong>\u00a08<\/li>\n<li><strong>Syst\u00e8me d&#8217;exploitation :<\/strong>\u00a0iOS<\/li>\n<li><strong>R\u00e9solution :<\/strong>\u00a0750 x 1334<\/li>\n<li><strong>Contraste :<\/strong>\u00a01400:1<\/li>\n<li><strong>Type d&#8217;\u00e9cran :<\/strong>\u00a0LED<\/li>\n<li><strong>Connecteur :<\/strong>\u00a0Lightning<\/li>\n<li><strong>R\u00e9seau :<\/strong>\u00a04G<\/li>\n<li><strong>Date de sortie :<\/strong>\u00a0Septembre 2014<\/li>\n<li><strong>Double Sim :<\/strong>\u00a0Non<\/li>\n<li><strong>Type de clavier :<\/strong>\u00a0AZERTY<\/li>\n<li><strong>Marque :<\/strong>\u00a0Apple<\/li>\n<li><strong>Largeur (cm) :<\/strong>\u00a06,7<\/li>\n<li><strong>Profondeur (cm) :<\/strong>\u00a00,69<\/li>\n<li><strong>Poids (g) :<\/strong>\u00a0129<\/li>\n<li><strong>Hauteur (cm) :<\/strong>\u00a013,81<\/li>\n<\/ul>\n<\/div>\n<div class=\"Description_2qNTO\">\n<div>\n<div><strong>iPhone 6<br \/>\n<\/strong><\/div>\n<div><strong>Avec son iPhone 6, Apple signe un nouveau terminal mobile plus performant<\/strong>\u00a0et plus puissant que le pr\u00e9c\u00e9dent mod\u00e8le. Celui-ci est dot\u00e9 d\u2019une superbe coque en aluminium sur laquelle on retrouver les m\u00eames courbes bien taill\u00e9es des premiers mod\u00e8les de l\u2019iPhone. Sous ce boitier,\u00a0<strong>un iPhone 6 pas cher embarque un tout nouveau SoC<\/strong>, l\u2019Apple A8 int\u00e9grant le coprocesseur de mouvement M8 avec barom\u00e8tre. D\u2019autres am\u00e9liorations ont \u00e9t\u00e9 apport\u00e9es \u00e0 ce mod\u00e8le, comme l\u2019\u00e9cran Retina HD, le NFC pour Apple Pay et le LTE Advanced (dual carrier).<\/div>\n<div>Pour un iphone 6, les ing\u00e9nieurs de la firme de Cupertino ont opt\u00e9 pour un \u00e9cran plus grand. L\u2019iPhone 5s adopte un \u00e9cran de 4 pouces alors que\u00a0<strong>l\u2019iPhone 6 est \u00e9quip\u00e9 d\u2019un \u00e9cran Retina HD r\u00e9tro\u00e9clair\u00e9 par LED<\/strong>\u00a0de 4,7 pouces avec un affichage natif de 1334 x 750 pixels \u00e0 326 ppp dont les pixels sont \u00e0 double transistor pour angle de vision plus large. Cet \u00e9cran utilise la technologie Zoom pour un acc\u00e8s facilit\u00e9 aux nombreuses fonctionnalit\u00e9s et est prot\u00e9g\u00e9 par un double rev\u00eatement compos\u00e9 de verre ion-X r\u00e9sistant aux rayures et d\u2019un rev\u00eatement ol\u00e9ophobe r\u00e9sistant aux traces de doigt. Sous son capot, l\u2019iPhone 6 dispose d\u2019un tout nouveau SoC, l\u2019Apple A8 avec architecture 64 bits et coprocesseur de mouvement M8 int\u00e9gr\u00e9 avec barom\u00e8tre. Ce chipset se compose du CPU Typhoon \u00e0 double c\u0153ur cadenc\u00e9 \u00e0 1,4 GHz et du GPU PowerVR GX6450 \u00e0 six c\u0153urs cadenc\u00e9 \u00e0 650 MHz en mode normal et \u00e0 750 MHz en mode turbo. La m\u00e9moire vive install\u00e9e est de 1 Go DDR3 permettant aux applications et aux jeux vid\u00e9o de tourner \u00e0 plein r\u00e9gime sans aucun temps de latence et avec une fluidit\u00e9 incroyable. En mati\u00e8re d\u2019autonomie, ce mod\u00e8le dispose d\u2019une batterie non amovible au lithium polym\u00e8re d\u2019une capacit\u00e9 de 1810 mAh (6,9 Wh) lui permettant de rester en veille pendant 250 heures, de lancer de la musique jusqu\u2019\u00e0 50 heures et de passer\/recevoir des appels via le r\u00e9seau 3G jusqu\u2019\u00e0 14 heures.<\/div>\n<div><strong>Un iPhone 6 offre des capteurs photographiques performants<\/strong>. Si l\u2019appareil photo principal de ce mod\u00e8le de 8\u00e8me g\u00e9n\u00e9ration reste un capteur iSight de 8 m\u00e9gapixels comme celui de son pr\u00e9d\u00e9cesseur, il a subi plusieurs am\u00e9liorations : autofocus \u00e0 d\u00e9tection de phase, ouverture f\/2.2 pour des pixels de 1,5 \u00b5m, Flash True Tone dual-LED, mise au point Focus Pixel, panorama jusqu\u2019\u00e0 43 m\u00e9gapixels et slow motion en HD 720p \u00e0 240 images par seconde. Quant au capteur frontal, il s\u2019agit d\u2019une cam\u00e9ra FaceTime am\u00e9lior\u00e9e pouvant capturer des images \u00e0 1,2 m\u00e9gapixel et enregistrer des vid\u00e9os en HD 720p \u00e0 30 images par seconde. Celui-ci propose plusieurs fonctionnalit\u00e9s : d\u00e9tection de visage, HDR, mode rafale et appel vid\u00e9o fluide.<\/div>\n<div><\/div>\n<div><strong>L\u2019iPhone 6 est \u00e9quip\u00e9 de plusieurs capteurs<\/strong>, comme le capteur biom\u00e9trique, l\u2019acc\u00e9l\u00e9rom\u00e8tre, le gyroscope, le d\u00e9tecteur de proximit\u00e9, le capteur g\u00e9omagn\u00e9tique pour la boussole num\u00e9rique et le barom\u00e8tre. En mati\u00e8re de connectivit\u00e9, ce mod\u00e8le peut se connecter rapidement au r\u00e9seau 4G gr\u00e2ce \u00e0 la prise en charge de 20 bandes de fr\u00e9quences LTE et LTE-A (dual carrier) \u00e0 150 Mbit\/s et au r\u00e9seau Wi-Fi gr\u00e2ce \u00e0 la technologie 802.11b\/g\/n\/ac (2,4 GHz et 5 GHz).<br \/>\nCe produit est fait pour vous si vous souhaitez b\u00e9n\u00e9ficier d\u2019un smartphone haut de gamme alliant esth\u00e9tique et performance, et qui est dot\u00e9 de nombreuses caract\u00e9ristiques techniques int\u00e9ressantes, comme le NFC pour Apple Pay, le capteur \u00e0 double Flash LED et l\u2019\u00e9cran Retina HD \u00e0 pixels \u00e0 double transistor.<\/div>\n<\/div>\n<\/div>\n","protected":false},"excerpt":{"rendered":"<p>Votre impact sur l&#8217;environnement : Vous \u00e9vitez une \u00e9mission de 95kg de CO2 en achetant un iPhone 6 reconditionn\u00e9 Contenu\u2026<\/p>\n","protected":false},"featured_media":2874,"comment_status":"open","ping_status":"closed","template":"","meta":{"spay_email":""},"product_cat":[87,89],"product_tag":[],"class_list":["post-1913","product","type-product","status-publish","has-post-thumbnail","hentry","product_cat-iphone","product_cat-iphone6"],"_links":{"self":[{"href":"https:\/\/ecophone.benito.website\/index.php\/wp-json\/wp\/v2\/product\/1913","targetHints":{"allow":["GET"]}}],"collection":[{"href":"https:\/\/ecophone.benito.website\/index.php\/wp-json\/wp\/v2\/product"}],"about":[{"href":"https:\/\/ecophone.benito.website\/index.php\/wp-json\/wp\/v2\/types\/product"}],"replies":[{"embeddable":true,"href":"https:\/\/ecophone.benito.website\/index.php\/wp-json\/wp\/v2\/comments?post=1913"}],"wp:featuredmedia":[{"embeddable":true,"href":"https:\/\/ecophone.benito.website\/index.php\/wp-json\/wp\/v2\/media\/2874"}],"wp:attachment":[{"href":"https:\/\/ecophone.benito.website\/index.php\/wp-json\/wp\/v2\/media?parent=1913"}],"wp:term":[{"taxonomy":"product_cat","embeddable":true,"href":"https:\/\/ecophone.benito.website\/index.php\/wp-json\/wp\/v2\/product_cat?post=1913"},{"taxonomy":"product_tag","embeddable":true,"href":"https:\/\/ecophone.benito.website\/index.php\/wp-json\/wp\/v2\/product_tag?post=1913"}],"curies":[{"name":"wp","href":"https:\/\/api.w.org\/{rel}","templated":true}]}}