{"id":1988,"date":"2019-03-04T13:47:52","date_gmt":"2019-03-04T13:47:52","guid":{"rendered":"https:\/\/ecophone.fr\/index.php\/product\/iphone-6-plus-1-an-de-garantie\/"},"modified":"2021-11-16T17:36:12","modified_gmt":"2021-11-16T17:36:12","slug":"iphone6plus","status":"publish","type":"product","link":"https:\/\/ecophone.benito.website\/index.php\/product\/iphone6plus\/","title":{"rendered":"iPhone 6 Plus &#8211; 1 an de garantie"},"content":{"rendered":"<p><!--Logo Link--><\/p>\n<p><!--Top Promo \/Font-Awosem\/Edit Text or Icon--><!--Header End--><\/p>\n<h3>Votre impact sur l&#8217;environnement : Vous \u00e9vitez une \u00e9mission de 110kg de CO2 en achetant un iPhone 6 Plus reconditionn\u00e9<\/h3>\n<h3>Contenu du coffret :<\/h3>\n<ul>\n<li>iPhone<\/li>\n<li>C\u00e2ble Lightning vers USB (1M)<\/li>\n<li>Nous n&#8217;incluons pas les EarPods ainsi que l&#8217;adaptateur secteur afin d&#8217;\u00e9viter les d\u00e9chets inutiles. En effet, nous avons remarqu\u00e9 que beaucoup d&#8217;entre vous en poss\u00e8de d\u00e9j\u00e0. Si vous en avez r\u00e9ellement besoin, vous pouvez les inclure \u00e0 votre commande.<\/li>\n<\/ul>\n<h3>Grades :<\/h3>\n<ul>\n<li><strong>Parfait :\u00a0<\/strong>Ces t\u00e9l\u00e9phones ont \u00e9t\u00e9 enti\u00e8rement remis \u00e0 neuf par Apple et sont en excellent \u00e9tat de fonctionnement. Ils seront en parfait \u00e9tat cosm\u00e9tique et seront neufs! Ils ont \u00e9t\u00e9 enti\u00e8rement inspect\u00e9s, nettoy\u00e9s chirurgicalement et rigoureusement test\u00e9s dans le cadre de notre programme de contr\u00f4le de la qualit\u00e9 pour garantir leur excellent \u00e9tat de fonctionnement. Pour votre tranquillit\u00e9 d\u2019esprit, ils b\u00e9n\u00e9ficient de notre garantie compl\u00e8te de 12 mois. Si vous recherchez un t\u00e9l\u00e9phone qui ressemble \u00e0 un neuf sans le prix d\u2019un nouveau, ce t\u00e9l\u00e9phone est parfait pour vous!<\/li>\n<li><strong>Comme neuf :<\/strong>\u00a0Ces iPhone ont \u00e9t\u00e9 remis \u00e0 neuf par notre \u00e9quipe qualifi\u00e9e et sont en parfait \u00e9tat de fonctionnement. Ils seront en tr\u00e8s bon \u00e9tat esth\u00e9tique et comme neuf. Ils ont \u00e9t\u00e9 enti\u00e8rement inspect\u00e9s, nettoy\u00e9s chirurgicalement et rigoureusement test\u00e9s dans le cadre de notre programme de contr\u00f4le de la qualit\u00e9 pour garantir leur excellent \u00e9tat de fonctionnement. Pour votre tranquillit\u00e9 d\u2019esprit, ils b\u00e9n\u00e9ficient de notre garantie compl\u00e8te de 12 mois. Si vous recherchez un t\u00e9l\u00e9phone comme neuf mais sans le prix du neuf, cet appareil est fait pour vous!<\/li>\n<li><strong>Bon \u00e9tat :<\/strong>\u00a0Ces t\u00e9l\u00e9phones sont de qualit\u00e9, test\u00e9s et en parfait \u00e9tat de fonctionnement. Ces appareils peuvent \u00eatre un peu plus \u00e2g\u00e9 mais en tr\u00e8s bon \u00e9tat tant bien esth\u00e9tique que de fonctionnement. Ces t\u00e9l\u00e9phones peuvent avoir eu leur \u00e9cran, leur batterie ou tout autre composant remplac\u00e9 par un composant original. Ils ont \u00e9t\u00e9 enti\u00e8rement inspect\u00e9s, nettoy\u00e9s chirurgicalement et rigoureusement test\u00e9s dans le cadre de notre programme de contr\u00f4le de la qualit\u00e9 pour garantir leur excellent \u00e9tat de fonctionnement. Pour votre tranquillit\u00e9 d\u2019esprit, ils b\u00e9n\u00e9ficient de notre garantie compl\u00e8te de 12 mois. Nous pensons que c\u2019est le meilleur rapport qualit\u00e9-prix que vous pouvez trouver pour un t\u00e9l\u00e9phone !<\/li>\n<li><strong>Grade C :<\/strong>\u00a0Ces iPhone ont \u00e9t\u00e9 test\u00e9s et sont excellent \u00e9tat de fonctionnement. Pour leur \u00e2ge, ils ont \u00e9t\u00e9 bien utilis\u00e9s et montreront donc des signes d\u2019usure. Cela inclut, sans toutefois s\u2019y limiter, des rayures, coups et \u00e9raflures. Ils ont \u00e9t\u00e9 enti\u00e8rement inspect\u00e9s, minutieusement v\u00e9rifi\u00e9s et test\u00e9s pour garantir une utilisation sans probl\u00e8me. L\u2019usure est purement cosm\u00e9tique, elle n\u2019a aucune incidence sur l\u2019usage ! La plupart des appareils passent la plupart de leur vie avec un prot\u00e8ge \u00e9cran et une coque ! Ces traces d\u2019usures ne seront donc pas visible dans ces cas l\u00e0 ! Rejoignez des milliers de clients satisfaits en achetant un iPhone de notre gamme la plus vendue et r\u00e9alisez ainsi une sacr\u00e9e \u00e9conomie !<\/li>\n<\/ul>\n<div class=\"List_3faHu\">\n<h3 class=\"a-title h5\">D\u00e9tails techniques :<\/h3>\n<ul>\n<li><a href=\"https:\/\/ecophone.fr\/index.php\/pages\/garantie\/\"><strong>Garantie 1 an<\/strong><\/a><\/li>\n<li><b>Verrouillage\u00a0op\u00e9rateur :<\/b>\u00a0D\u00e9bloqu\u00e9 tout op\u00e9rateur<\/li>\n<li><strong>Taille \u00e9cran (pouces) :<\/strong>\u00a055<\/li>\n<li><strong>Capacit\u00e9 de stockage (Go) :<\/strong> 16 &#8211; 32 &#8211; 64 &#8211; 128<\/li>\n<li><strong>M\u00e9moire (Go) :<\/strong>\u00a01<\/li>\n<li><strong>Mod\u00e8le :<\/strong>\u00a0iPhone 6 Plus<\/li>\n<li><strong>Vitesse du processeur (GHz) :<\/strong>\u00a01.4<\/li>\n<li><strong>Marque du processeur :<\/strong>\u00a0Apple<\/li>\n<li><strong>Type du processeur :<\/strong>\u00a0A8<\/li>\n<li><strong>Nombre de coeurs :<\/strong>\u00a02<\/li>\n<li><strong>Megapixels :<\/strong>\u00a08<\/li>\n<li><strong>Syst\u00e8me d&#8217;exploitation :<\/strong>\u00a0iOS<\/li>\n<li><strong>R\u00e9solution :<\/strong>\u00a01080 x 1920<\/li>\n<li><strong>Contraste :<\/strong>\u00a01300:1<\/li>\n<li><strong>Type d&#8217;\u00e9cran :<\/strong>\u00a0LED<\/li>\n<li><strong>Connecteur :<\/strong>\u00a0USB 2.0<\/li>\n<li><strong>R\u00e9seau :<\/strong>\u00a04G<\/li>\n<li><strong>Date de sortie :<\/strong>\u00a0Septembre 2014<\/li>\n<li><strong>Double Sim :<\/strong>\u00a0Non<\/li>\n<li><strong>Marque :<\/strong>\u00a0Apple<\/li>\n<li><strong>Largeur (cm) :<\/strong>\u00a07,78<\/li>\n<li><strong>Profondeur (cm) :<\/strong>\u00a00,71<\/li>\n<li><strong>Poids (g) :<\/strong>\u00a0172<\/li>\n<li><strong>Hauteur (cm) :<\/strong>\u00a015,81<\/li>\n<\/ul>\n<\/div>\n<p>&nbsp;<\/p>\n<div class=\"Description_2qNTO\">\n<div>\n<div><strong>iPhone 6 Plus<br \/>\n<\/strong><\/div>\n<div>L\u2019iPhone 6 Plus se pr\u00e9sente comme le grand fr\u00e8re de l\u2019iPhone 6 avec qui il partage la 8\u00e8me g\u00e9n\u00e9ration du c\u00e9l\u00e8bre smartphone d\u2019Apple. Il dispose d\u2019un \u00e9cran Retina HD avec pixels \u00e0 double transistor de 5,5 pouces, d\u2019un surpuissant chipset \u00e0 architecture 64 bits accompagn\u00e9 d\u2019un coprocesseur avec barom\u00e8tre, d\u2019une puissante batterie de 11,1 Wh et d\u2019un capteur photo avec stabilisation optique de l\u2019image.<\/div>\n<div>Avec un iPhone 6 Plus reconditionn\u00e9, les utilisateurs b\u00e9n\u00e9ficient d\u2019un\u00a0<strong>magnifique smartphone haut de gamme<\/strong>\u00a0au design \u00e9l\u00e9gant et justifiant de hautes performances. Ce mod\u00e8le utilise un \u00e9cran de 5,5 m\u00e9gapixels affichant une r\u00e9solution en Full HD de 1920 x 1080 pixels avec une densit\u00e9 de pixels de 401 ppp et qui est prot\u00e9g\u00e9 par un verre ion-X et d\u2019un rev\u00eatement ol\u00e9ophobe r\u00e9sistant aux traces de doigts. Un iPhone 6 Plus 16 go or pas cher est \u00e9quip\u00e9 d\u2019un puissant chipset Apple A8 \u00e0 architecture 64 bits compos\u00e9 du processeur Typhoon \u00e0 double c\u0153ur cadenc\u00e9 \u00e0 1,4 GHz et de la puce graphique PowerVR GX6450 hexac\u0153ur cadenc\u00e9 \u00e0 650 \u2013 750 MHz. Celui-ci est accompagn\u00e9 d\u2019un coprocesseur M8 avec barom\u00e8tre. Ce mod\u00e8le utilise une batterie au lithium-polym\u00e8re de 2915 mAh lui permettant de rester en veille jusqu\u2019\u00e0 384 heures (16 jours), de\u00a0<strong>jouer de la musique pendant 80 heures<\/strong>\u00a0et de rester en communication 3G\/4G jusqu\u2019\u00e0 12 heures.<\/div>\n<div>Les utilisateurs d\u2019un iPhone 6 Plus propose une\u00a0<strong>couverture r\u00e9seau en 4G \u00e9largie<\/strong>\u00a0gr\u00e2ce \u00e0 la prise en charge de 20 bandes de fr\u00e9quences LTE et LTE-A \u00e0 150 Mb\/s et une couverture r\u00e9seau en Wi-Fi beaucoup plus puissante avec le Wi-Fi 802.11b\/g\/n\/ac (2,4 GHz et 5 GHz). Son capteur photo de 29 mm de 8 m\u00e9gapixels dispose d\u2019un autofocus \u00e0 d\u00e9tection de phase, d\u2019un OIS, d\u2019un double flash LED True Tone et d\u2019une ouverture f\/2.2 pour une taille de pixels de 1,5 \u00b5m. Le capteur d\u2019un iPhone 6 Plus 16 go or pas cher propose plusieurs fonctionnalit\u00e9s : panorama jusqu\u2019\u00e0 43 m\u00e9gapixels, slow motion \u00e0 240 images par seconde, mise au point Focus Pixel, HDR photo\/panorama et d\u00e9tection de visages\/sourires. Le capteur frontal de 1,2 m\u00e9gapixel b\u00e9n\u00e9ficie de la stabilisation optique pour les vid\u00e9os et propose une ouverture f\/2.2 et le mode rafale.<br \/>\nCe produit est fait pour vous si vous d\u00e9sirez profiter de la haute technologie d\u2019un smartphone au design \u00e9l\u00e9gant, qui est \u00e9galement ultraperformant et robuste.<\/div>\n<\/div>\n<\/div>\n","protected":false},"excerpt":{"rendered":"<p>Votre impact sur l&#8217;environnement : Vous \u00e9vitez une \u00e9mission de 110kg de CO2 en achetant un iPhone 6 Plus reconditionn\u00e9\u2026<\/p>\n","protected":false},"featured_media":2870,"comment_status":"open","ping_status":"closed","template":"","meta":{"spay_email":""},"product_cat":[87,89],"product_tag":[],"class_list":["post-1988","product","type-product","status-publish","has-post-thumbnail","hentry","product_cat-iphone","product_cat-iphone6"],"_links":{"self":[{"href":"https:\/\/ecophone.benito.website\/index.php\/wp-json\/wp\/v2\/product\/1988","targetHints":{"allow":["GET"]}}],"collection":[{"href":"https:\/\/ecophone.benito.website\/index.php\/wp-json\/wp\/v2\/product"}],"about":[{"href":"https:\/\/ecophone.benito.website\/index.php\/wp-json\/wp\/v2\/types\/product"}],"replies":[{"embeddable":true,"href":"https:\/\/ecophone.benito.website\/index.php\/wp-json\/wp\/v2\/comments?post=1988"}],"wp:featuredmedia":[{"embeddable":true,"href":"https:\/\/ecophone.benito.website\/index.php\/wp-json\/wp\/v2\/media\/2870"}],"wp:attachment":[{"href":"https:\/\/ecophone.benito.website\/index.php\/wp-json\/wp\/v2\/media?parent=1988"}],"wp:term":[{"taxonomy":"product_cat","embeddable":true,"href":"https:\/\/ecophone.benito.website\/index.php\/wp-json\/wp\/v2\/product_cat?post=1988"},{"taxonomy":"product_tag","embeddable":true,"href":"https:\/\/ecophone.benito.website\/index.php\/wp-json\/wp\/v2\/product_tag?post=1988"}],"curies":[{"name":"wp","href":"https:\/\/api.w.org\/{rel}","templated":true}]}}