{"id":2209,"date":"2019-03-04T17:24:34","date_gmt":"2019-03-04T17:24:34","guid":{"rendered":"https:\/\/ecophone.fr\/index.php\/product\/iphone-5-1-an-de-garantie\/"},"modified":"2026-04-15T08:45:42","modified_gmt":"2026-04-15T08:45:42","slug":"iphone5","status":"publish","type":"product","link":"https:\/\/ecophone.benito.website\/index.php\/product\/iphone5\/","title":{"rendered":"iPhone 5 &#8211; 1 an de garantie"},"content":{"rendered":"<h3>Votre impact sur l&#8217;environnement : Vous \u00e9vitez une \u00e9mission de 75kg de CO2 en achetant un iPhone 5 reconditionn\u00e9<\/h3>\n<h3>Contenu du coffret :<\/h3>\n<ul>\n<li>iPhone<\/li>\n<li>C\u00e2ble Lightning vers USB (1M)<\/li>\n<li>Nous n&#8217;incluons pas les EarPods ainsi que l&#8217;adaptateur secteur afin d&#8217;\u00e9viter les d\u00e9chets inutiles. En effet, nous avons remarqu\u00e9 que beaucoup d&#8217;entre vous en poss\u00e8de d\u00e9j\u00e0. Si vous en avez r\u00e9ellement besoin, vous pouvez les inclure \u00e0 votre commande.<\/li>\n<\/ul>\n<h3>Grades :<\/h3>\n<ul>\n<li><strong>Parfait :\u00a0<\/strong>Ces t\u00e9l\u00e9phones ont \u00e9t\u00e9 enti\u00e8rement remis \u00e0 neuf par Apple et sont en excellent \u00e9tat de fonctionnement. Ils seront en parfait \u00e9tat cosm\u00e9tique et seront neufs! Ils ont \u00e9t\u00e9 enti\u00e8rement inspect\u00e9s, nettoy\u00e9s chirurgicalement et rigoureusement test\u00e9s dans le cadre de notre programme de contr\u00f4le de la qualit\u00e9 pour garantir leur excellent \u00e9tat de fonctionnement. Pour votre tranquillit\u00e9 d\u2019esprit, ils b\u00e9n\u00e9ficient de notre garantie compl\u00e8te de 12 mois. Si vous recherchez un t\u00e9l\u00e9phone qui ressemble \u00e0 un neuf sans le prix d\u2019un nouveau, ce t\u00e9l\u00e9phone est parfait pour vous!<\/li>\n<li><strong>Comme neuf :<\/strong>\u00a0Ces iPhone ont \u00e9t\u00e9 remis \u00e0 neuf par notre \u00e9quipe qualifi\u00e9e et sont en parfait \u00e9tat de fonctionnement. Ils seront en tr\u00e8s bon \u00e9tat esth\u00e9tique et comme neuf. Ils ont \u00e9t\u00e9 enti\u00e8rement inspect\u00e9s, nettoy\u00e9s chirurgicalement et rigoureusement test\u00e9s dans le cadre de notre programme de contr\u00f4le de la qualit\u00e9 pour garantir leur excellent \u00e9tat de fonctionnement. Pour votre tranquillit\u00e9 d\u2019esprit, ils b\u00e9n\u00e9ficient de notre garantie compl\u00e8te de 12 mois. Si vous recherchez un t\u00e9l\u00e9phone comme neuf mais sans le prix du neuf, cet appareil est fait pour vous!<\/li>\n<li><strong>Bon \u00e9tat :<\/strong>\u00a0Ces t\u00e9l\u00e9phones sont de qualit\u00e9, test\u00e9s et en parfait \u00e9tat de fonctionnement. Ces appareils peuvent \u00eatre un peu plus \u00e2g\u00e9 mais en tr\u00e8s bon \u00e9tat tant bien esth\u00e9tique que de fonctionnement. Ces t\u00e9l\u00e9phones peuvent avoir eu leur \u00e9cran, leur batterie ou tout autre composant remplac\u00e9 par un composant original. Ils ont \u00e9t\u00e9 enti\u00e8rement inspect\u00e9s, nettoy\u00e9s chirurgicalement et rigoureusement test\u00e9s dans le cadre de notre programme de contr\u00f4le de la qualit\u00e9 pour garantir leur excellent \u00e9tat de fonctionnement. Pour votre tranquillit\u00e9 d\u2019esprit, ils b\u00e9n\u00e9ficient de notre garantie compl\u00e8te de 12 mois. Nous pensons que c\u2019est le meilleur rapport qualit\u00e9-prix que vous pouvez trouver pour un t\u00e9l\u00e9phone !<\/li>\n<li><strong>Grade C :<\/strong>\u00a0Ces iPhone ont \u00e9t\u00e9 test\u00e9s et sont excellent \u00e9tat de fonctionnement. Pour leur \u00e2ge, ils ont \u00e9t\u00e9 bien utilis\u00e9s et montreront donc des signes d\u2019usure. Cela inclut, sans toutefois s\u2019y limiter, des rayures, coups et \u00e9raflures. Ils ont \u00e9t\u00e9 enti\u00e8rement inspect\u00e9s, minutieusement v\u00e9rifi\u00e9s et test\u00e9s pour garantir une utilisation sans probl\u00e8me. L\u2019usure est purement cosm\u00e9tique, elle n\u2019a aucune incidence sur l\u2019usage ! La plupart des appareils passent la plupart de leur vie avec un prot\u00e8ge \u00e9cran et une coque ! Ces traces d\u2019usures ne seront donc pas visible dans ces cas l\u00e0 ! Rejoignez des milliers de clients satisfaits en achetant un iPhone de notre gamme la plus vendue et r\u00e9alisez ainsi une sacr\u00e9e \u00e9conomie !<\/li>\n<\/ul>\n<div class=\"List_3faHu\">\n<h3 class=\"a-title h5\">D\u00e9tails techniques :<\/h3>\n<ul>\n<li><a href=\"https:\/\/ecophone.fr\/index.php\/pages\/garantie\/\"><strong>Garantie 1 an<\/strong><\/a><\/li>\n<li><b>Verrouillage\u00a0op\u00e9rateur :<\/b>\u00a0D\u00e9bloqu\u00e9 tout op\u00e9rateur<\/li>\n<li><strong>Taille \u00e9cran (pouces) :<\/strong>\u00a04<\/li>\n<li><strong>Capacit\u00e9 de stockage (Go) :<\/strong>\u00a016 &#8211; 32 &#8211; 64<\/li>\n<li><strong>M\u00e9moire (Go) :<\/strong>\u00a01<\/li>\n<li><strong>Mod\u00e8le :<\/strong>\u00a0iPhone 5<\/li>\n<li><strong>Megapixels :<\/strong>\u00a08<\/li>\n<li><strong>R\u00e9solution :<\/strong>\u00a0640 x 1136<\/li>\n<li><strong>Type d&#8217;\u00e9cran :<\/strong>\u00a0LED-backlit IPS LCD<\/li>\n<li><strong>Vitesse du processeur (GHz) :<\/strong>\u00a01,3<\/li>\n<li><strong>Marque du processeur :<\/strong>\u00a0Apple<\/li>\n<li><strong>Type du processeur :<\/strong>\u00a0Apple A6<\/li>\n<li><strong>Contraste :<\/strong>\u00a0800:1<\/li>\n<li><strong>R\u00e9seau :<\/strong>\u00a03G<\/li>\n<li><strong>Syst\u00e8me d&#8217;exploitation :<\/strong>\u00a0iOS<\/li>\n<li><strong>Nombre de coeurs :<\/strong>\u00a02<\/li>\n<li><strong>Connecteur :<\/strong>\u00a0Micro USB 2.0<\/li>\n<li><strong>Date de sortie :<\/strong>\u00a0September 2012<\/li>\n<li><strong>Double Sim :<\/strong>\u00a0Non<\/li>\n<li><strong>Marque :<\/strong>\u00a0Apple<\/li>\n<li><strong>Largeur (cm) :<\/strong>\u00a05,86<\/li>\n<li><strong>Profondeur (cm) :<\/strong>\u00a00,76<\/li>\n<li><strong>Poids (g) :<\/strong>\u00a0112<\/li>\n<li><strong>Hauteur (cm) :<\/strong>\u00a012,38<\/li>\n<\/ul>\n<\/div>\n<div class=\"Description_2qNTO\">\n<div>\n<div><\/div>\n<div><strong>iPhone 5<br \/>\n<\/strong><\/div>\n<div>La firme de Cupertino a sorti son iPhone 5 en septembre 2012. Celui-ci est la 6\u00e8me g\u00e9n\u00e9ration de l\u2019iPhone et apporte plusieurs innovations majeures. Un iPhone 5 pas cher offre une toute nouvelle conception puisqu\u2019il est plus fin et plus l\u00e9ger que ses pr\u00e9d\u00e9cesseurs tout en disposant d\u2019une configuration haut de gamme. Pour un iPhone 5, la principale innovation se trouve au niveau du design. Le smartphone d\u2019Apple est fait d\u2019aluminium anodis\u00e9 avec des bords biseaut\u00e9s taill\u00e9s au diamant. Contrairement \u00e0 ses pr\u00e9d\u00e9cesseurs, l\u2019ecran iPhone 5 est beaucoup plus grand puisqu\u2019il fait d\u00e9sormais 4 pouces. Il s\u2019agit d\u2019un \u00e9cran Retina LED-backlit IPS LCD avec une r\u00e9solution en 16:9\u00e8me de 1136 x 640 pixels avec une densit\u00e9 de pixels de 3266 ppp contre un \u00e9cran de 3,5 pouces pour les 5 premi\u00e8res g\u00e9n\u00e9rations de l\u2019iPhone. Celui-ci int\u00e8gre aussi un capteur multi-touch pour une meilleure utilisation. Ce mod\u00e8le de 6\u00e8me g\u00e9n\u00e9ration dispose d\u2019un nouveau processeur Apple A6, qui a la particularit\u00e9 d\u2019\u00eatre cadenc\u00e9 \u00e0 1,3 GHz alors que celui de l\u2019iPhone 4s, l\u2019Apple A5, ne tourne qu\u2019\u00e0 800 MHz. Le processeur d\u2019un iPhone 5 int\u00e8gre aussi la puce graphique PowerVR SGX 5643MP4 triple c\u0153ur cadenc\u00e9 \u00e0 266 MHz contre une puce graphique \u00e0 double c\u0153ur de 200 MHz pour son pr\u00e9d\u00e9cesseur. Et si les performances du processeur et de la puce graphique sont jusqu\u2019\u00e0 deux fois plus rapides par rapport \u00e0 celles de l\u2019iPhone 4s, ce mod\u00e8le offre une grande autonomie gr\u00e2ce \u00e0 sa batterie au lithium-ion de 1440 mAh, jusqu\u2019\u00e0 225 heures en veille. Un iPhone 5 noir pas cher supporte aussi le Wi-Fi bi-bande 802.11n et la 4G\/LTE tribandes \u00e0 100 Mb\/s, tout en int\u00e9grant la nano-Sim, qui est une carte SIM de taille r\u00e9duite, et le connecteur Lightning, qui remplace le connecteur Dock et qui est plus compact et r\u00e9versible. Un iPhone 5\u00a0 apple utilise le m\u00eame appareil photo de 8 m\u00e9gapixels sign\u00e9 Sony que son pr\u00e9d\u00e9cesseur de 5\u00e8me g\u00e9n\u00e9ration. Ce capteur permet d\u00e9sormais de prendre des photos pendant l\u2019enregistrement d\u2019une vid\u00e9o. D\u2019ailleurs, la stabilisation vid\u00e9o a \u00e9galement \u00e9t\u00e9 am\u00e9lior\u00e9e pour que les vid\u00e9os soient plus fixes m\u00eame si les utilisateurs ont la tremblote. Le capteur frontal de 1,2 m\u00e9gapixels d\u2019un iPhone 5 noir 16go pas cher b\u00e9n\u00e9ficie d\u2019une innovation au niveau de la capture vid\u00e9o, qui est maintenant en haute d\u00e9finition 720p. Les utilisateurs peuvent alors faire un FaceTime HD \u00e0 30 images par seconde. Et m\u00eame si l\u2019affichage de l\u2019iPhone 5 est beaucoup plus grand, sa largeur n\u2019a pas chang\u00e9. Concernant l\u2019iPhone 5 prix, celui-ci est abordable puisqu\u2019\u00e0 sa sortie, l\u2019iPhone 5 coutait 679 \u20ac contre 629 \u20ac pour le mod\u00e8le 16 go. Pour ce qui est de la couleur, ce mod\u00e8le est disponible en noir et en blanc tout comme ses pr\u00e9d\u00e9cesseurs. Ce produit est fait pour vous si vous d\u00e9sirez avoir un smartphone haut de gamme avec un beau design moderne et une configuration performante pour faire tourner les jeux et les applications de mani\u00e8re fluide.<\/div>\n<div><strong>Ses points forts<\/strong>\u00a0:<\/div>\n<div>Une toute nouvelle conception<\/div>\n<div>\n<p>Avec une \u00e9paisseur de 7,6 mm pour un poids de 112 g, l&#8217;iPhone 5 est remarquablement fin et l\u00e9ger. Il est fait d&#8217;aluminium anodis\u00e9. Et ses bords biseaut\u00e9s sont taill\u00e9s au diamant avec une incroyable pr\u00e9cision.<\/p>\n<\/div>\n<div>Un \u00e9cran Retina brillant de 4 pouces<\/div>\n<div>\n<p>D\u00e9sormais, vous voyez tout de fa\u00e7on plus \u00e9clatante et r\u00e9aliste. Et bien que l&#8217;affichage soit plus grand, la largeur reste identique \u00e0 celle d&#8217;un iPhone 4S. Il est donc tout aussi facile \u00e0 utiliser dune seule main.<\/p>\n<\/div>\n<div>Une puce A6 puissante<\/div>\n<div>\n<p>Les performances graphiques et celles du processeur sont jusqu&#8217;\u00e0 deux fois plus rapides que sur la puce A5. L&#8217;iPhone 5 n&#8217;en offre pas moins une remarquable autonomie:<\/p>\n<\/div>\n<div>\u00a0&#8211; Batterie au lithium-ion rechargeable int\u00e9gr\u00e9e<\/div>\n<div>\u00a0&#8211; Recharge via USB par l\u2019ordinateur ou l\u2019adaptateur secteur<\/div>\n<div><\/div>\n<div>Une connectivit\u00e9 ultra-rapide<\/div>\n<div>L&#8217;iPhone 5 prend en charge les technologies sans fil les plus r\u00e9centes et se connecte ainsi \u00e0 un plus grand nombre de r\u00e9seaux dans le monde. Le Wi-Fi est \u00e9galement plus rapide.<\/div>\n<\/div>\n<\/div>\n","protected":false},"excerpt":{"rendered":"<p>Votre impact sur l&#8217;environnement : Vous \u00e9vitez une \u00e9mission de 75kg de CO2 en achetant un iPhone 5 reconditionn\u00e9 Contenu\u2026<\/p>\n","protected":false},"featured_media":2861,"comment_status":"open","ping_status":"closed","template":"","meta":{"spay_email":""},"product_cat":[87,88],"product_tag":[],"class_list":["post-2209","product","type-product","status-publish","has-post-thumbnail","hentry","product_cat-iphone","product_cat-iphone5"],"_links":{"self":[{"href":"https:\/\/ecophone.benito.website\/index.php\/wp-json\/wp\/v2\/product\/2209","targetHints":{"allow":["GET"]}}],"collection":[{"href":"https:\/\/ecophone.benito.website\/index.php\/wp-json\/wp\/v2\/product"}],"about":[{"href":"https:\/\/ecophone.benito.website\/index.php\/wp-json\/wp\/v2\/types\/product"}],"replies":[{"embeddable":true,"href":"https:\/\/ecophone.benito.website\/index.php\/wp-json\/wp\/v2\/comments?post=2209"}],"wp:featuredmedia":[{"embeddable":true,"href":"https:\/\/ecophone.benito.website\/index.php\/wp-json\/wp\/v2\/media\/2861"}],"wp:attachment":[{"href":"https:\/\/ecophone.benito.website\/index.php\/wp-json\/wp\/v2\/media?parent=2209"}],"wp:term":[{"taxonomy":"product_cat","embeddable":true,"href":"https:\/\/ecophone.benito.website\/index.php\/wp-json\/wp\/v2\/product_cat?post=2209"},{"taxonomy":"product_tag","embeddable":true,"href":"https:\/\/ecophone.benito.website\/index.php\/wp-json\/wp\/v2\/product_tag?post=2209"}],"curies":[{"name":"wp","href":"https:\/\/api.w.org\/{rel}","templated":true}]}}