{"id":2233,"date":"2019-03-04T18:12:05","date_gmt":"2019-03-04T18:12:05","guid":{"rendered":"https:\/\/ecophone.fr\/index.php\/product\/iphone-se-1-an-de-garantie\/"},"modified":"2021-11-16T17:33:48","modified_gmt":"2021-11-16T17:33:48","slug":"iphonese","status":"publish","type":"product","link":"https:\/\/ecophone.benito.website\/index.php\/product\/iphonese\/","title":{"rendered":"iPhone SE &#8211; 1 an de garantie"},"content":{"rendered":"<h3>Votre impact sur l&#8217;environnement : Vous \u00e9vitez une \u00e9mission de 45kg de CO2 en achetant un iPhone se reconditionn\u00e9<\/h3>\n<h3>Contenu du coffret :<\/h3>\n<ul>\n<li>iPhone<\/li>\n<li>C\u00e2ble Lightning vers USB (1M)<\/li>\n<li>Nous n&#8217;incluons pas les EarPods ainsi que l&#8217;adaptateur secteur afin d&#8217;\u00e9viter les d\u00e9chets inutiles. En effet, nous avons remarqu\u00e9 que beaucoup d&#8217;entre vous en poss\u00e8de d\u00e9j\u00e0. Si vous en avez r\u00e9ellement besoin, vous pouvez les inclure \u00e0 votre commande.<\/li>\n<\/ul>\n<h3>Grades :<\/h3>\n<ul>\n<li><strong>Parfait :\u00a0<\/strong>Ces t\u00e9l\u00e9phones ont \u00e9t\u00e9 enti\u00e8rement remis \u00e0 neuf par Apple et sont en excellent \u00e9tat de fonctionnement. Ils seront en parfait \u00e9tat cosm\u00e9tique et seront neufs! Ils ont \u00e9t\u00e9 enti\u00e8rement inspect\u00e9s, nettoy\u00e9s chirurgicalement et rigoureusement test\u00e9s dans le cadre de notre programme de contr\u00f4le de la qualit\u00e9 pour garantir leur excellent \u00e9tat de fonctionnement. Pour votre tranquillit\u00e9 d\u2019esprit, ils b\u00e9n\u00e9ficient de notre garantie compl\u00e8te de 12 mois. Si vous recherchez un t\u00e9l\u00e9phone qui ressemble \u00e0 un neuf sans le prix d\u2019un nouveau, ce t\u00e9l\u00e9phone est parfait pour vous!<\/li>\n<li><strong>Comme neuf :<\/strong>\u00a0Ces iPhone ont \u00e9t\u00e9 remis \u00e0 neuf par notre \u00e9quipe qualifi\u00e9e et sont en parfait \u00e9tat de fonctionnement. Ils seront en tr\u00e8s bon \u00e9tat esth\u00e9tique et comme neuf. Ils ont \u00e9t\u00e9 enti\u00e8rement inspect\u00e9s, nettoy\u00e9s chirurgicalement et rigoureusement test\u00e9s dans le cadre de notre programme de contr\u00f4le de la qualit\u00e9 pour garantir leur excellent \u00e9tat de fonctionnement. Pour votre tranquillit\u00e9 d\u2019esprit, ils b\u00e9n\u00e9ficient de notre garantie compl\u00e8te de 12 mois. Si vous recherchez un t\u00e9l\u00e9phone comme neuf mais sans le prix du neuf, cet appareil est fait pour vous!<\/li>\n<li><strong>Bon \u00e9tat :<\/strong>\u00a0Ces t\u00e9l\u00e9phones sont de qualit\u00e9, test\u00e9s et en parfait \u00e9tat de fonctionnement. Ces appareils peuvent \u00eatre un peu plus \u00e2g\u00e9 mais en tr\u00e8s bon \u00e9tat tant bien esth\u00e9tique que de fonctionnement. Ces t\u00e9l\u00e9phones peuvent avoir eu leur \u00e9cran, leur batterie ou tout autre composant remplac\u00e9 par un composant original. Ils ont \u00e9t\u00e9 enti\u00e8rement inspect\u00e9s, nettoy\u00e9s chirurgicalement et rigoureusement test\u00e9s dans le cadre de notre programme de contr\u00f4le de la qualit\u00e9 pour garantir leur excellent \u00e9tat de fonctionnement. Pour votre tranquillit\u00e9 d\u2019esprit, ils b\u00e9n\u00e9ficient de notre garantie compl\u00e8te de 12 mois. Nous pensons que c\u2019est le meilleur rapport qualit\u00e9-prix que vous pouvez trouver pour un t\u00e9l\u00e9phone !<\/li>\n<li><strong>Grade C :<\/strong>\u00a0Ces iPhone ont \u00e9t\u00e9 test\u00e9s et sont excellent \u00e9tat de fonctionnement. Pour leur \u00e2ge, ils ont \u00e9t\u00e9 bien utilis\u00e9s et montreront donc des signes d\u2019usure. Cela inclut, sans toutefois s\u2019y limiter, des rayures, coups et \u00e9raflures. Ils ont \u00e9t\u00e9 enti\u00e8rement inspect\u00e9s, minutieusement v\u00e9rifi\u00e9s et test\u00e9s pour garantir une utilisation sans probl\u00e8me. L\u2019usure est purement cosm\u00e9tique, elle n\u2019a aucune incidence sur l\u2019usage ! La plupart des appareils passent la plupart de leur vie avec un prot\u00e8ge \u00e9cran et une coque ! Ces traces d\u2019usures ne seront donc pas visible dans ces cas l\u00e0 ! Rejoignez des milliers de clients satisfaits en achetant un iPhone de notre gamme la plus vendue et r\u00e9alisez ainsi une sacr\u00e9e \u00e9conomie !<\/li>\n<\/ul>\n<div class=\"List_3faHu\">\n<div class=\"List_3faHu\">\n<h3 class=\"a-title h5\">D\u00e9tails techniques :<\/h3>\n<ul>\n<li><a href=\"https:\/\/ecophone.fr\/index.php\/pages\/garantie\/\"><strong>Garantie 1 an<\/strong><\/a><\/li>\n<li><strong>V\u00e9rouillage op\u00e9rateur :<\/strong>\u00a0D\u00e9bloqu\u00e9 tout op\u00e9rateur<\/li>\n<li><strong>Taille \u00e9cran (pouces) :<\/strong>\u00a04<\/li>\n<li><strong>Capacit\u00e9 de stockage (Go) :<\/strong>\u00a016 &#8211; 32 &#8211; 64 &#8211; 128<\/li>\n<li><strong>Mod\u00e8le :<\/strong>\u00a0iPhone SE<\/li>\n<li><strong>M\u00e9moire (Go) :<\/strong>\u00a02<\/li>\n<li><strong>Vitesse du processeur (GHz) :<\/strong>\u00a01.84<\/li>\n<li><strong>Marque du processeur :<\/strong>\u00a0Apple<\/li>\n<li><strong>Type du processeur :<\/strong>\u00a0Apple A9<\/li>\n<li><strong>Nombre de coeurs :<\/strong>\u00a02<\/li>\n<li><strong>Megapixels :<\/strong>\u00a012<\/li>\n<li><strong>Syst\u00e8me d&#8217;exploitation :<\/strong>\u00a0iOS<\/li>\n<li><strong>R\u00e9solution :<\/strong>\u00a0640 x 1136<\/li>\n<li><strong>Contraste :<\/strong>\u00a0800:1 (standard)<\/li>\n<li><strong>Type d&#8217;\u00e9cran :<\/strong>\u00a0LED<\/li>\n<li><strong>Connecteur :<\/strong>\u00a0USB 2.0<\/li>\n<li><strong>R\u00e9seau :<\/strong>\u00a04G<\/li>\n<li><strong>Date de sortie :<\/strong>\u00a0Mars 2016<\/li>\n<li><strong>Double Sim :<\/strong>\u00a0Non<\/li>\n<li><strong>Marque :<\/strong>\u00a0Apple<\/li>\n<li><strong>Largeur (cm) :<\/strong>\u00a05,86<\/li>\n<li><strong>Profondeur (cm) :<\/strong>\u00a00,76<\/li>\n<li><strong>Poids (g) :<\/strong>\u00a0113<\/li>\n<li><strong>Hauteur (cm) :<\/strong>\u00a012,38<\/li>\n<\/ul>\n<\/div>\n<div class=\"Description_2qNTO\">\n<div>\n<div><\/div>\n<div><strong>iPhone SE<br \/>\n<\/strong><\/div>\n<div>\n<p>L\u2019iPhone SE est sans doute\u00a0<strong>le smartphone de 4 pouces le plus \u00e9l\u00e9gant et le plus puissant au monde<\/strong>. Reprenant le m\u00eame design que l\u2019iPhone 5s, il dispose des\u00a0<strong>m\u00eames caract\u00e9ristiques techniques que ses pr\u00e9d\u00e9cesseurs de 9\u00e8me et 11\u00e8me g\u00e9n\u00e9ration : l\u2019iPhone 6 et l\u2019iPhone 6s<\/strong>. Un iPhone SE rose int\u00e8gre un \u00e9cran HD, un SoC ultraperformant, un capteur biom\u00e9trique et bien d\u2019autres composants haut de gamme.<\/p>\n<\/div>\n<div>\n<p>Bien qu\u2019un iPhone SE reprenne les m\u00eames dimensions que l\u2019iPhone 5s ainsi qu\u2019une taille d\u2019\u00e9cran de 4 pouces, les similitudes avec le mod\u00e8le de 7\u00e8me g\u00e9n\u00e9rations s\u2019arr\u00eatent l\u00e0. En effet, ce mod\u00e8le est dot\u00e9 d\u2019un\u00a0<strong>\u00e9cran Retina HD avec des pixels \u00e0 double transistor pour une r\u00e9solution de 640 x 1136 pixels<\/strong>\u00a0avec une densit\u00e9 de pixels de 326 ppp. Sous son capot, un iPhone SE pas cher est \u00e9quip\u00e9 du SoC Apple A9 compos\u00e9 d\u2019un CPU Twister double c\u0153ur \u00e0 architecture 64 bits cadenc\u00e9 \u00e0 1,84 GHz et d\u2019un GPU PowerVR GT7600 hexacore de 14\/16 nm \u00e0 192 bits utilisant la technologie DirectX 11. Pour \u00e9pauler le SoC, les ing\u00e9nieurs de la firme de Cupertino ont install\u00e9 un coprocesseur baptis\u00e9 M9 qui a pour objectif de g\u00e9rer les capteurs environnementaux.\u00a0<strong>Avec cette configuration, les utilisateurs peuvent faire tourner leurs applications et leurs jeux vid\u00e9o \u00e0 pleine puissance<\/strong>\u00a0avec un affichage fluide et\u00a0<strong>une vitesse d\u2019ex\u00e9cution incroyable<\/strong>. Avec un iPhone SE, les amateurs de photographie ont \u00e0 leur disposition un smartphone haut de gamme dot\u00e9 d\u2019un\u00a0<strong>puissant capteur photographie de 29 mm de 12 m\u00e9gapixels<\/strong>\u00a0avec une ouverture f\/2.2, un autofocus \u00e0 d\u00e9tection de phase et un double flash LED. Le capteur d\u2019un iPhone SE rose propose de nombreuses fonctionnalit\u00e9s, comme la\u00a0<strong>mise au point par toucher et l\u2019enregistrement en 4K simultan\u00e9 avec la capture d\u2019images \u00e0 8 m\u00e9gapixels<\/strong>. Plusieurs r\u00e9solutions sont propos\u00e9es pour les vid\u00e9os : UHD 4K 2160p \u00e0 30 fps, FullHD 1080p \u00e0 30\/60\/120 fps et en HD 720p \u00e0 240 fps (avec slow motion).<\/p>\n<\/div>\n<div>Ce produit est fait pour vous si vous souhaitez b\u00e9n\u00e9ficier d\u2019un puissant smartphone haut de gamme avec un design premium et dot\u00e9 de caract\u00e9ristiques techniques int\u00e9ressantes.<\/div>\n<\/div>\n<\/div>\n<\/div>\n","protected":false},"excerpt":{"rendered":"<p>Votre impact sur l&#8217;environnement : Vous \u00e9vitez une \u00e9mission de 45kg de CO2 en achetant un iPhone se reconditionn\u00e9 Contenu\u2026<\/p>\n","protected":false},"featured_media":2855,"comment_status":"open","ping_status":"closed","template":"","meta":{"spay_email":""},"product_cat":[87,88],"product_tag":[],"class_list":["post-2233","product","type-product","status-publish","has-post-thumbnail","hentry","product_cat-iphone","product_cat-iphone5"],"_links":{"self":[{"href":"https:\/\/ecophone.benito.website\/index.php\/wp-json\/wp\/v2\/product\/2233","targetHints":{"allow":["GET"]}}],"collection":[{"href":"https:\/\/ecophone.benito.website\/index.php\/wp-json\/wp\/v2\/product"}],"about":[{"href":"https:\/\/ecophone.benito.website\/index.php\/wp-json\/wp\/v2\/types\/product"}],"replies":[{"embeddable":true,"href":"https:\/\/ecophone.benito.website\/index.php\/wp-json\/wp\/v2\/comments?post=2233"}],"wp:featuredmedia":[{"embeddable":true,"href":"https:\/\/ecophone.benito.website\/index.php\/wp-json\/wp\/v2\/media\/2855"}],"wp:attachment":[{"href":"https:\/\/ecophone.benito.website\/index.php\/wp-json\/wp\/v2\/media?parent=2233"}],"wp:term":[{"taxonomy":"product_cat","embeddable":true,"href":"https:\/\/ecophone.benito.website\/index.php\/wp-json\/wp\/v2\/product_cat?post=2233"},{"taxonomy":"product_tag","embeddable":true,"href":"https:\/\/ecophone.benito.website\/index.php\/wp-json\/wp\/v2\/product_tag?post=2233"}],"curies":[{"name":"wp","href":"https:\/\/api.w.org\/{rel}","templated":true}]}}