{"id":2382,"date":"2019-03-09T13:05:11","date_gmt":"2019-03-09T13:05:11","guid":{"rendered":"https:\/\/ecophone.fr\/index.php\/product\/ecouteurs-casque-lightning-earpods-apple-ecouteur-pour-iphone-7-8-x-ipad-boite\/"},"modified":"2021-11-16T17:31:02","modified_gmt":"2021-11-16T17:31:02","slug":"ecouteurs-lightning","status":"publish","type":"product","link":"https:\/\/ecophone.benito.website\/index.php\/product\/ecouteurs-lightning\/","title":{"rendered":"\u00c9couteurs Earpods avec connecteur Lightning"},"content":{"rendered":"<div class=\"para-list as-pdp-lastparalist\">\n<p>\u00c0 la diff\u00e9rence des \u00e9couteurs boutons circulaires traditionnels, le design des EarPods \u00e9pouse la g\u00e9om\u00e9trie de l\u2019oreille. Ce qui les rend plus confortables que tout autre \u00e9couteur de ce type pour un plus grand nombre de personnes.<\/p>\n<\/div>\n<div class=\"para-list as-pdp-lastparalist\">\n<p>Les haut-parleurs des EarPods ont \u00e9t\u00e9 con\u00e7us pour optimiser la puissance sonore tout en r\u00e9duisant au maximum les d\u00e9perditions, pour vous offrir un son de qualit\u00e9 sup\u00e9rieure.<\/p>\n<\/div>\n<div class=\"para-list as-pdp-lastparalist\">\n<p>Les \u00e9couteurs EarPods avec connecteur Lightning int\u00e8grent une t\u00e9l\u00e9commande qui permet de r\u00e9gler le volume, contr\u00f4ler la lecture audio et vid\u00e9o, et passer ou mettre fin aux appels, d\u2019une simple pression sur le fil.<\/p>\n<\/div>\n","protected":false},"excerpt":{"rendered":"<p>\u00c0 la diff\u00e9rence des \u00e9couteurs boutons circulaires traditionnels, le design des EarPods \u00e9pouse la g\u00e9om\u00e9trie de l\u2019oreille. Ce qui les\u2026<\/p>\n","protected":false},"featured_media":2851,"comment_status":"open","ping_status":"closed","template":"","meta":{"spay_email":""},"product_cat":[15],"product_tag":[],"class_list":["post-2382","product","type-product","status-publish","has-post-thumbnail","hentry","product_cat-uncategorized"],"_links":{"self":[{"href":"https:\/\/ecophone.benito.website\/index.php\/wp-json\/wp\/v2\/product\/2382","targetHints":{"allow":["GET"]}}],"collection":[{"href":"https:\/\/ecophone.benito.website\/index.php\/wp-json\/wp\/v2\/product"}],"about":[{"href":"https:\/\/ecophone.benito.website\/index.php\/wp-json\/wp\/v2\/types\/product"}],"replies":[{"embeddable":true,"href":"https:\/\/ecophone.benito.website\/index.php\/wp-json\/wp\/v2\/comments?post=2382"}],"wp:featuredmedia":[{"embeddable":true,"href":"https:\/\/ecophone.benito.website\/index.php\/wp-json\/wp\/v2\/media\/2851"}],"wp:attachment":[{"href":"https:\/\/ecophone.benito.website\/index.php\/wp-json\/wp\/v2\/media?parent=2382"}],"wp:term":[{"taxonomy":"product_cat","embeddable":true,"href":"https:\/\/ecophone.benito.website\/index.php\/wp-json\/wp\/v2\/product_cat?post=2382"},{"taxonomy":"product_tag","embeddable":true,"href":"https:\/\/ecophone.benito.website\/index.php\/wp-json\/wp\/v2\/product_tag?post=2382"}],"curies":[{"name":"wp","href":"https:\/\/api.w.org\/{rel}","templated":true}]}}