{"id":2384,"date":"2019-03-09T13:28:51","date_gmt":"2019-03-09T13:28:51","guid":{"rendered":"https:\/\/ecophone.fr\/index.php\/product\/coque-pour-tout-iphone\/"},"modified":"2021-11-16T17:30:35","modified_gmt":"2021-11-16T17:30:35","slug":"coque-pour-tout-iphone","status":"publish","type":"product","link":"https:\/\/ecophone.benito.website\/index.php\/product\/coque-pour-tout-iphone\/","title":{"rendered":"Coque pour tout iPhone"},"content":{"rendered":"<p><!--PA4_Description_Begin--><\/p>\n<h3>Caract\u00e9ristiques :<\/h3>\n<ul>\n<li>Bonne qualit\u00e9<\/li>\n<li>Cette coque prot\u00e8ge l&#8217;arri\u00e8re de votre iPhone ainsi que ses c\u00f4t\u00e9s contre les empreintes de doigts, les griffes, la poussi\u00e8re, les collisions et les abrasions.<\/li>\n<li>Cette coque \u00e9pouse parfaitement la forme de votre iPhone.<\/li>\n<li>Acc\u00e8s facile \u00e0 tous les boutons et tous les ports sans devoir enlever la coque.<\/li>\n<li>Facile \u00e0 utiliser, l\u00e9ger et \u00e9l\u00e9gant.<\/li>\n<li>Mat\u00e9riel : TPU<\/li>\n<\/ul>\n","protected":false},"excerpt":{"rendered":"<p>Caract\u00e9ristiques : Bonne qualit\u00e9 Cette coque prot\u00e8ge l&#8217;arri\u00e8re de votre iPhone ainsi que ses c\u00f4t\u00e9s contre les empreintes de doigts,\u2026<\/p>\n","protected":false},"featured_media":2850,"comment_status":"open","ping_status":"closed","template":"","meta":{"spay_email":""},"product_cat":[15],"product_tag":[],"class_list":["post-2384","product","type-product","status-publish","has-post-thumbnail","hentry","product_cat-uncategorized"],"_links":{"self":[{"href":"https:\/\/ecophone.benito.website\/index.php\/wp-json\/wp\/v2\/product\/2384","targetHints":{"allow":["GET"]}}],"collection":[{"href":"https:\/\/ecophone.benito.website\/index.php\/wp-json\/wp\/v2\/product"}],"about":[{"href":"https:\/\/ecophone.benito.website\/index.php\/wp-json\/wp\/v2\/types\/product"}],"replies":[{"embeddable":true,"href":"https:\/\/ecophone.benito.website\/index.php\/wp-json\/wp\/v2\/comments?post=2384"}],"wp:featuredmedia":[{"embeddable":true,"href":"https:\/\/ecophone.benito.website\/index.php\/wp-json\/wp\/v2\/media\/2850"}],"wp:attachment":[{"href":"https:\/\/ecophone.benito.website\/index.php\/wp-json\/wp\/v2\/media?parent=2384"}],"wp:term":[{"taxonomy":"product_cat","embeddable":true,"href":"https:\/\/ecophone.benito.website\/index.php\/wp-json\/wp\/v2\/product_cat?post=2384"},{"taxonomy":"product_tag","embeddable":true,"href":"https:\/\/ecophone.benito.website\/index.php\/wp-json\/wp\/v2\/product_tag?post=2384"}],"curies":[{"name":"wp","href":"https:\/\/api.w.org\/{rel}","templated":true}]}}