{"id":2406,"date":"2019-03-09T13:44:28","date_gmt":"2019-03-09T13:44:28","guid":{"rendered":"https:\/\/ecophone.fr\/index.php\/product\/ecran-en-verre-trempe-pour-tout-iphone-lot-de-3\/"},"modified":"2021-11-16T17:30:07","modified_gmt":"2021-11-16T17:30:07","slug":"verre-trempe","status":"publish","type":"product","link":"https:\/\/ecophone.benito.website\/index.php\/product\/verre-trempe\/","title":{"rendered":"Ecran en verre tremp\u00e9 pour tout iPhone (lot de 3)"},"content":{"rendered":"<h3><b><span style=\"color: #ff0010; font-size: x-large;\">*** Lot de 3! ***<\/span><\/b><\/h3>\n<p><b>Caract\u00e9ristiques:<\/b><\/p>\n<p>Cet article prot\u00e8ge votre \u00e9cran LCD contre les dommages et les rayures avec un verre sp\u00e9cialement trait\u00e9 et renforc\u00e9 pour augmenter l&#8217;absorption des chocs. La surface est transparente et la face arri\u00e8re est recouverte d&#8217;un adh\u00e9sif silicone pour une installation facile. Lorsqu&#8217;il est install\u00e9, il n&#8217;y a aucun espace entre l&#8217;\u00e9cran LCD et le protecteur, ce qui signifie que la sensibilit\u00e9 de l&#8217;\u00e9cran tactile n&#8217;est pas affect\u00e9e.<\/p>\n<p><em><strong>Transparence totale:<\/strong><\/em> Le protecteur a une \u00e9paisseur de 0,4 mm et est fabriqu\u00e9 en verre tremp\u00e9 transparent trait\u00e9.<br \/>\nDuret\u00e9 de surface: 8 ~ 9H: La surface du protecteur a une duret\u00e9 de 8-9H, trois fois plus forte que le film PET ordinaire. M\u00eame les objets tels que les couteaux et les cl\u00e9s ne rayent pas le protecteur.<br \/>\nRev\u00eatement ol\u00e9ophobe: Le protecteur a un rev\u00eatement ol\u00e9ophobe qui emp\u00eache les empreintes digitales et autres contaminants et rend le film facile \u00e0 nettoyer.<\/p>\n<h3><em><strong>Toucher d\u00e9licat:<\/strong><\/em> Le protecteur est enduit sur le dos d&#8217;un adh\u00e9sif de silicone fort qui facilite l&#8217;installation et attache le film fermement afin de ne pas affecter la sensibilit\u00e9 de l&#8217;\u00e9cran tactile.<br \/>\nFilm anti-\u00e9clatement: Si cass\u00e9, le protecteur se brise en petits morceaux qui ne sont pas tranchants, le rendant plus s\u00fbr que d&#8217;autres produits en verre.<br \/>\n<b><br \/>\n<\/b><b>Contenu du paquet :<\/b><\/h3>\n<p>3 protecteurs d&#8217;\u00e9cran en verre tremp\u00e9<\/p>\n<p><span style=\"font-family: Arial;\">\u00a0<\/span><\/p>\n","protected":false},"excerpt":{"rendered":"<p>*** Lot de 3! *** Caract\u00e9ristiques: Cet article prot\u00e8ge votre \u00e9cran LCD contre les dommages et les rayures avec un\u2026<\/p>\n","protected":false},"featured_media":2849,"comment_status":"open","ping_status":"closed","template":"","meta":{"spay_email":""},"product_cat":[15],"product_tag":[],"class_list":["post-2406","product","type-product","status-publish","has-post-thumbnail","hentry","product_cat-uncategorized"],"_links":{"self":[{"href":"https:\/\/ecophone.benito.website\/index.php\/wp-json\/wp\/v2\/product\/2406","targetHints":{"allow":["GET"]}}],"collection":[{"href":"https:\/\/ecophone.benito.website\/index.php\/wp-json\/wp\/v2\/product"}],"about":[{"href":"https:\/\/ecophone.benito.website\/index.php\/wp-json\/wp\/v2\/types\/product"}],"replies":[{"embeddable":true,"href":"https:\/\/ecophone.benito.website\/index.php\/wp-json\/wp\/v2\/comments?post=2406"}],"wp:featuredmedia":[{"embeddable":true,"href":"https:\/\/ecophone.benito.website\/index.php\/wp-json\/wp\/v2\/media\/2849"}],"wp:attachment":[{"href":"https:\/\/ecophone.benito.website\/index.php\/wp-json\/wp\/v2\/media?parent=2406"}],"wp:term":[{"taxonomy":"product_cat","embeddable":true,"href":"https:\/\/ecophone.benito.website\/index.php\/wp-json\/wp\/v2\/product_cat?post=2406"},{"taxonomy":"product_tag","embeddable":true,"href":"https:\/\/ecophone.benito.website\/index.php\/wp-json\/wp\/v2\/product_tag?post=2406"}],"curies":[{"name":"wp","href":"https:\/\/api.w.org\/{rel}","templated":true}]}}