{"id":2574,"date":"2019-04-08T12:47:14","date_gmt":"2019-04-08T12:47:14","guid":{"rendered":"https:\/\/ecophone.fr\/index.php\/product\/iphone-5s-1-an-de-garantie\/"},"modified":"2026-04-15T08:44:53","modified_gmt":"2026-04-15T08:44:53","slug":"iphone-5s","status":"publish","type":"product","link":"https:\/\/ecophone.benito.website\/index.php\/product\/iphone-5s\/","title":{"rendered":"iPhone 5s &#8211; 1 an de garantie"},"content":{"rendered":"<p><!--Logo Link--><\/p>\n<p><!--Top Promo \/Font-Awosem\/Edit Text or Icon--><!--Header End--><\/p>\n<p><!--Logo Link--><\/p>\n<p><!--Top Promo \/Font-Awosem\/Edit Text or Icon--><!--Header End--><\/p>\n<h3>Votre impact sur l&#8217;environnement : Vous \u00e9vitez une \u00e9mission de 95kg de CO2 en achetant un iPhone 5s reconditionn\u00e9<\/h3>\n<h3>Contenu du coffret :<\/h3>\n<ul>\n<li>iPhone<\/li>\n<li>C\u00e2ble Lightning vers USB (1M)<\/li>\n<li>Nous n&#8217;incluons pas les EarPods ainsi que l&#8217;adaptateur secteur afin d&#8217;\u00e9viter les d\u00e9chets inutiles. En effet, nous avons remarqu\u00e9 que beaucoup d&#8217;entre vous en poss\u00e8de d\u00e9j\u00e0. Si vous en avez r\u00e9ellement besoin, vous pouvez les inclure \u00e0 votre commande.<\/li>\n<\/ul>\n<h3>Grades :<\/h3>\n<ul>\n<li><strong>Parfait :\u00a0<\/strong>Ces t\u00e9l\u00e9phones ont \u00e9t\u00e9 enti\u00e8rement remis \u00e0 neuf par Apple et sont en excellent \u00e9tat de fonctionnement. Ils seront en parfait \u00e9tat cosm\u00e9tique et seront neufs! Ils ont \u00e9t\u00e9 enti\u00e8rement inspect\u00e9s, nettoy\u00e9s chirurgicalement et rigoureusement test\u00e9s dans le cadre de notre programme de contr\u00f4le de la qualit\u00e9 pour garantir leur excellent \u00e9tat de fonctionnement. Pour votre tranquillit\u00e9 d\u2019esprit, ils b\u00e9n\u00e9ficient de notre garantie compl\u00e8te de 12 mois. Si vous recherchez un t\u00e9l\u00e9phone qui ressemble \u00e0 un neuf sans le prix d\u2019un nouveau, ce t\u00e9l\u00e9phone est parfait pour vous!<\/li>\n<li><strong>Comme neuf :<\/strong>\u00a0Ces iPhone ont \u00e9t\u00e9 remis \u00e0 neuf par notre \u00e9quipe qualifi\u00e9e et sont en parfait \u00e9tat de fonctionnement. Ils seront en tr\u00e8s bon \u00e9tat esth\u00e9tique et comme neuf. Ils ont \u00e9t\u00e9 enti\u00e8rement inspect\u00e9s, nettoy\u00e9s chirurgicalement et rigoureusement test\u00e9s dans le cadre de notre programme de contr\u00f4le de la qualit\u00e9 pour garantir leur excellent \u00e9tat de fonctionnement. Pour votre tranquillit\u00e9 d\u2019esprit, ils b\u00e9n\u00e9ficient de notre garantie compl\u00e8te de 12 mois. Si vous recherchez un t\u00e9l\u00e9phone comme neuf mais sans le prix du neuf, cet appareil est fait pour vous!<\/li>\n<li><strong>Bon \u00e9tat :<\/strong>\u00a0Ces t\u00e9l\u00e9phones sont de qualit\u00e9, test\u00e9s et en parfait \u00e9tat de fonctionnement. Ces appareils peuvent \u00eatre un peu plus \u00e2g\u00e9 mais en tr\u00e8s bon \u00e9tat tant bien esth\u00e9tique que de fonctionnement. Ces t\u00e9l\u00e9phones peuvent avoir eu leur \u00e9cran, leur batterie ou tout autre composant remplac\u00e9 par un composant original. Ils ont \u00e9t\u00e9 enti\u00e8rement inspect\u00e9s, nettoy\u00e9s chirurgicalement et rigoureusement test\u00e9s dans le cadre de notre programme de contr\u00f4le de la qualit\u00e9 pour garantir leur excellent \u00e9tat de fonctionnement. Pour votre tranquillit\u00e9 d\u2019esprit, ils b\u00e9n\u00e9ficient de notre garantie compl\u00e8te de 12 mois. Nous pensons que c\u2019est le meilleur rapport qualit\u00e9-prix que vous pouvez trouver pour un t\u00e9l\u00e9phone !<\/li>\n<li><strong>Grade C :<\/strong>\u00a0Ces iPhone ont \u00e9t\u00e9 test\u00e9s et sont excellent \u00e9tat de fonctionnement. Pour leur \u00e2ge, ils ont \u00e9t\u00e9 bien utilis\u00e9s et montreront donc des signes d\u2019usure. Cela inclut, sans toutefois s\u2019y limiter, des rayures, coups et \u00e9raflures. Ils ont \u00e9t\u00e9 enti\u00e8rement inspect\u00e9s, minutieusement v\u00e9rifi\u00e9s et test\u00e9s pour garantir une utilisation sans probl\u00e8me. L\u2019usure est purement cosm\u00e9tique, elle n\u2019a aucune incidence sur l\u2019usage ! La plupart des appareils passent la plupart de leur vie avec un prot\u00e8ge \u00e9cran et une coque ! Ces traces d\u2019usures ne seront donc pas visible dans ces cas l\u00e0 ! Rejoignez des milliers de clients satisfaits en achetant un iPhone de notre gamme la plus vendue et r\u00e9alisez ainsi une sacr\u00e9e \u00e9conomie !<\/li>\n<\/ul>\n<div class=\"List_3faHu\">\n<h3 class=\"a-title h5\">D\u00e9tails techniques :<\/h3>\n<ul>\n<li><a href=\"https:\/\/ecophone.fr\/index.php\/pages\/garantie\/\"><strong>Garantie 1 an<\/strong><\/a><\/li>\n<li><strong>V\u00e9rouillage op\u00e9rateur :<\/strong>\u00a0D\u00e9bloqu\u00e9 tout op\u00e9rateur<\/li>\n<li><strong>Taille \u00e9cran (pouces) :<\/strong>\u00a04<\/li>\n<li><strong>Capacit\u00e9 de stockage (Go) :<\/strong>\u00a016 &#8211; 32 &#8211; 64<\/li>\n<li><strong>M\u00e9moire (Go) :<\/strong>\u00a01<\/li>\n<li><strong>Mod\u00e8le :<\/strong>\u00a0iPhone 5S<\/li>\n<li><strong>Vitesse du processeur (GHz) :<\/strong>\u00a01.3<\/li>\n<li><strong>Marque du processeur :<\/strong>\u00a0Apple<\/li>\n<li><strong>Type du processeur :<\/strong>\u00a0Apple A7<\/li>\n<li><strong>Megapixels :<\/strong>\u00a08<\/li>\n<li><strong>Syst\u00e8me d&#8217;exploitation :<\/strong>\u00a0iOS<\/li>\n<li><strong>R\u00e9solution :<\/strong>\u00a0640 x 1136<\/li>\n<li><strong>Contraste :<\/strong>\u00a01219:1<\/li>\n<li><strong>Type d&#8217;\u00e9cran :<\/strong>\u00a0LED<\/li>\n<li><strong>R\u00e9seau :<\/strong>\u00a04G<\/li>\n<li><strong>Nombre de coeurs :<\/strong>\u00a02<\/li>\n<li><strong>Connecteur :<\/strong>\u00a0WIFI &#8211; Bluetooth<\/li>\n<li><strong>Date de sortie :<\/strong>\u00a0Septembre 2013<\/li>\n<li><strong>Double Sim :<\/strong>\u00a0Non<\/li>\n<li><strong>Marque :<\/strong>\u00a0Apple<\/li>\n<li><strong>Largeur (cm) :<\/strong>\u00a05,86<\/li>\n<li><strong>Profondeur (cm) :<\/strong>\u00a00,76<\/li>\n<li><strong>Poids (g) :<\/strong>\u00a0112<\/li>\n<li><strong>Hauteur (cm) :<\/strong>\u00a012,38<\/li>\n<\/ul>\n<\/div>\n<div class=\"Description_2qNTO\">\n<div>\n<div><strong>Apple iPhone<\/strong><\/div>\n<div><\/div>\n<div>En 2013, la firme de Cupertino sortait son iPhone 5s. Reprenant le m\u00eame design premium de son pr\u00e9d\u00e9cesseur l\u2019iPhone 5 avec une robe de verre et d\u2019aluminium, celui-ci garde \u00e9galement les m\u00eames dimensions. Son \u00e9paisseur de 7,6 mm fait de lui l\u2019un des t\u00e9l\u00e9phones les plus fins au monde garantissant ainsi un confort et une prise en main facile et agr\u00e9able. Ce qui distingue cet iPhone 5s pas cher, c\u2019est qu\u2019il dispose d\u2019une bague en m\u00e9tal entourant la touche physique pour la reconnaissance digitale gr\u00e2ce \u00e0 la fonctionnalit\u00e9 Touch ID. Celle-ci offre la possibilit\u00e9 aux utilisateurs de d\u00e9verrouiller leur Apple iPhone 5 s en appuyant sur le bouton avec leur pouce, mais \u00e9galement de r\u00e9gler leur achat sur iTunes et l\u2019App Store sans besoin d\u2019indiquer le mot de passe reli\u00e9 au compte Apple \u00e0 chaque fois. Hormis cette innovation, un iPhone 5 s pas cher est \u00e9galement dot\u00e9 d\u2019un double flash LED pour son appareil photo iSight f\/2.2 29 mm de 8 m\u00e9gapixels avec autofocus.<\/div>\n<div><\/div>\n<div>Ce dernier est dot\u00e9 d\u2019une d\u00e9tection automatique des visages, d\u2019un mode rafale, d\u2019une g\u00e9olocalisation, mais aussi d\u2019un proc\u00e9d\u00e9 bas\u00e9 sur de plus gros pixels pour une meilleure luminosit\u00e9 des photos sans oublier son filtre infrarouge. L\u2019iOS d\u2019Apple n\u2019a pas b\u00e9n\u00e9fici\u00e9 d\u2019une refonte majeure depuis 2007. Avec la version 7 de son syst\u00e8me d\u2019exploitation mobile, la firme de Cupertino offre une nouvelle interface aux utilisateurs d\u2019un iPhone 5s gris. Plus minimaliste et \u00e9pur\u00e9e, celle-ci est bas\u00e9e sur un graphisme design ultra moderne avec des effets de transparence et des ic\u00f4nes aux couleurs vives. L\u2019acc\u00e8s \u00e0 de nouvelles fonctionnalit\u00e9s a \u00e9galement \u00e9t\u00e9 travaill\u00e9.<\/div>\n<div><\/div>\n<div>Au niveau des performances, il faut savoir que l\u2019iPhone 5s neuf pas cher est le premier terminal dot\u00e9 d\u2019un c\u0153ur \u00e0 64 bits avec son processeur A7 dual core cadenc\u00e9 \u00e0 1,3 GHz. Du c\u00f4t\u00e9 de sa m\u00e9moire vive, celle-ci est de 1 Go. Si la concurrence exhibe de grands \u00e9crans en haute d\u00e9finition, Apple juge inutile d\u2019augmenter la d\u00e9finition de l\u2019\u00e9cran de son iPhone 5s. Le smartphone est alors dot\u00e9 d\u2019un \u00e9cran R\u00e9tina de 4 pouces, comme son pr\u00e9curseur, pour une r\u00e9solution de 1131 x 640 avec une densit\u00e9 de 326 ppp. Malgr\u00e9 un \u00e9cran non-HD pour cet iPhone 5s pas cher neuf, l\u2019affichage fait toujours profiter d\u2019une excellente lisibilit\u00e9, d\u2019une finesse plus qu\u2019appr\u00e9ciable au niveau des couleurs et d\u2019une luminosit\u00e9 optimale.<\/div>\n<div><\/div>\n<div>Bien que cet iPhone 5s 16 Go ne dispose pas d\u2019un slot microSD permettant une extension de la m\u00e9moire, les utilisateurs pourront toujours stocker leurs donn\u00e9es dans iCloud, le cloud d\u2019Apple, et y acc\u00e9der \u00e0 tout moment et n\u2019importe o\u00f9, du moment que le t\u00e9l\u00e9phone est connect\u00e9 \u00e0 internet. Acheter iPhone 5 s permet alors de b\u00e9n\u00e9ficier d\u2019un t\u00e9l\u00e9phone au design premium avec une configuration haut de gamme. L\u2019iPhone 5s gris sid\u00e9ral fait partie des meilleures de la marque \u00e0 la pomme. Cette version de l\u2019iPhone est \u00e9galement disponible dans d\u2019autres coloris : blanc argent\u00e9 ou dor\u00e9. Ce produit est fait pour vous si vous aimez les t\u00e9l\u00e9phones avec une taille d\u2019\u00e9cran raisonnable pouvant tenir dans une poche de pantalon, mais qui est \u00e0 la fois performant avec un design esth\u00e9tique.<\/div>\n<\/div>\n<div><\/div>\n<div>\n<div>Sans doute l&#8217;un des iPhones les plus perfectionn\u00e9s : sa <i>l\u00e9g\u00e8ret\u00e9<\/i>\u00a0et sa\u00a0<em>finesse<\/em>\u00a0en font un t\u00e9l\u00e9phone raffin\u00e9, au design\u00a0<strong>professionnel<\/strong>. Que r\u00eaver de mieux pour afficher son \u00e9l\u00e9gance?<\/div>\n<\/div>\n<\/div>\n","protected":false},"excerpt":{"rendered":"<p>Votre impact sur l&#8217;environnement : Vous \u00e9vitez une \u00e9mission de 95kg de CO2 en achetant un iPhone 5s reconditionn\u00e9 Contenu\u2026<\/p>\n","protected":false},"featured_media":2845,"comment_status":"open","ping_status":"closed","template":"","meta":{"spay_email":""},"product_cat":[88],"product_tag":[],"class_list":["post-2574","product","type-product","status-publish","has-post-thumbnail","hentry","product_cat-iphone5"],"_links":{"self":[{"href":"https:\/\/ecophone.benito.website\/index.php\/wp-json\/wp\/v2\/product\/2574","targetHints":{"allow":["GET"]}}],"collection":[{"href":"https:\/\/ecophone.benito.website\/index.php\/wp-json\/wp\/v2\/product"}],"about":[{"href":"https:\/\/ecophone.benito.website\/index.php\/wp-json\/wp\/v2\/types\/product"}],"replies":[{"embeddable":true,"href":"https:\/\/ecophone.benito.website\/index.php\/wp-json\/wp\/v2\/comments?post=2574"}],"wp:featuredmedia":[{"embeddable":true,"href":"https:\/\/ecophone.benito.website\/index.php\/wp-json\/wp\/v2\/media\/2845"}],"wp:attachment":[{"href":"https:\/\/ecophone.benito.website\/index.php\/wp-json\/wp\/v2\/media?parent=2574"}],"wp:term":[{"taxonomy":"product_cat","embeddable":true,"href":"https:\/\/ecophone.benito.website\/index.php\/wp-json\/wp\/v2\/product_cat?post=2574"},{"taxonomy":"product_tag","embeddable":true,"href":"https:\/\/ecophone.benito.website\/index.php\/wp-json\/wp\/v2\/product_tag?post=2574"}],"curies":[{"name":"wp","href":"https:\/\/api.w.org\/{rel}","templated":true}]}}