{"id":2606,"date":"2019-04-08T13:20:20","date_gmt":"2019-04-08T13:20:20","guid":{"rendered":"https:\/\/ecophone.fr\/index.php\/product\/iphone-7-1-an-de-garantie\/"},"modified":"2021-11-16T17:27:53","modified_gmt":"2021-11-16T17:27:53","slug":"iphone-7","status":"publish","type":"product","link":"https:\/\/ecophone.benito.website\/index.php\/product\/iphone-7\/","title":{"rendered":"iPhone 7 &#8211; 1 an de garantie"},"content":{"rendered":"<p><!--Logo Link--><\/p>\n<p><!--Top Promo \/Font-Awosem\/Edit Text or Icon--><!--Header End--><\/p>\n<h3>Votre impact sur l&#8217;environnement : Vous \u00e9vitez une \u00e9mission de 56kg de CO2 en achetant un iPhone 7 reconditionn\u00e9<\/h3>\n<h3>Contenu du coffret :<\/h3>\n<ul>\n<li>iPhone<\/li>\n<li>C\u00e2ble Lightning vers USB (1M)<\/li>\n<li>Nous n&#8217;incluons pas les EarPods ainsi que l&#8217;adaptateur secteur afin d&#8217;\u00e9viter les d\u00e9chets inutiles. En effet, nous avons remarqu\u00e9 que beaucoup d&#8217;entre vous en poss\u00e8de d\u00e9j\u00e0. Si vous en avez r\u00e9ellement besoin, vous pouvez les inclure \u00e0 votre commande.<\/li>\n<\/ul>\n<h3>Grades :<\/h3>\n<ul>\n<li><strong>Parfait :\u00a0<\/strong>Ces t\u00e9l\u00e9phones ont \u00e9t\u00e9 enti\u00e8rement remis \u00e0 neuf par Apple et sont en excellent \u00e9tat de fonctionnement. Ils seront en parfait \u00e9tat cosm\u00e9tique et seront neufs! Ils ont \u00e9t\u00e9 enti\u00e8rement inspect\u00e9s, nettoy\u00e9s chirurgicalement et rigoureusement test\u00e9s dans le cadre de notre programme de contr\u00f4le de la qualit\u00e9 pour garantir leur excellent \u00e9tat de fonctionnement. Pour votre tranquillit\u00e9 d\u2019esprit, ils b\u00e9n\u00e9ficient de notre garantie compl\u00e8te de 12 mois. Si vous recherchez un t\u00e9l\u00e9phone qui ressemble \u00e0 un neuf sans le prix d\u2019un nouveau, ce t\u00e9l\u00e9phone est parfait pour vous!<\/li>\n<li><strong>Comme neuf :<\/strong>\u00a0Ces iPhone ont \u00e9t\u00e9 remis \u00e0 neuf par notre \u00e9quipe qualifi\u00e9e et sont en parfait \u00e9tat de fonctionnement. Ils seront en tr\u00e8s bon \u00e9tat esth\u00e9tique et comme neuf. Ils ont \u00e9t\u00e9 enti\u00e8rement inspect\u00e9s, nettoy\u00e9s chirurgicalement et rigoureusement test\u00e9s dans le cadre de notre programme de contr\u00f4le de la qualit\u00e9 pour garantir leur excellent \u00e9tat de fonctionnement. Pour votre tranquillit\u00e9 d\u2019esprit, ils b\u00e9n\u00e9ficient de notre garantie compl\u00e8te de 12 mois. Si vous recherchez un t\u00e9l\u00e9phone comme neuf mais sans le prix du neuf, cet appareil est fait pour vous!<\/li>\n<li><strong>Bon \u00e9tat :<\/strong>\u00a0Ces t\u00e9l\u00e9phones sont de qualit\u00e9, test\u00e9s et en parfait \u00e9tat de fonctionnement. Ces appareils peuvent \u00eatre un peu plus \u00e2g\u00e9 mais en tr\u00e8s bon \u00e9tat tant bien esth\u00e9tique que de fonctionnement. Ces t\u00e9l\u00e9phones peuvent avoir eu leur \u00e9cran, leur batterie ou tout autre composant remplac\u00e9 par un composant original. Ils ont \u00e9t\u00e9 enti\u00e8rement inspect\u00e9s, nettoy\u00e9s chirurgicalement et rigoureusement test\u00e9s dans le cadre de notre programme de contr\u00f4le de la qualit\u00e9 pour garantir leur excellent \u00e9tat de fonctionnement. Pour votre tranquillit\u00e9 d\u2019esprit, ils b\u00e9n\u00e9ficient de notre garantie compl\u00e8te de 12 mois. Nous pensons que c\u2019est le meilleur rapport qualit\u00e9-prix que vous pouvez trouver pour un t\u00e9l\u00e9phone !<\/li>\n<li><strong>Grade C :<\/strong>\u00a0Ces iPhone ont \u00e9t\u00e9 test\u00e9s et sont excellent \u00e9tat de fonctionnement. Pour leur \u00e2ge, ils ont \u00e9t\u00e9 bien utilis\u00e9s et montreront donc des signes d\u2019usure. Cela inclut, sans toutefois s\u2019y limiter, des rayures, coups et \u00e9raflures. Ils ont \u00e9t\u00e9 enti\u00e8rement inspect\u00e9s, minutieusement v\u00e9rifi\u00e9s et test\u00e9s pour garantir une utilisation sans probl\u00e8me. L\u2019usure est purement cosm\u00e9tique, elle n\u2019a aucune incidence sur l\u2019usage ! La plupart des appareils passent la plupart de leur vie avec un prot\u00e8ge \u00e9cran et une coque ! Ces traces d\u2019usures ne seront donc pas visible dans ces cas l\u00e0 ! Rejoignez des milliers de clients satisfaits en achetant un iPhone de notre gamme la plus vendue et r\u00e9alisez ainsi une sacr\u00e9e \u00e9conomie !<\/li>\n<\/ul>\n<div class=\"List_3faHu\">\n<h3 class=\"a-title h5\">D\u00e9tails techniques :<\/h3>\n<ul>\n<li><a href=\"https:\/\/ecophone.fr\/index.php\/pages\/garantie\/\"><strong>Garantie 1 an<\/strong><\/a><\/li>\n<li><strong>V\u00e9rouillage op\u00e9rateur :<\/strong>\u00a0D\u00e9bloqu\u00e9 tout op\u00e9rateur<\/li>\n<li><strong>Taille \u00e9cran (pouces) :<\/strong>\u00a047<\/li>\n<li><strong>Capacit\u00e9 de stockage (Go) :<\/strong>\u00a032 &#8211; 128 &#8211; 256<\/li>\n<li><strong>M\u00e9moire (Go) :<\/strong>\u00a02<\/li>\n<li><strong>Mod\u00e8le :<\/strong>\u00a0iPhone 7<\/li>\n<li><strong>Date de sortie :<\/strong>\u00a0Septembre 2016<\/li>\n<li><strong>Vitesse du processeur (GHz) :<\/strong>\u00a02.34<\/li>\n<li><strong>Marque du processeur :<\/strong>\u00a0Apple<\/li>\n<li><strong>Type du processeur :<\/strong>\u00a0Apple A10 Fusion<\/li>\n<li><strong>Nombre de coeurs :<\/strong>\u00a04<\/li>\n<li><strong>Megapixels :<\/strong>\u00a012<\/li>\n<li><strong>Syst\u00e8me d&#8217;exploitation :<\/strong>\u00a0iOS<\/li>\n<li><strong>R\u00e9solution :<\/strong>\u00a0750 x 1334<\/li>\n<li><strong>Contraste :<\/strong>\u00a01400<\/li>\n<li><strong>Type d&#8217;\u00e9cran :<\/strong>\u00a0LCD Retina HD Multi-Touch<\/li>\n<li><strong>Connecteur :<\/strong>\u00a0Lightning<\/li>\n<li><strong>R\u00e9seau :<\/strong>\u00a04G<\/li>\n<li><strong>Double Sim :<\/strong>\u00a0Non<\/li>\n<li><strong>Marque :<\/strong>\u00a0Apple<\/li>\n<li><strong>Largeur (cm) :<\/strong>\u00a06,71<\/li>\n<li><strong>Profondeur (cm) :<\/strong>\u00a00,71<\/li>\n<li><strong>Poids (g) :<\/strong>\u00a0138<\/li>\n<li><strong>Hauteur (cm) :<\/strong>\u00a013,83<\/li>\n<\/ul>\n<\/div>\n<div class=\"Description_2qNTO\">\n<div>\n<div><\/div>\n<div><strong>iPhone 7<br \/>\n<\/strong><\/div>\n<div><\/div>\n<div>\n<p>Parmi les autres am\u00e9liorations pr\u00e9sentes sur l\u2019iPhone 7, il y a les deux haut-parleurs st\u00e9r\u00e9o int\u00e9gr\u00e9s et la surpuissante puce Apple A10 Fusion avec architecture 64 bits accompagn\u00e9 d\u2019un coprocesseur environnemental M10. Ce chipset se compose d\u2019un processeur dot\u00e9 de deux c\u0153urs \u00e0 haute efficacit\u00e9 \u00e9nerg\u00e9tique et de deux c\u0153urs \u00e0 haute performance, et d\u2019une puce graphique \u00e0 six c\u0153urs. En comparaison avec l\u2019Apple A8 de l\u2019iPhone 6, l\u2019Apple A10 offre une vitesse d\u2019ex\u00e9cution jusqu\u2019\u00e0 deux fois sup\u00e9rieure et consomme jusqu\u2019\u00e0 cinq fois moins d\u2019\u00e9nergie. Ainsi, la batterie au lithium-ion de 1735 mAh permet de lancer la lecture audio sans fil jusqu\u2019\u00e0 40 heures, de naviguer sur internet par Wi-Fi jusqu\u2019\u00e0 14 heures et rester en communication 3 G jusqu\u2019\u00e0 13 heures. Les utilisateurs peuvent \u00e9galement t\u00e9l\u00e9charger leurs contenus multim\u00e9dias pr\u00e9f\u00e9r\u00e9s beaucoup plus rapidement gr\u00e2ce \u00e0 la couverture r\u00e9seau 4G am\u00e9lior\u00e9 prenant en charge jusqu\u2019\u00e0 25 bandes de fr\u00e9quences LTE pour une vitesse de cat 9 \u00e0 450 Mo\/s.\u00a0<strong>Un iPhone 7 noir 32go propose aussi l\u2019un des meilleurs capteurs photo au monde<\/strong>sur smartphone. Il s\u2019agit d\u2019un capteur de 28 mm de 12 m\u00e9gapixels avec objectifs \u00e0 six \u00e9l\u00e9ments prot\u00e9g\u00e9 par du cristal de saphir, autofocus \u00e0 d\u00e9tection de phase, stabilisation de l\u2019image et Flash True Tone quadri-LED. Le capteur frontal de 7 m\u00e9gapixels permet de faire du FaceTime en Full HD 1080p \u00e0 30 images par seconde avec Photos et Live Photos \u00e0 large gamme de couleurs et HDR Automatique.<\/p>\n<\/div>\n<div>\n<p><strong>L\u2019iPhone 7 fait partie des smartphones les plus sophistiqu\u00e9s au monde<\/strong>. Faisant partie des derniers-n\u00e9s de la c\u00e9l\u00e8bre gamme iPhone de la marque \u00e0 la pomme, il est dot\u00e9 d\u2019une coque unibody en aluminium, d\u2019un chipset ultraperformant, d\u2019un capteur photographique des plus puissants et de nombreuses autres innovations.<\/p>\n<p><strong>Un iPhone 7 noir 32 go dispose de deux haut-parleurs st\u00e9r\u00e9o int\u00e9gr\u00e9s<\/strong>, d\u2019un \u00e9cran \u00e0 large gamme de couleurs, d\u2019un bouton Home \u00e0 semi-conducteurs tr\u00e8s \u00e9labor\u00e9 dot\u00e9 d\u2019un capteur biom\u00e9trique, etc.<br \/>\nAux premiers abords, il est possible de confondre l\u2019iPhone 7 de 11\u00e8me g\u00e9n\u00e9ration avec l\u2019iPhone 6s de 9\u00e8me g\u00e9n\u00e9ration \u00e9tant donn\u00e9 qu\u2019ils sont un peu similaires avec leurs dimensions identiques et leur aspect pouvant pr\u00eater \u00e0 confusion. Mais lorsqu\u2019on le prend en main, les diff\u00e9rences deviennent plus flagrantes. Au niveau de son \u00e9cran, celui-ci est identique \u00e0 l\u2019\u00e9cran de l\u2019iPhone 6s \u00e0 quelques am\u00e9liorations pr\u00e8s. En effet, les d\u00e9veloppeurs d\u2019Apple ont redoubl\u00e9 d\u2019effort pour offrir un nouvel \u00e9cran aux utilisateurs. Il s\u2019agit d\u2019un \u00e9cran panoramique Retina HD \u00e0 r\u00e9tro\u00e9clair\u00e9 LED de 4,7 pouces \u00e0 large gamme de couleurs et dot\u00e9 des technologies Zoom, IPS et 3D Touch pour un acc\u00e8s simplifi\u00e9 aux fonctionnalit\u00e9s et une utilisation plus ergonomique du smartphone. Depuis l\u2019iPhone 5s, sorti en 2013, la firme de Cupertino a \u00e9quip\u00e9 son smartphone d\u2019un capteur biom\u00e9trique. Pour un iPhone 7 noir 32 go, il s\u2019agit d\u2019un bouton \u00e0 semi-conducteurs tr\u00e8s avanc\u00e9 ayant \u00e9t\u00e9 con\u00e7u pour \u00eatre \u00e0 la fois r\u00e9actif, r\u00e9sistant et sensible \u00e0 la pression. Celui-ci fonctionne avec le moteur Taptic Engine permettant d\u2019offrir un retour tactile des plus pr\u00e9cis. Gr\u00e2ce au capteur de reconnaissance d\u2019empreintes digitales des plus sophistiqu\u00e9s Touch ID, les utilisateurs pourront facilement d\u00e9verrouiller leur smartphone et effectuer des achats s\u00e9curis\u00e9s via Apple Pay, que ce soit en magasin, sur le web ou dans les stores: iTunes, App Store et iBooks.<br \/>\nCe produit est fait pour vous si vous souhaitez profiter d\u2019un smartphone de derni\u00e8re g\u00e9n\u00e9ration dot\u00e9 d\u2019un design \u00e9pur\u00e9 et raffin\u00e9, et pouvant faire tourner toutes les applications et les jeux vid\u00e9o HD \u00e0 pleine puissance pendant des heures avec une fluidit\u00e9 impressionnante et un rendu graphique \u00e9blouissant.<\/p>\n<\/div>\n<\/div>\n<\/div>\n","protected":false},"excerpt":{"rendered":"<p>Votre impact sur l&#8217;environnement : Vous \u00e9vitez une \u00e9mission de 56kg de CO2 en achetant un iPhone 7 reconditionn\u00e9 Contenu\u2026<\/p>\n","protected":false},"featured_media":2839,"comment_status":"open","ping_status":"closed","template":"","meta":{"spay_email":""},"product_cat":[90],"product_tag":[],"class_list":["post-2606","product","type-product","status-publish","has-post-thumbnail","hentry","product_cat-iphone7"],"_links":{"self":[{"href":"https:\/\/ecophone.benito.website\/index.php\/wp-json\/wp\/v2\/product\/2606","targetHints":{"allow":["GET"]}}],"collection":[{"href":"https:\/\/ecophone.benito.website\/index.php\/wp-json\/wp\/v2\/product"}],"about":[{"href":"https:\/\/ecophone.benito.website\/index.php\/wp-json\/wp\/v2\/types\/product"}],"replies":[{"embeddable":true,"href":"https:\/\/ecophone.benito.website\/index.php\/wp-json\/wp\/v2\/comments?post=2606"}],"wp:featuredmedia":[{"embeddable":true,"href":"https:\/\/ecophone.benito.website\/index.php\/wp-json\/wp\/v2\/media\/2839"}],"wp:attachment":[{"href":"https:\/\/ecophone.benito.website\/index.php\/wp-json\/wp\/v2\/media?parent=2606"}],"wp:term":[{"taxonomy":"product_cat","embeddable":true,"href":"https:\/\/ecophone.benito.website\/index.php\/wp-json\/wp\/v2\/product_cat?post=2606"},{"taxonomy":"product_tag","embeddable":true,"href":"https:\/\/ecophone.benito.website\/index.php\/wp-json\/wp\/v2\/product_tag?post=2606"}],"curies":[{"name":"wp","href":"https:\/\/api.w.org\/{rel}","templated":true}]}}