{"id":2681,"date":"2019-04-08T15:55:58","date_gmt":"2019-04-08T15:55:58","guid":{"rendered":"https:\/\/ecophone.fr\/index.php\/product\/iphone-8-plus-1-an-de-garantie\/"},"modified":"2021-11-16T17:26:07","modified_gmt":"2021-11-16T17:26:07","slug":"iphone-8-plus","status":"publish","type":"product","link":"https:\/\/ecophone.benito.website\/index.php\/product\/iphone-8-plus\/","title":{"rendered":"iPhone 8 Plus &#8211; 1 an de garantie"},"content":{"rendered":"<p><!--Logo Link--><\/p>\n<p><!--Top Promo \/Font-Awosem\/Edit Text or Icon--><!--Header End--><\/p>\n<div class=\"List_3faHu\">\n<h3>Votre impact sur l&#8217;environnement : Vous \u00e9vitez une \u00e9mission de 68kg de CO2 en achetant un iPhone 8 Plus reconditionn\u00e9<\/h3>\n<h3>Contenu du coffret :<\/h3>\n<ul>\n<li>iPhone<\/li>\n<li>C\u00e2ble Lightning vers USB (1M)<\/li>\n<li>Nous n&#8217;incluons pas les EarPods ainsi que l&#8217;adaptateur secteur afin d&#8217;\u00e9viter les d\u00e9chets inutiles. En effet, nous avons remarqu\u00e9 que beaucoup d&#8217;entre vous en poss\u00e8de d\u00e9j\u00e0. Si vous en avez r\u00e9ellement besoin, vous pouvez les inclure \u00e0 votre commande.<\/li>\n<\/ul>\n<h3>Grades :<\/h3>\n<ul>\n<li><strong>Parfait :\u00a0<\/strong>Ces t\u00e9l\u00e9phones ont \u00e9t\u00e9 enti\u00e8rement remis \u00e0 neuf par Apple et sont en excellent \u00e9tat de fonctionnement. Ils seront en parfait \u00e9tat cosm\u00e9tique et seront neufs! Ils ont \u00e9t\u00e9 enti\u00e8rement inspect\u00e9s, nettoy\u00e9s chirurgicalement et rigoureusement test\u00e9s dans le cadre de notre programme de contr\u00f4le de la qualit\u00e9 pour garantir leur excellent \u00e9tat de fonctionnement. Pour votre tranquillit\u00e9 d\u2019esprit, ils b\u00e9n\u00e9ficient de notre garantie compl\u00e8te de 12 mois. Si vous recherchez un t\u00e9l\u00e9phone qui ressemble \u00e0 un neuf sans le prix d\u2019un nouveau, ce t\u00e9l\u00e9phone est parfait pour vous!<\/li>\n<li><strong>Comme neuf :<\/strong>\u00a0Ces iPhone ont \u00e9t\u00e9 remis \u00e0 neuf par notre \u00e9quipe qualifi\u00e9e et sont en parfait \u00e9tat de fonctionnement. Ils seront en tr\u00e8s bon \u00e9tat esth\u00e9tique et comme neuf. Ils ont \u00e9t\u00e9 enti\u00e8rement inspect\u00e9s, nettoy\u00e9s chirurgicalement et rigoureusement test\u00e9s dans le cadre de notre programme de contr\u00f4le de la qualit\u00e9 pour garantir leur excellent \u00e9tat de fonctionnement. Pour votre tranquillit\u00e9 d\u2019esprit, ils b\u00e9n\u00e9ficient de notre garantie compl\u00e8te de 12 mois. Si vous recherchez un t\u00e9l\u00e9phone comme neuf mais sans le prix du neuf, cet appareil est fait pour vous!<\/li>\n<li><strong>Bon \u00e9tat :<\/strong>\u00a0Ces t\u00e9l\u00e9phones sont de qualit\u00e9, test\u00e9s et en parfait \u00e9tat de fonctionnement. Ces appareils peuvent \u00eatre un peu plus \u00e2g\u00e9 mais en tr\u00e8s bon \u00e9tat tant bien esth\u00e9tique que de fonctionnement. Ces t\u00e9l\u00e9phones peuvent avoir eu leur \u00e9cran, leur batterie ou tout autre composant remplac\u00e9 par un composant original. Ils ont \u00e9t\u00e9 enti\u00e8rement inspect\u00e9s, nettoy\u00e9s chirurgicalement et rigoureusement test\u00e9s dans le cadre de notre programme de contr\u00f4le de la qualit\u00e9 pour garantir leur excellent \u00e9tat de fonctionnement. Pour votre tranquillit\u00e9 d\u2019esprit, ils b\u00e9n\u00e9ficient de notre garantie compl\u00e8te de 12 mois. Nous pensons que c\u2019est le meilleur rapport qualit\u00e9-prix que vous pouvez trouver pour un t\u00e9l\u00e9phone !<\/li>\n<li><strong>Grade C :<\/strong>\u00a0Ces iPhone ont \u00e9t\u00e9 test\u00e9s et sont excellent \u00e9tat de fonctionnement. Pour leur \u00e2ge, ils ont \u00e9t\u00e9 bien utilis\u00e9s et montreront donc des signes d\u2019usure. Cela inclut, sans toutefois s\u2019y limiter, des rayures, coups et \u00e9raflures. Ils ont \u00e9t\u00e9 enti\u00e8rement inspect\u00e9s, minutieusement v\u00e9rifi\u00e9s et test\u00e9s pour garantir une utilisation sans probl\u00e8me. L\u2019usure est purement cosm\u00e9tique, elle n\u2019a aucune incidence sur l\u2019usage ! La plupart des appareils passent la plupart de leur vie avec un prot\u00e8ge \u00e9cran et une coque ! Ces traces d\u2019usures ne seront donc pas visible dans ces cas l\u00e0 ! Rejoignez des milliers de clients satisfaits en achetant un iPhone de notre gamme la plus vendue et r\u00e9alisez ainsi une sacr\u00e9e \u00e9conomie !<\/li>\n<\/ul>\n<h3 class=\"a-title h5\">D\u00e9tails techniques :<\/h3>\n<ul>\n<li><a href=\"https:\/\/ecophone.fr\/index.php\/pages\/garantie\/\"><strong>Garantie 1 an<\/strong><\/a><\/li>\n<li><strong>V\u00e9rouillage op\u00e9rateur :<\/strong>\u00a0D\u00e9bloqu\u00e9 tout op\u00e9rateur<\/li>\n<li><strong>Taille \u00e9cran (pouces) :<\/strong>\u00a055<\/li>\n<li><strong>Capacit\u00e9 de stockage (Go) :<\/strong>\u00a064 &#8211; 256<\/li>\n<li><strong>Mod\u00e8le :<\/strong>\u00a0iPhone 8 Plus<\/li>\n<li><strong>Marque du processeur :<\/strong>\u00a0Apple<\/li>\n<li><strong>Type du processeur :<\/strong>\u00a0A11 Bionic<\/li>\n<li><strong>Megapixels :<\/strong>\u00a012<\/li>\n<li><strong>Syst\u00e8me d&#8217;exploitation :<\/strong>\u00a0iOS<\/li>\n<li><strong>R\u00e9solution :<\/strong>\u00a01080 x 1920<\/li>\n<li><strong>Date de sortie :<\/strong>\u00a0Septembre 2017<\/li>\n<li><strong>M\u00e9moire (Go) :<\/strong>\u00a03<\/li>\n<li><strong>Vitesse du processeur (GHz) :<\/strong>\u00a02.39<\/li>\n<li><strong>Nombre de coeurs :<\/strong>\u00a08<\/li>\n<li><strong>Connecteur :<\/strong>\u00a0USB 2.0<\/li>\n<li><strong>R\u00e9seau :<\/strong>\u00a04G<\/li>\n<li><strong>Double Sim :<\/strong>\u00a0Non<\/li>\n<li><strong>Marque :<\/strong>\u00a0Apple<\/li>\n<li><strong>Largeur (cm) :<\/strong>\u00a07,81<\/li>\n<li><strong>Profondeur (cm) :<\/strong>\u00a00,75<\/li>\n<li><strong>Poids (g) :<\/strong>\u00a0202<\/li>\n<li><strong>Hauteur (cm) :<\/strong>\u00a015,84<\/li>\n<\/ul>\n<\/div>\n<p>&nbsp;<\/p>\n<div class=\"Description_2qNTO\">\n<div>\n<div><strong><br \/>\niPhone 8 Plus<br \/>\n<\/strong><\/div>\n<div><\/div>\n<div>\n<p>Pour affirmer sa notori\u00e9t\u00e9 dans le domaine de la t\u00e9l\u00e9phonie mobile, le g\u00e9ant \u00e0 la pomme Apple a d\u00e9cid\u00e9 de lancer deux puissants mastodontes inaugurant la 11\u00e8me g\u00e9n\u00e9ration de son c\u00e9l\u00e8bre iPhone. L\u2019iPhone 8 et l\u2019<strong>iPhone 8 Plus<\/strong>\u00a0sont disponibles \u00e0 la vente depuis le 22 septembre 2017. Concernant le mod\u00e8le Plus, celui-ci est un v\u00e9ritable appareil technologique de derni\u00e8re g\u00e9n\u00e9ration avec technologie des plus perfectionn\u00e9s, que ce soit au niveau de l\u2019\u00e9cran ou de la carte m\u00e8re et de ses composants.<\/p>\n<p>L\u2019<strong>iPhone 8 Plus reconditionn\u00e9<\/strong>\u00a0est une phablette tactile. Au niveau de ses dimensions, l\u2019appareil fait 158,4 mm de long sur 78,1 mm de large avec une \u00e9paisseur de 7,5 mm pour un poids de 202 g. Dot\u00e9 d\u2019une coque monobloc dor\u00e9, ce mod\u00e8le est \u00e9quip\u00e9 d\u2019un \u00e9cran Retina HD LCD Multitouch panoramique de 5,5 pouces avec technologie IPS, 3D Touch, affichage True Tone avec large gamme de couleurs (P3), zoom de l\u2019\u00e9cran et rev\u00eatement ol\u00e9ophobe r\u00e9sistant aux traces de doigt. Celui-ci utilise une r\u00e9solution en Full HD de 1920 x 1080 pixels \u00e0 401 ppp avec des pixels \u00e0 double transistor pour des angles de vision \u00e9largis. Au niveau de ses autres caract\u00e9ristiques physiques, il y a le capteur d\u2019empreinte digitale Touch ID int\u00e9gr\u00e9 dans son bouton Home et deux haut-parleurs st\u00e9r\u00e9o situ\u00e9s de part et d\u2019autre de la prise Lightning.<\/p>\n<p>Du c\u00f4t\u00e9 des caract\u00e9ristiques techniques, l\u2019<strong>iPhone 8 Plus pas cher\u00a0<\/strong>est \u00e9quip\u00e9 d\u2019une puissante carte m\u00e8re avec chipset Apple A11 Bionic 64 Bits, syst\u00e8me neuronal et coprocesseur de mouvement M11 int\u00e9gr\u00e9. Ce SoC ultrapuissant se compose d\u2019un processeur \u00e0 6 c\u0153urs, dont 2 c\u0153urs \u00e0 haute performance Monsoon et 4 c\u0153urs \u00e0 haute efficacit\u00e9 \u00e9nerg\u00e9tique Mistral, avec cache L2 de 8 Mo et d\u2019une puce graphique Apple GPU \u00e0 trois c\u0153urs. La m\u00e9moire vive install\u00e9e est de 3 Go LPDDR4 tandis que la m\u00e9moire de stockage est de 64 Go. Pour faire tourner toute cette belle configuration, l\u2019appareil s\u2019appuie sur une batterie non amovible au lithium-ion d\u2019une capacit\u00e9 de 2675 mAh avec chargement sans fil et chargement rapide (jusqu\u2019\u00e0 50 % de charge en 30 minutes.<\/p>\n<p>Compatible avec le r\u00e9seau 4G LTE-A Cat9 450 Mb\/s, l\u2019<strong>iPhone 8 Plus reconditionn\u00e9<\/strong>\u00a064 Go Or utilise plusieurs\u00a0 connectivit\u00e9s sans fil : Bluetooth 5.0 Low Energy avec A2DP, Wi-Fi 802.11 a\/b\/g\/n\/ac bibande (2,4 + 5 GHz), GPS avec GALILEO, A-GPS, BDS et GLONASS et NFC pour Apple Pay uniquement (certifi\u00e9 AMEX, MasterCard et Visa). Pour ce qui est des senseurs ou capteurs environnementaux et de mouvement, ils sont nombreux : barom\u00e8tre, capteur de luminosit\u00e9 ambiante, d\u00e9tecteur de proximit\u00e9, gyroscope \u00e0 trois axes et acc\u00e9l\u00e9rom\u00e8tre. Et lorsqu\u2019on parle de photo et de vid\u00e9o, les principaux crit\u00e8res de choix pour la majorit\u00e9 des consommateurs, l\u2019<strong>iPhone 8 Plus pas cher<\/strong>\u00a0propose un appareil photo principal grand angle (f\/1.8) et t\u00e9l\u00e9objectif (f\/2.8) de 12 m\u00e9gapixels avec autofocus \u00e0 d\u00e9tection de phase, OIS et Flash True Tone quadri-LED avec synchro lente. Il propose plusieurs fonctionnalit\u00e9s : d\u00e9tection de visages et de sourires, HDR automatique, mode panoramique jusqu\u2019\u00e0 63 m\u00e9gapixels, enregistrement vid\u00e9o en Ultra HD 4K 2160p \u00e0 24\/30\/60 fps avec prise de vue simultan\u00e9e \u00e0 8 m\u00e9gapixels, etc. Sur la fa\u00e7ade avant de l\u2019appareil, une cam\u00e9ra FaceTime HD de 7 m\u00e9gapixels a \u00e9t\u00e9 install\u00e9e : ouverture f\/2.2, HDR, mode panorama, enregistrement vid\u00e9o en Full HD 1080p \u00e0 30 fps.<\/p>\n<p>Ce produit est fait pour vous si vous avez toujours voulu vous \u00e9quiper d\u2019un smartphone ultraperformant vous permettant de r\u00e9aliser de superbes vid\u00e9os en 4K, de jouer \u00e0 des jeux exclusifs en haute d\u00e9finition, de prendre de magnifiques selfies, etc.<\/p>\n<\/div>\n<\/div>\n<\/div>\n","protected":false},"excerpt":{"rendered":"<p>Votre impact sur l&#8217;environnement : Vous \u00e9vitez une \u00e9mission de 68kg de CO2 en achetant un iPhone 8 Plus reconditionn\u00e9\u2026<\/p>\n","protected":false},"featured_media":2836,"comment_status":"open","ping_status":"closed","template":"","meta":{"spay_email":""},"product_cat":[91],"product_tag":[],"class_list":["post-2681","product","type-product","status-publish","has-post-thumbnail","hentry","product_cat-iphone8"],"_links":{"self":[{"href":"https:\/\/ecophone.benito.website\/index.php\/wp-json\/wp\/v2\/product\/2681","targetHints":{"allow":["GET"]}}],"collection":[{"href":"https:\/\/ecophone.benito.website\/index.php\/wp-json\/wp\/v2\/product"}],"about":[{"href":"https:\/\/ecophone.benito.website\/index.php\/wp-json\/wp\/v2\/types\/product"}],"replies":[{"embeddable":true,"href":"https:\/\/ecophone.benito.website\/index.php\/wp-json\/wp\/v2\/comments?post=2681"}],"wp:featuredmedia":[{"embeddable":true,"href":"https:\/\/ecophone.benito.website\/index.php\/wp-json\/wp\/v2\/media\/2836"}],"wp:attachment":[{"href":"https:\/\/ecophone.benito.website\/index.php\/wp-json\/wp\/v2\/media?parent=2681"}],"wp:term":[{"taxonomy":"product_cat","embeddable":true,"href":"https:\/\/ecophone.benito.website\/index.php\/wp-json\/wp\/v2\/product_cat?post=2681"},{"taxonomy":"product_tag","embeddable":true,"href":"https:\/\/ecophone.benito.website\/index.php\/wp-json\/wp\/v2\/product_tag?post=2681"}],"curies":[{"name":"wp","href":"https:\/\/api.w.org\/{rel}","templated":true}]}}