{"id":2702,"date":"2019-04-08T16:17:40","date_gmt":"2019-04-08T16:17:40","guid":{"rendered":"https:\/\/ecophone.fr\/index.php\/product\/iphone-x-1-an-de-garantie\/"},"modified":"2021-11-16T17:21:03","modified_gmt":"2021-11-16T17:21:03","slug":"iphone-x","status":"publish","type":"product","link":"https:\/\/ecophone.benito.website\/index.php\/product\/iphone-x\/","title":{"rendered":"iPhone X &#8211; 1 an de garantie"},"content":{"rendered":"<p><!--Logo Link--><\/p>\n<p><!--Top Promo \/Font-Awosem\/Edit Text or Icon--><!--Header End--><\/p>\n<p><!--Logo Link--><\/p>\n<p><!--Top Promo \/Font-Awosem\/Edit Text or Icon--><!--Header End--><\/p>\n<h3>Votre impact sur l&#8217;environnement : Vous \u00e9vitez une \u00e9mission de 79kg de CO2 en achetant un iPhone X reconditionn\u00e9<\/h3>\n<h3>Contenu du coffret :<\/h3>\n<ul>\n<li>iPhone<\/li>\n<li>C\u00e2ble Lightning vers USB (1M)<\/li>\n<li>Nous n&#8217;incluons pas les EarPods ainsi que l&#8217;adaptateur secteur afin d&#8217;\u00e9viter les d\u00e9chets inutiles. En effet, nous avons remarqu\u00e9 que beaucoup d&#8217;entre vous en poss\u00e8de d\u00e9j\u00e0. Si vous en avez r\u00e9ellement besoin, vous pouvez les inclure \u00e0 votre commande.<\/li>\n<\/ul>\n<h3>Grades :<\/h3>\n<ul>\n<li><strong>Parfait :\u00a0<\/strong>Ces t\u00e9l\u00e9phones ont \u00e9t\u00e9 enti\u00e8rement remis \u00e0 neuf par Apple et sont en excellent \u00e9tat de fonctionnement. Ils seront en parfait \u00e9tat cosm\u00e9tique et seront neufs! Ils ont \u00e9t\u00e9 enti\u00e8rement inspect\u00e9s, nettoy\u00e9s chirurgicalement et rigoureusement test\u00e9s dans le cadre de notre programme de contr\u00f4le de la qualit\u00e9 pour garantir leur excellent \u00e9tat de fonctionnement. Pour votre tranquillit\u00e9 d\u2019esprit, ils b\u00e9n\u00e9ficient de notre garantie compl\u00e8te de 12 mois. Si vous recherchez un t\u00e9l\u00e9phone qui ressemble \u00e0 un neuf sans le prix d\u2019un nouveau, ce t\u00e9l\u00e9phone est parfait pour vous!<\/li>\n<li><strong>Comme neuf :<\/strong>\u00a0Ces iPhone ont \u00e9t\u00e9 remis \u00e0 neuf par notre \u00e9quipe qualifi\u00e9e et sont en parfait \u00e9tat de fonctionnement. Ils seront en tr\u00e8s bon \u00e9tat esth\u00e9tique et comme neuf. Ils ont \u00e9t\u00e9 enti\u00e8rement inspect\u00e9s, nettoy\u00e9s chirurgicalement et rigoureusement test\u00e9s dans le cadre de notre programme de contr\u00f4le de la qualit\u00e9 pour garantir leur excellent \u00e9tat de fonctionnement. Pour votre tranquillit\u00e9 d\u2019esprit, ils b\u00e9n\u00e9ficient de notre garantie compl\u00e8te de 12 mois. Si vous recherchez un t\u00e9l\u00e9phone comme neuf mais sans le prix du neuf, cet appareil est fait pour vous!<\/li>\n<li><strong>Bon \u00e9tat :<\/strong>\u00a0Ces t\u00e9l\u00e9phones sont de qualit\u00e9, test\u00e9s et en parfait \u00e9tat de fonctionnement. Ces appareils peuvent \u00eatre un peu plus \u00e2g\u00e9 mais en tr\u00e8s bon \u00e9tat tant bien esth\u00e9tique que de fonctionnement. Ces t\u00e9l\u00e9phones peuvent avoir eu leur \u00e9cran, leur batterie ou tout autre composant remplac\u00e9 par un composant original. Ils ont \u00e9t\u00e9 enti\u00e8rement inspect\u00e9s, nettoy\u00e9s chirurgicalement et rigoureusement test\u00e9s dans le cadre de notre programme de contr\u00f4le de la qualit\u00e9 pour garantir leur excellent \u00e9tat de fonctionnement. Pour votre tranquillit\u00e9 d\u2019esprit, ils b\u00e9n\u00e9ficient de notre garantie compl\u00e8te de 12 mois. Nous pensons que c\u2019est le meilleur rapport qualit\u00e9-prix que vous pouvez trouver pour un t\u00e9l\u00e9phone !<\/li>\n<li><strong>Grade C :<\/strong>\u00a0Ces iPhone ont \u00e9t\u00e9 test\u00e9s et sont excellent \u00e9tat de fonctionnement. Pour leur \u00e2ge, ils ont \u00e9t\u00e9 bien utilis\u00e9s et montreront donc des signes d\u2019usure. Cela inclut, sans toutefois s\u2019y limiter, des rayures, coups et \u00e9raflures. Ils ont \u00e9t\u00e9 enti\u00e8rement inspect\u00e9s, minutieusement v\u00e9rifi\u00e9s et test\u00e9s pour garantir une utilisation sans probl\u00e8me. L\u2019usure est purement cosm\u00e9tique, elle n\u2019a aucune incidence sur l\u2019usage ! La plupart des appareils passent la plupart de leur vie avec un prot\u00e8ge \u00e9cran et une coque ! Ces traces d\u2019usures ne seront donc pas visible dans ces cas l\u00e0 ! Rejoignez des milliers de clients satisfaits en achetant un iPhone de notre gamme la plus vendue et r\u00e9alisez ainsi une sacr\u00e9e \u00e9conomie !<\/li>\n<\/ul>\n<h3 class=\"a-title h5\">D\u00e9tails techniques :<\/h3>\n<ul>\n<li><a href=\"https:\/\/ecophone.fr\/index.php\/pages\/garantie\/\"><strong>Garantie 1 an<\/strong><\/a><\/li>\n<li><strong>V\u00e9rouillage op\u00e9rateur :<\/strong>\u00a0D\u00e9bloqu\u00e9 tout op\u00e9rateur<\/li>\n<li><strong>Taille \u00e9cran (pouces) :<\/strong>\u00a058<\/li>\n<li><strong>Capacit\u00e9 de stockage (Go) :<\/strong>\u00a064 &#8211; 256<\/li>\n<li><strong>Mod\u00e8le :<\/strong>\u00a0iPhone X<\/li>\n<li><strong>M\u00e9moire (Go) :<\/strong>\u00a03<\/li>\n<li><strong>Marque du processeur :<\/strong>\u00a0Apple<\/li>\n<li><strong>Type du processeur :<\/strong>\u00a0A11 Bionic<\/li>\n<li><strong>Nombre de coeurs :<\/strong>\u00a08<\/li>\n<li><strong>Megapixels :<\/strong>\u00a012<\/li>\n<li><strong>Syst\u00e8me d&#8217;exploitation :<\/strong>\u00a0iOS<\/li>\n<li><strong>R\u00e9solution :<\/strong>\u00a01125 x 2436<\/li>\n<li><strong>R\u00e9seau :<\/strong>\u00a04G<\/li>\n<li><strong>Date de sortie :<\/strong>\u00a0Novembre 2017<\/li>\n<li><strong>Double Sim :<\/strong>\u00a0Non<\/li>\n<li><strong>Vitesse du processeur (GHz) :<\/strong>\u00a02.39<\/li>\n<li><strong>Connecteur :<\/strong>\u00a0USB 2.0<\/li>\n<li><strong>Marque :<\/strong>\u00a0Apple<\/li>\n<li><strong>Largeur (cm) :<\/strong>\u00a07,09<\/li>\n<li><strong>Profondeur (cm) :<\/strong>\u00a00,77<\/li>\n<li><strong>Poids (g) :<\/strong>\u00a0174<\/li>\n<li><strong>Hauteur (cm) :<\/strong>\u00a014,36<\/li>\n<\/ul>\n<div><strong>iPhone X<br \/>\n<\/strong><\/div>\n<div>\n<p>L\u2019<strong>iPhone X<\/strong>\u00a0appartient \u00e0 la 11\u00e8me g\u00e9n\u00e9ration d\u2019iPhone de la firme de Cupertino. Comme les mod\u00e8les pr\u00e9c\u00e9dents, il s\u2019agit d\u2019un smartphone haut de gamme dot\u00e9 des derni\u00e8res technologies de la marque \u00e0 la pomme. Celui-ci se distingue de ses pr\u00e9d\u00e9cesseurs par son armature monobloc en aluminium inoxydable et ses rev\u00eatements en verre Ion-X ultrar\u00e9sistants \u00e0 l\u2019avant et \u00e0 l\u2019arri\u00e8re. L\u2019<strong>iPhone X reconditionn\u00e9<\/strong>\u00a0fait 143,6 mm de long sur 70,9 mm de large avec une \u00e9paisseur de 7,7 mm, ce qui fait de lui un appareil fin et l\u00e9ger offrant un excellent confort d\u2019utilisation.<\/p>\n<p>Pour son\u00a0<strong>iPhone X pas cher<\/strong>, Apple n\u2019a pas fait dans la demi-mesure et a mis en place de nombreuses innovations dans son smartphone ou plut\u00f4t phablette puisque l\u2019appareil est \u00e9quip\u00e9 d\u2019un magnifique grand \u00e9cran de 5,8 pouces. D\u2019ailleurs, la premi\u00e8re innovation notable sur l\u2019appareil est son \u00e9cran Super Retina HD HDR Multitouch OLED de 5,8 pouces avec Dolby Vision et 3D Touch proposant un affichage True Tone \u00e0 large gamme de couleurs (P3) avec une r\u00e9solution de 2436 x 1125 pixels \u00e0 458 ppp. L\u2019\u00e9cran est prot\u00e9g\u00e9 par un rev\u00eatement ol\u00e9ophobe r\u00e9sistant aux traces de doigts et un rev\u00eatement en verre Ion-X r\u00e9sistant aux rayures. Cet \u00e9cran iphone x reconditionn\u00e9 a pour particularit\u00e9 d\u2019occuper 98 % de la surface avant de l\u2019appareil, un \u00e9cran borderless donc, qui est une tendance des smartphones d\u2019aujourd\u2019hui. Et puisque cet \u00e9cran prend toute la place, le smartphone n\u2019est plus dot\u00e9 du bouton Home et la fonction Touch ID dont il a \u00e9t\u00e9 \u00e9quip\u00e9. Pour remplacer cette derni\u00e8re fonctionnalit\u00e9, la marque \u00e0 la pomme a install\u00e9 une toute nouvelle technologie sur l&#8217;iphone x prix, qui est Face ID permettant la reconnaissance faciale via la cam\u00e9ra TrueDepth situ\u00e9e \u00e0 l\u2019avant. Cette derni\u00e8re se pr\u00e9sente comme un APN de 7 m\u00e9gapixels avec diaphragme f\/2.2, Retina Flash, HDR automatique, mode portrait avec \u00e9clairage (b\u00eata) et capteur arri\u00e8re de luminosit\u00e9, qui propose plusieurs fonctionnalit\u00e9s : Photos et Live Photos \u00e0 large gamme de couleurs, d\u00e9tection de visages et de corps, stabilisation automatique de l\u2019image, mode retardateur\/rafale, r\u00e9glage de l\u2019exposition, enregistrement vid\u00e9o en Full HD 1080p \u00e0 30 fps, etc.<\/p>\n<p>Pour ce qui est de l\u2019appareil photo principal, il s\u2019agit d\u2019un APN Double 12 m\u00e9gapixels grand angle avec ouverture f\/1.8 et t\u00e9l\u00e9objectif avec ouverture f\/2.4 avec zoom optique x2, double stabilisation de l\u2019image, autofocus \u00e0 d\u00e9tection de phase et Flash True Tone quadri-LED avec synchro lente. l&#8217;iPhone X remis \u00e0 neuf est \u00e9quip\u00e9 de nombreuses fonctionnalit\u00e9s et param\u00e8tres : mise au point automatique\/par toucher avec Focus Pixels, protection de l\u2019objectif en cristal de saphir, HDR automatique, mode panoramique jusqu\u2019\u00e0 63 m\u00e9gapixels, zoom num\u00e9rique jusqu\u2019\u00e0 10x, enregistrement vid\u00e9o simultan\u00e9 en Ultra HD 4K 2160p \u00e0 24\/30\/60 fps avec prise de vue \u00e0 8 m\u00e9gapixels, etc. En voil\u00e0 un bel APN comme on les aime. Sinon, on aime \u00e9norm\u00e9ment le Chipset de l\u2019iPhone X reconditionn\u00e9, qui est un Apple A11 Bionic avec architecture 64 bits, syst\u00e8me neuronal et coprocesseur de mouvement M11 int\u00e9gr\u00e9. Ce SoC se compose d\u2019un processeur hexac\u0153ur, dont 2 c\u0153urs \u00e0 haute performance Monsoon et 4 c\u0153urs \u00e0 haute efficacit\u00e9 \u00e9nerg\u00e9tique Mistral, et d\u2019une puce graphique Apple GPU \u00e0 triple c\u0153ur graphique. Celui-ci travaille conjointement avec une m\u00e9moire vive de 3 Go LPDDR4 et d\u2019une m\u00e9moire de stockage de 256 Go, toujours non extensible comme le cas des pr\u00e9c\u00e9dents mod\u00e8les.<\/p>\n<p>Niveau connectivit\u00e9, l\u2019iPhone X argent utilise le Bluetooth 5.0 avec A2DP, le Wi-Fi 802.11 a\/b\/g\/n\/ac bibande (2,4 + 5 GHz), le NFC pour Apple Pay uniquement (certification AmericanExpress, Visa et MasterCard) et le GPS avec GLONASS, GALILEO, A-GPS et BDS. En mati\u00e8re de senseurs, l\u2019iPhone X 256 go est \u00e9quip\u00e9 du gyroscope \u00e0 trois axes, du d\u00e9tecteur de proximit\u00e9, de l\u2019acc\u00e9l\u00e9rom\u00e8tre, du capteur de luminosit\u00e9 ambiante et du barom\u00e8tre. Et pour finir, l\u2019appareil a \u00e9t\u00e9 dot\u00e9 d\u2019une batterie non amovible au lithium-ion d\u2019une capacit\u00e9 de 2716 mAh lui permettant de lire de la musique pendant 60 heures et de rester en conversation t\u00e9l\u00e9phonique pendant 21 heures en 3G, entre autres.<\/p>\n<p>Ce smartphone vous est destin\u00e9 si vous avez toujours voulu avoir un appareil haut de gamme de derni\u00e8re g\u00e9n\u00e9ration pouvant r\u00e9pondre \u00e0 toutes vos demandes : jeux HD exclusifs sans temps de latence, reconnaissance faciale, enregistrement vid\u00e9o en 4K, etc.<\/p>\n<\/div>\n","protected":false},"excerpt":{"rendered":"<p>Votre impact sur l&#8217;environnement : Vous \u00e9vitez une \u00e9mission de 79kg de CO2 en achetant un iPhone X reconditionn\u00e9 Contenu\u2026<\/p>\n","protected":false},"featured_media":2833,"comment_status":"open","ping_status":"closed","template":"","meta":{"spay_email":""},"product_cat":[92],"product_tag":[],"class_list":["post-2702","product","type-product","status-publish","has-post-thumbnail","hentry","product_cat-iphonex"],"_links":{"self":[{"href":"https:\/\/ecophone.benito.website\/index.php\/wp-json\/wp\/v2\/product\/2702","targetHints":{"allow":["GET"]}}],"collection":[{"href":"https:\/\/ecophone.benito.website\/index.php\/wp-json\/wp\/v2\/product"}],"about":[{"href":"https:\/\/ecophone.benito.website\/index.php\/wp-json\/wp\/v2\/types\/product"}],"replies":[{"embeddable":true,"href":"https:\/\/ecophone.benito.website\/index.php\/wp-json\/wp\/v2\/comments?post=2702"}],"wp:featuredmedia":[{"embeddable":true,"href":"https:\/\/ecophone.benito.website\/index.php\/wp-json\/wp\/v2\/media\/2833"}],"wp:attachment":[{"href":"https:\/\/ecophone.benito.website\/index.php\/wp-json\/wp\/v2\/media?parent=2702"}],"wp:term":[{"taxonomy":"product_cat","embeddable":true,"href":"https:\/\/ecophone.benito.website\/index.php\/wp-json\/wp\/v2\/product_cat?post=2702"},{"taxonomy":"product_tag","embeddable":true,"href":"https:\/\/ecophone.benito.website\/index.php\/wp-json\/wp\/v2\/product_tag?post=2702"}],"curies":[{"name":"wp","href":"https:\/\/api.w.org\/{rel}","templated":true}]}}